{"id":832,"date":"2024-12-02T13:45:58","date_gmt":"2024-12-02T13:45:58","guid":{"rendered":"http:\/\/pfi.agentur-reppa.de\/wordpress\/?page_id=832"},"modified":"2025-07-22T07:40:18","modified_gmt":"2025-07-22T07:40:18","slug":"agb-2","status":"publish","type":"page","link":"https:\/\/pfi-germany.de\/en\/agb-2\/","title":{"rendered":"T&amp;Cs"},"content":{"rendered":"<div style=\"height:100px\" aria-hidden=\"true\" class=\"wp-block-spacer\"><\/div>\n\n\n\n<div class=\"wp-block-group alignfull has-global-padding is-content-justification-center is-layout-constrained wp-block-group-is-layout-constrained\">\n<h2 class=\"wp-block-heading has-pfi-blue-color has-text-color has-link-color wp-elements-9dc866d74d947b8f67f15c27fc5eb046\">Allgemeine Gesch\u00e4ftsbedingungen<\/h2>\n\n\n\n<p>\u00a7 1 - General provisions<\/p>\n\n\n\n<p>The business relationships of Pr\u00fcf- und For-\nschungsinstitut Pirmasens e.V. (PFI) with its\nclient are governed by the terms stated in the\ncontract and below. Differing terms and con-\nditions of the client shall only become part of\nthe contract if they are acknowledged by PFI\nexpressly and in writing.<\/p>\n\n\n\n<p>\u00a7 2 - Job assigned<\/p>\n\n\n\n<ol class=\"wp-block-list\">\n<li>A contract is concluded by the acceptance\nof a corresponding order by PFI. The subject\nof the order as well as any ancillary agree-\nments must be specified in writing when the\norder is placed.<\/li>\n\n\n\n<li>Changes of the agreed scope of work re-\nquire the written form.<\/li>\n\n\n\n<li>The services owed are agreed exclusively\nwith PFI. Unless otherwise agreed in the spe-\ncific order, the client shall not transfer work\nresults to third parties. Third parties are not\nincluded in the scope of the contract. <\/li>\n<\/ol>\n\n\n\n<p>\u00a7 3 - Execution of the job assigned, de-\nfault, performance<\/p>\n\n\n\n<ol class=\"wp-block-list\">\n<li>The job assigned is executed based on\nthe respective state of the art as well as the\nscientific work and findings available to the\nPFI.<\/li>\n\n\n\n<li>The performance dates and deadlines\nstated in the contract are non-binding unless\nthey are expressly designated as binding in\nthe contract. The processing of orders shall\ntake place within the period of completion\nagreed in writing in the contract. The period\nfor delivery of the research result or expert\nopinion begins with the conclusion of the contract. If PFI requires information, in particular\ndocuments of the client or an advance payment in order to fulfill the job PFI shall not be\nresponsible for a delay due to late transmission of this information.<\/li>\n\n\n\n<li>If the deadline for handing in the result is\nexceeded, the client may rescind the contract\nonly in case of default of PFI or impossibility\nof performance at fault of PFI.<\/li>\n\n\n\n<li class=\"translation-block\">PFI only shall be in default if it is at fault\nfor the delay. In case of obstacles not at fault\nof PFI attributable to an event that occurred\nthrough no fault of PFI and results in the serious interruption of business, such as for example cases of force majeure, strike and lockout as well as other inevitable events, default\nshall not occur for the duration of the delay\nand the period of time necessary to resume\nthe work. If the completion of the job assigned\nbecomes impossible for PFI due to such obstacles, PFI shall be free from its contractual\nduties. The client shall not be entitled to a\nclaim for damages in this case, either.<\/li>\n\n\n\n<li>The completion of the job assigned occurs\nupon sending the written result of the job assigned (day of postmark) or upon actually\nmaking available the result. The letting of use\nof preliminary reports has no discharging effect and does not constitute a liability. <\/li>\n<\/ol>\n\n\n\n<p>\u00a7 4 - Storage of material<\/p>\n\n\n\n<ol class=\"wp-block-list\">\n<li>Examination and test materials are dis-\nposed of 10 weeks after completion of the job\nassigned - if technically possible - or otherwise\nutilised or returned to the client at the client`s\nexpense.<br>This does not apply to material that\nis stored by the PFI due to legal requirements\nor an agreement with the client.<\/li>\n\n\n\n<li class=\"translation-block\">The disposal of the examination and test\nmaterials as well as the takeover of the costs\noccurred in this respect is handled pursuant to\nthe provisions agreed in the contract. The disposal or storage is at client's expense.<\/li>\n\n\n\n<li>Test reports prepared within the framework of the job assigned are archived for a period of 10 years at PFI. A longer obligation to store may result due to national or international regulations.<\/li>\n\n\n\n<li>One copy of the written elaborations in\nGerman language is made available to the client. Further copies or translations are charged separately. <\/li>\n<\/ol>\n\n\n\n<p>\u00a7 5 - Duties of the client<\/p>\n\n\n\n<ol class=\"wp-block-list\">\n<li class=\"translation-block\">PFI charges a remuneration for its services depending on the time and material required for the handling of each job assigned. Personnel costs are settled pursuant to the actual time used. Irrespective of that, PFI reserves the right to charge on account for services rendered.<\/li>\n\n\n\n<li>The payment obligation of the client\ncomes into existence upon acceptance of the\njob assigned by PFI.<\/li>\n\n\n\n<li class=\"translation-block\">The client shall perform all acts necessary for the execution of the job assigned; in particular the client has to ensure that PFI receives all information and materials required for the execution of the job assigned free of charge and in good time. The client shall compensate PFI for any additional expenses incurred as a result of the client's late or insufficient cooperation.<\/li>\n\n\n\n<li class=\"translation-block\">PFI is to be informed of all circumstances which recognisably may be of importance for the execution of the job assigned in good time and without special request.<\/li>\n<\/ol>\n\n\n\n<p>\u00a7 6 - Contractor's duty to maintain secrecy<\/p>\n\n\n\n<ol class=\"wp-block-list\">\n<li>The parties shall keep all business secrets confidential, in particular those acquired\nin the course of cooperation.<\/li>\n\n\n\n<li class=\"translation-block\">Publications regarding results of the\ncooperation between PFI and the client shall\nbe agreed with the respective other party if this\nis required also taking into account the scientific interest of PFI and the public interest in order to achieve effective property rights. After taking the required steps for securing the necessary property rights, there is no longer an obstacle to publishing the work results, unless serious concerns are asserted by one of the contracting parties.<\/li>\n<\/ol>\n\n\n\n<p>\u00a7 7 - Terms of payment<\/p>\n\n\n\n<ol class=\"wp-block-list\">\n<li>Payments by the client are to be made\nstrictly net without deduction within 14 days after receipt of the invoice.<\/li>\n\n\n\n<li class=\"translation-block\">The client shall only be entitled to offsetting rights if its counterclaims are ascertained legally binding, uncontested or acknowledged by PFI. This limitation shall not apply insofar as claims and counterclaims of PFI and the client are concerned which are based on the same legal relationship. The same applies to\nthe assertion of rights of retention by the client.<\/li>\n<\/ol>\n\n\n\n<p>\u00a7 8 - Copyright protection<\/p>\n\n\n\n<ol class=\"wp-block-list\">\n<li>The copyrights to the documents created within the scope of the job assigned, in particular test reports, expert opinions, illustrations, etc., are held by PFI. As the owner of the copyrights, PFI is free to grant others the right to use the results of the services for individual or all types of use.<\/li>\n\n\n\n<li class=\"translation-block\">The client shall receive a simple, unlimited, non-transferable and non-sublicensable right of use to the contents of the documents created within the scope of the job, unless a deviating provision has been contractually agreed in individual cases. The content of this right of use is limited to the contractual purpose (e.g. use of test reports as evidence of a test performed).<\/li>\n\n\n\n<li>Any publication of the documents created\nby PFI for advertising purposes or their use beyond the contractually regulated scope requires the prior written consent of PFI.<\/li>\n<\/ol>\n\n\n\n<p>\u00a7 9 - Warranty<\/p>\n\n\n\n<ol class=\"wp-block-list\">\n<li>Der Auftragnehmer gew\u00e4hrleistet die Durchf\u00fchrung der Arbeiten gem\u00e4\u00df diesen allgemeinen Gesch\u00e4ftsbedingungen und, soweit es sich um ein Zertifizierungsverfahren handelt, gem\u00e4\u00df dem Rahmenvertrag, auf Basis der ihm<br>zug\u00e4nglichen wissenschaftlichen und technischen Erkenntnisse, anzuwendenden Normen, gesetzlichen und beh\u00f6rdlichen Regelungen. Offenbare Unrichtigkeiten im Arbeitsergebnis, wie z.B. Schreibfehler, Rechenfehler oder formelle M\u00e4ngel k\u00f6nnen vom PFI jederzeit berichtigt werden.<\/li>\n<\/ol>\n\n\n\n<p>\u00a7 10 - Liability<\/p>\n\n\n\n<ol class=\"wp-block-list\">\n<li class=\"translation-block\">The PFI shall not be liable for damages or\nreimbursement of expenses, irrespective of the\nlegal grounds \u2013 in particular due to defects,\nbreach of duties arising from the contractual obligation and tortious acts. This exclusion of liability does not apply in the case of intent or gross\nnegligence, liability within the scope of guarantees, liability according to the Product Liability Act as well as due to culpable injury to life, body or health. Furthermore, PFI shall be liable in accordance with the statutory provisions in the event of a breach of essential contractual obligations, i.e. such obligations the fulfilment of which is a prerequisite for the proper performance of the contract and the observance of which the client regularly relies on and may rely on. Apart from that, i.e. as far as the PFI is not liable due to intent or gross negligence, according to the product liability law, due to injury to life, body, health or for guarantees, the liability of the PFI in case of breach of essential contractual obligations is limited to the contract-typical and foreseeable damage.<\/li>\n\n\n\n<li>The above exclusions and limitations of liability shall also apply to the personal liability of organs, representatives and all other employees of PFI as well as its vicarious agents.<\/li>\n\n\n\n<li>Claims for damages and reimbursement of\nexpenses become time-barred according to the\nstatutory provisions.<\/li>\n\n\n\n<li class=\"translation-block\">If a third party incurs the damage, the client is obliged to indemnify PFI from and against all claims for damages unless the damage was caused by intentional or grossly negligent behaviour of PFI. The same shall apply if the client forwards the results of the job assigned and the third party incurs damage due to that.<\/li>\n<\/ol>\n\n\n\n<p>\u00a7 11 - Termination<\/p>\n\n\n\n<p>PFI may terminate the contract at any time for\nimportant reason. Notice of termination is to\nbe given in writing.<\/p>\n\n\n\n<ol class=\"wp-block-list\">\n<li>Important reasons entitling PFI for termination include without limitation:\n<ul class=\"wp-block-list\">\n<li>Refusal of necessary contribution by the client<\/li>\n\n\n\n<li>Debtor's default on part of the client<\/li>\n\n\n\n<li>Dwindling of assets of the client<\/li>\n<\/ul>\n<\/li>\n\n\n\n<li>In all other respects, a termination of the contract by PFI and the client shall be excluded unless it was agreed in writing upon contract award.<\/li>\n\n\n\n<li class=\"translation-block\">If the contract is terminated for an important reason, PFI shall be entitled to a remuneration for the partial performance rendered until the time of termination.<\/li>\n\n\n\n<li>In all other cases, PFI retains the claim for the contractually agreed remuneration but only under deduction of the expenses saved.<\/li>\n<\/ol>\n\n\n\n<p>\u00a7 12 \u2013 Other provisions<\/p>\n\n\n\n<ol class=\"wp-block-list\">\n<li>Should individually provisions of these General Terms and Conditions be invalid, the remaining provisions shall remain unaffected.<\/li>\n\n\n\n<li>The laws of the Federal Republic of Germany apply.<\/li>\n\n\n\n<li>The place of jurisdiction for both parties shall be Zweibr\u00fccken, insofar as the client is a merchant, a legal entity or a special fund under public law. Place of performance shall be Pirmasens.<\/li>\n\n\n\n<li>Even if the client is a non-merchant, Zweibr\u00fccken shall also be place of performance if the client does not have a general place of jurisdiction in Germany, relocated its residence or usual abode from Germany to another country or if its residence or usual\nabode is not known to PFI at the time of bringing the action.<\/li>\n<\/ol>\n\n\n\n<div style=\"height:40px\" aria-hidden=\"true\" class=\"wp-block-spacer\"><\/div>\n\n\n\n<p>Version: 09.05.2023<br><strong>Pr\u00fcf- und Forschungsinstitut<br>Pirmasens e.V.<\/strong><\/p>\n<\/div>\n\n\n\n<div style=\"height:100px\" aria-hidden=\"true\" class=\"wp-block-spacer\"><\/div>","protected":false},"excerpt":{"rendered":"<p>Allgemeine Gesch\u00e4ftsbedingungen \u00a7 1 &#8211; Allgemeines Die Gesch\u00e4ftsbeziehungen des Pr\u00fcf- und Forschungsinstitutes Pirmasens e.V. (PFI) zu seinem Auftraggeber bestimmen sich nach den im Vertrag und nachfolgend aufgef\u00fchrten Bedingungen. Davon abweichende Gesch\u00e4ftsbedingungen des Auftraggebers werden nur Vertragsinhalt, wenn sie das PFI ausdr\u00fccklich und schriftlich anerkennt. \u00a7 2 &#8211; Auftrag \u00a7 3 &#8211; Durchf\u00fchrung des Auftrages, Verzug, [&hellip;]<\/p>\n","protected":false},"author":1,"featured_media":0,"parent":0,"menu_order":0,"comment_status":"closed","ping_status":"closed","template":"","meta":{"footnotes":""},"class_list":["post-832","page","type-page","status-publish","hentry"],"yoast_head":"<!-- This site is optimized with the Yoast SEO plugin v27.3 - https:\/\/yoast.com\/product\/yoast-seo-wordpress\/ -->\n<title>AGB - Pr\u00fcf- und Forschungsinstitut Pirmasens e.V.<\/title>\n<meta name=\"robots\" content=\"index, follow, max-snippet:-1, max-image-preview:large, max-video-preview:-1\" \/>\n<link rel=\"canonical\" href=\"https:\/\/pfi-germany.de\/en\/agb-2\/\" \/>\n<meta property=\"og:locale\" content=\"en_GB\" \/>\n<meta property=\"og:type\" content=\"article\" \/>\n<meta property=\"og:title\" content=\"AGB - Pr\u00fcf- und Forschungsinstitut Pirmasens e.V.\" \/>\n<meta property=\"og:description\" content=\"Allgemeine Gesch\u00e4ftsbedingungen \u00a7 1 &#8211; Allgemeines Die Gesch\u00e4ftsbeziehungen des Pr\u00fcf- und Forschungsinstitutes Pirmasens e.V. (PFI) zu seinem Auftraggeber bestimmen sich nach den im Vertrag und nachfolgend aufgef\u00fchrten Bedingungen. Davon abweichende Gesch\u00e4ftsbedingungen des Auftraggebers werden nur Vertragsinhalt, wenn sie das PFI ausdr\u00fccklich und schriftlich anerkennt. \u00a7 2 &#8211; Auftrag \u00a7 3 &#8211; Durchf\u00fchrung des Auftrages, Verzug, [&hellip;]\" \/>\n<meta property=\"og:url\" content=\"https:\/\/pfi-germany.de\/en\/agb-2\/\" \/>\n<meta property=\"og:site_name\" content=\"Pr\u00fcf- und Forschungsinstitut Pirmasens e.V.\" \/>\n<meta property=\"article:publisher\" content=\"https:\/\/www.facebook.com\/people\/Pruef-und-Forschungsinstitut-Pirmasens-e-V\/100057088164342\/\" \/>\n<meta property=\"article:modified_time\" content=\"2025-07-22T07:40:18+00:00\" \/>\n<meta name=\"twitter:card\" content=\"summary_large_image\" \/>\n<meta name=\"twitter:label1\" content=\"Estimated reading time\" \/>\n\t<meta name=\"twitter:data1\" content=\"6 minutes\" \/>\n<script type=\"application\/ld+json\" class=\"yoast-schema-graph\">{\"@context\":\"https:\\\/\\\/schema.org\",\"@graph\":[{\"@type\":\"WebPage\",\"@id\":\"https:\\\/\\\/pfi-germany.de\\\/en\\\/agb-2\\\/\",\"url\":\"https:\\\/\\\/pfi-germany.de\\\/en\\\/agb-2\\\/\",\"name\":\"AGB - Pr\u00fcf- und Forschungsinstitut Pirmasens e.V.\",\"isPartOf\":{\"@id\":\"https:\\\/\\\/pfi-germany.de\\\/de\\\/#website\"},\"datePublished\":\"2024-12-02T13:45:58+00:00\",\"dateModified\":\"2025-07-22T07:40:18+00:00\",\"breadcrumb\":{\"@id\":\"https:\\\/\\\/pfi-germany.de\\\/en\\\/agb-2\\\/#breadcrumb\"},\"inLanguage\":\"en-GB\",\"potentialAction\":[{\"@type\":\"ReadAction\",\"target\":[\"https:\\\/\\\/pfi-germany.de\\\/en\\\/agb-2\\\/\"]}]},{\"@type\":\"BreadcrumbList\",\"@id\":\"https:\\\/\\\/pfi-germany.de\\\/en\\\/agb-2\\\/#breadcrumb\",\"itemListElement\":[{\"@type\":\"ListItem\",\"position\":1,\"name\":\"Home\",\"item\":\"https:\\\/\\\/pfi-germany.de\\\/\"},{\"@type\":\"ListItem\",\"position\":2,\"name\":\"AGB\"}]},{\"@type\":\"WebSite\",\"@id\":\"https:\\\/\\\/pfi-germany.de\\\/de\\\/#website\",\"url\":\"https:\\\/\\\/pfi-germany.de\\\/de\\\/\",\"name\":\"PFI 2024\",\"description\":\"\",\"publisher\":{\"@id\":\"https:\\\/\\\/pfi-germany.de\\\/de\\\/#organization\"},\"potentialAction\":[{\"@type\":\"SearchAction\",\"target\":{\"@type\":\"EntryPoint\",\"urlTemplate\":\"https:\\\/\\\/pfi-germany.de\\\/de\\\/?s={search_term_string}\"},\"query-input\":{\"@type\":\"PropertyValueSpecification\",\"valueRequired\":true,\"valueName\":\"search_term_string\"}}],\"inLanguage\":\"en-GB\"},{\"@type\":\"Organization\",\"@id\":\"https:\\\/\\\/pfi-germany.de\\\/de\\\/#organization\",\"name\":\"PFI 2024\",\"url\":\"https:\\\/\\\/pfi-germany.de\\\/de\\\/\",\"logo\":{\"@type\":\"ImageObject\",\"inLanguage\":\"en-GB\",\"@id\":\"https:\\\/\\\/pfi-germany.de\\\/de\\\/#\\\/schema\\\/logo\\\/image\\\/\",\"url\":\"https:\\\/\\\/pfi-germany.de\\\/wp-content\\\/uploads\\\/2024\\\/09\\\/logo.jpg\",\"contentUrl\":\"https:\\\/\\\/pfi-germany.de\\\/wp-content\\\/uploads\\\/2024\\\/09\\\/logo.jpg\",\"width\":329,\"height\":120,\"caption\":\"PFI 2024\"},\"image\":{\"@id\":\"https:\\\/\\\/pfi-germany.de\\\/de\\\/#\\\/schema\\\/logo\\\/image\\\/\"},\"sameAs\":[\"https:\\\/\\\/www.facebook.com\\\/people\\\/Pruef-und-Forschungsinstitut-Pirmasens-e-V\\\/100057088164342\\\/\",\"https:\\\/\\\/www.instagram.com\\\/pfi_germany\\\/\",\"https:\\\/\\\/www.youtube.com\\\/channel\\\/UCITCYhey0fqJRRjiH7Gw3sg\",\"https:\\\/\\\/de.linkedin.com\\\/company\\\/pfi-germany\"]}]}<\/script>\n<!-- \/ Yoast SEO plugin. -->","yoast_head_json":{"title":"AGB - Pr\u00fcf- und Forschungsinstitut Pirmasens e.V.","robots":{"index":"index","follow":"follow","max-snippet":"max-snippet:-1","max-image-preview":"max-image-preview:large","max-video-preview":"max-video-preview:-1"},"canonical":"https:\/\/pfi-germany.de\/en\/agb-2\/","og_locale":"en_GB","og_type":"article","og_title":"AGB - Pr\u00fcf- und Forschungsinstitut Pirmasens e.V.","og_description":"Allgemeine Gesch\u00e4ftsbedingungen \u00a7 1 &#8211; Allgemeines Die Gesch\u00e4ftsbeziehungen des Pr\u00fcf- und Forschungsinstitutes Pirmasens e.V. (PFI) zu seinem Auftraggeber bestimmen sich nach den im Vertrag und nachfolgend aufgef\u00fchrten Bedingungen. Davon abweichende Gesch\u00e4ftsbedingungen des Auftraggebers werden nur Vertragsinhalt, wenn sie das PFI ausdr\u00fccklich und schriftlich anerkennt. \u00a7 2 &#8211; Auftrag \u00a7 3 &#8211; Durchf\u00fchrung des Auftrages, Verzug, [&hellip;]","og_url":"https:\/\/pfi-germany.de\/en\/agb-2\/","og_site_name":"Pr\u00fcf- und Forschungsinstitut Pirmasens e.V.","article_publisher":"https:\/\/www.facebook.com\/people\/Pruef-und-Forschungsinstitut-Pirmasens-e-V\/100057088164342\/","article_modified_time":"2025-07-22T07:40:18+00:00","twitter_card":"summary_large_image","twitter_misc":{"Estimated reading time":"6 minutes"},"schema":{"@context":"https:\/\/schema.org","@graph":[{"@type":"WebPage","@id":"https:\/\/pfi-germany.de\/en\/agb-2\/","url":"https:\/\/pfi-germany.de\/en\/agb-2\/","name":"AGB - Pr\u00fcf- und Forschungsinstitut Pirmasens e.V.","isPartOf":{"@id":"https:\/\/pfi-germany.de\/de\/#website"},"datePublished":"2024-12-02T13:45:58+00:00","dateModified":"2025-07-22T07:40:18+00:00","breadcrumb":{"@id":"https:\/\/pfi-germany.de\/en\/agb-2\/#breadcrumb"},"inLanguage":"en-GB","potentialAction":[{"@type":"ReadAction","target":["https:\/\/pfi-germany.de\/en\/agb-2\/"]}]},{"@type":"BreadcrumbList","@id":"https:\/\/pfi-germany.de\/en\/agb-2\/#breadcrumb","itemListElement":[{"@type":"ListItem","position":1,"name":"Home","item":"https:\/\/pfi-germany.de\/"},{"@type":"ListItem","position":2,"name":"AGB"}]},{"@type":"WebSite","@id":"https:\/\/pfi-germany.de\/de\/#website","url":"https:\/\/pfi-germany.de\/de\/","name":"PFI 2024","description":"","publisher":{"@id":"https:\/\/pfi-germany.de\/de\/#organization"},"potentialAction":[{"@type":"SearchAction","target":{"@type":"EntryPoint","urlTemplate":"https:\/\/pfi-germany.de\/de\/?s={search_term_string}"},"query-input":{"@type":"PropertyValueSpecification","valueRequired":true,"valueName":"search_term_string"}}],"inLanguage":"en-GB"},{"@type":"Organization","@id":"https:\/\/pfi-germany.de\/de\/#organization","name":"PFI 2024","url":"https:\/\/pfi-germany.de\/de\/","logo":{"@type":"ImageObject","inLanguage":"en-GB","@id":"https:\/\/pfi-germany.de\/de\/#\/schema\/logo\/image\/","url":"https:\/\/pfi-germany.de\/wp-content\/uploads\/2024\/09\/logo.jpg","contentUrl":"https:\/\/pfi-germany.de\/wp-content\/uploads\/2024\/09\/logo.jpg","width":329,"height":120,"caption":"PFI 2024"},"image":{"@id":"https:\/\/pfi-germany.de\/de\/#\/schema\/logo\/image\/"},"sameAs":["https:\/\/www.facebook.com\/people\/Pruef-und-Forschungsinstitut-Pirmasens-e-V\/100057088164342\/","https:\/\/www.instagram.com\/pfi_germany\/","https:\/\/www.youtube.com\/channel\/UCITCYhey0fqJRRjiH7Gw3sg","https:\/\/de.linkedin.com\/company\/pfi-germany"]}]}},"_links":{"self":[{"href":"https:\/\/pfi-germany.de\/en\/wp-json\/wp\/v2\/pages\/832","targetHints":{"allow":["GET"]}}],"collection":[{"href":"https:\/\/pfi-germany.de\/en\/wp-json\/wp\/v2\/pages"}],"about":[{"href":"https:\/\/pfi-germany.de\/en\/wp-json\/wp\/v2\/types\/page"}],"author":[{"embeddable":true,"href":"https:\/\/pfi-germany.de\/en\/wp-json\/wp\/v2\/users\/1"}],"replies":[{"embeddable":true,"href":"https:\/\/pfi-germany.de\/en\/wp-json\/wp\/v2\/comments?post=832"}],"version-history":[{"count":4,"href":"https:\/\/pfi-germany.de\/en\/wp-json\/wp\/v2\/pages\/832\/revisions"}],"predecessor-version":[{"id":6810,"href":"https:\/\/pfi-germany.de\/en\/wp-json\/wp\/v2\/pages\/832\/revisions\/6810"}],"wp:attachment":[{"href":"https:\/\/pfi-germany.de\/en\/wp-json\/wp\/v2\/media?parent=832"}],"curies":[{"name":"wp","href":"https:\/\/api.w.org\/{rel}","templated":true}]}}