{"id":923,"date":"2024-12-04T08:45:57","date_gmt":"2024-12-04T08:45:57","guid":{"rendered":"http:\/\/pfi.agentur-reppa.de\/wordpress\/?page_id=923"},"modified":"2025-07-09T05:53:09","modified_gmt":"2025-07-09T05:53:09","slug":"produkteproduktionsstatten","status":"publish","type":"page","link":"https:\/\/pfi-germany.de\/de\/zertifizierungen\/produkteproduktionsstatten\/","title":{"rendered":"Produkte &#038; Produktionsst\u00e4tten"},"content":{"rendered":"\n<div style=\"height:50px\" aria-hidden=\"true\" class=\"wp-block-spacer\"><\/div>\n\n\n\n<div class=\"wp-block-group alignwide has-base-2-background-color has-background is-content-justification-center is-nowrap is-layout-flex wp-container-core-group-is-layout-19c2ebad wp-block-group-is-layout-flex\" style=\"margin-top:0;margin-bottom:0;padding-top:var(--wp--preset--spacing--20);padding-right:var(--wp--preset--spacing--40);padding-bottom:var(--wp--preset--spacing--20);padding-left:var(--wp--preset--spacing--40)\">\n<div class=\"wp-block-columns alignwide are-vertically-aligned-center is-layout-flex wp-container-core-columns-is-layout-8396961b wp-block-columns-is-layout-flex\" style=\"padding-right:0;padding-left:0\">\n<div class=\"wp-block-column is-vertically-aligned-center is-layout-flow wp-block-column-is-layout-flow\" style=\"flex-basis:70%\">\n<div class=\"wp-block-group has-global-padding is-content-justification-left is-layout-constrained wp-container-core-group-is-layout-2873c315 wp-block-group-is-layout-constrained\" style=\"margin-top:0;margin-bottom:0;padding-top:var(--wp--preset--spacing--30);padding-right:var(--wp--preset--spacing--30);padding-bottom:var(--wp--preset--spacing--30);padding-left:var(--wp--preset--spacing--30)\">\n<h1 class=\"wp-block-heading has-text-align-left has-pfi-blue-color has-text-color has-link-color wp-elements-116122b71851a8102159775aaa506339\" style=\"margin-right:0;margin-bottom:0;margin-left:calc( var(--wp--preset--spacing--20) * -1);line-height:1.2;writing-mode:horizontal-tb\"><strong><strong>Zertifizierung von Produkten und Produktionsst\u00e4tten<\/strong><\/strong><\/h1>\n\n\n\n<div class=\"wp-block-group is-vertical is-layout-flex wp-container-core-group-is-layout-fe9cc265 wp-block-group-is-layout-flex\">\n<p class=\"has-text-align-left wp-container-content-0733e5d0\"><strong>Best\u00e4tigte Qualit\u00e4t<\/strong><\/p>\n\n\n\n<p class=\"has-text-align-left wp-container-content-0733e5d0\">Unsere Zertifizierungen und die von uns vergebenen Pr\u00fcfzeichen helfen Ihnen, die Vorteile Ihrer Waren erfolgreich an den Kunden zu kommunizieren. Ein Pr\u00fcfzeichen zeigt, dass Sie Ihre Pflichten als Hersteller oder H\u00e4ndler ernst nehmen und das Produkt wie auch Ihre Produktionsst\u00e4tten neben den vorgeschriebenen Sicherheitsanforderungen ggf. weiteren hohen qualitativen Anspr\u00fcchen gen\u00fcgen.<\/p>\n<\/div>\n\n\n\n<div class=\"wp-block-group is-vertical is-layout-flex wp-container-core-group-is-layout-fe9cc265 wp-block-group-is-layout-flex\">\n<p style=\"margin-top:0;margin-bottom:0\"><strong><strong><strong>Wir vergeben folgende Pr\u00fcfzeichen:&nbsp;<\/strong>&nbsp;<\/strong><\/strong><\/p>\n\n\n\n<ul style=\"padding-top:0;padding-right:0;padding-bottom:0;padding-left:0\" class=\"wp-block-list is-style-default\">\n<li><a href=\"https:\/\/pfi-germany.de\/prufzeichen\/#ce-zeichen\" data-type=\"page\" data-id=\"433\"><strong>CE-Zeichen<\/strong><\/a> f\u00fcr pers\u00f6nliche Schutzausr\u00fcstungen (Fu\u00df- und Beinschutz und Handschutz) nach der Verordnung (EU) 2016\/425 des Europ\u00e4ischen Parlaments und des Rates<\/li>\n\n\n\n<li><a href=\"https:\/\/pfi-germany.de\/prufzeichen\/#gs-zeichen\" data-type=\"page\" data-id=\"433\"><strong>GS- Zeichen<\/strong><\/a> nach dem Produktsicherheitsgesetz, Abschnitt 5<\/li>\n\n\n\n<li><a href=\"https:\/\/pfi-germany.de\/prufzeichen\/#sg-zeichen\" data-type=\"link\" data-id=\"https:\/\/pfi-germany.de\/prufzeichen\/#sg-zeichen\"><strong>SG-Zeichen<\/strong><\/a> (Schadstoffgepr\u00fcft, Medizinprodukte der Klasse I)<\/li>\n\n\n\n<li><a href=\"https:\/\/pfi-germany.de\/prufzeichen\/#pruefzeichensuche\" data-type=\"page\" data-id=\"433\"><strong>Schuh Siegel\u00ae<\/strong><\/a>&nbsp;<\/li>\n\n\n\n<li><a href=\"https:\/\/pfi-germany.de\/prufzeichen\/#pfi-pruefzeichen\" data-type=\"page\" data-id=\"433\"><strong>PFI Pr\u00fcfzeichen<\/strong><\/a> auf Basis von projektspezifischen Anforderungen u. a.<\/li>\n\n\n\n<li><a href=\"https:\/\/pfi-germany.de\/prufzeichen\/#pfi-pruefzeichen\" data-type=\"link\" data-id=\"https:\/\/pfi-germany.de\/prufzeichen\/#pfi-pruefzeichen\"><strong>eco Label<\/strong><\/a><\/li>\n\n\n\n<li><a href=\"https:\/\/pfi-germany.de\/prufzeichen\/#pfi-pruefzeichen\" data-type=\"link\" data-id=\"https:\/\/pfi-germany.de\/prufzeichen\/#pfi-pruefzeichen\"><strong>100% Vegan<\/strong><\/a><\/li>\n\n\n\n<li><strong>Gepr\u00fcftes Reisegep\u00e4ck<\/strong><\/li>\n\n\n\n<li><strong>Qualit\u00e4t gepr\u00fcft<\/strong><\/li>\n\n\n\n<li><strong>Passform gepr\u00fcft<\/strong><\/li>\n<\/ul>\n\n\n\n<p><strong><strong><strong>Wir unterst\u00fctzen folgende Pr\u00fcfzeichen:&nbsp;<\/strong>&nbsp;<\/strong><\/strong><\/p>\n\n\n\n<ul style=\"padding-top:0;padding-right:0;padding-bottom:0;padding-left:0\" class=\"wp-block-list is-style-default\">\n<li><a href=\"https:\/\/pfi-germany.de\/prufzeichen\/#blauer-engel\" data-type=\"page\" data-id=\"433\"><strong>Blauer Engel<\/strong><\/a> f\u00fcr Schuhe \/ <a href=\"https:\/\/pfi-germany.de\/prufzeichen\/#pfi-pruefzeichen\" data-type=\"page\" data-id=\"433\"><strong>EU-Eco Label<\/strong><\/a> f\u00fcr Schuhe<\/li>\n\n\n\n<li><a href=\"https:\/\/pfi-germany.de\/prufzeichen\/#blauer-engel\" data-type=\"link\" data-id=\"https:\/\/pfi-germany.de\/prufzeichen\/#blauer-engel\"><strong>\u00d6sterreichisches Umweltzeichen<\/strong><\/a>&nbsp;<\/li>\n<\/ul>\n\n\n\n<p>Die Zertifizierungsstelle f\u00fcr Produkte ist akkreditiert bei der <a href=\"https:\/\/pfi-germany.de\/wp-content\/uploads\/2024\/12\/2024_U-PL-14150-01-20240725_Urkunde_zur_ISO_17025.pdf\" data-type=\"link\" data-id=\"https:\/\/pfi-germany.de\/wp-content\/uploads\/2024\/12\/2024_U-PL-14150-01-20240725_Urkunde_zur_ISO_17025.pdf\" target=\"_blank\" rel=\"noreferrer noopener\">DAkkS<\/a>, benannt von der ZLS und vom Bundeswirtschaftsministerium bei der EU notifiziert (Kenn-Nr. 0193).<\/p>\n<\/div>\n<\/div>\n<\/div>\n\n\n\n<div class=\"wp-block-column is-vertically-aligned-center is-layout-flow wp-block-column-is-layout-flow\" style=\"flex-basis:70%\">\n<figure class=\"wp-block-image size-full has-custom-border is-style-rounded image-gradient-border wp-duotone-unset-2 is-style-rounded--1\"><img loading=\"lazy\" decoding=\"async\" width=\"1280\" height=\"1920\" src=\"https:\/\/pfi-germany.de\/wp-content\/uploads\/2025\/02\/DSC02493-.jpg\" alt=\"wei\u00dfer Ball ist in eine Pr\u00fcfmaschine eingespannt und wird auf Qualit\u00e4t gepr\u00fcft\" class=\"wp-image-3381\" style=\"border-radius:10px;aspect-ratio:9\/16;object-fit:cover\" srcset=\"https:\/\/pfi-germany.de\/wp-content\/uploads\/2025\/02\/DSC02493-.jpg 1280w, https:\/\/pfi-germany.de\/wp-content\/uploads\/2025\/02\/DSC02493--200x300.jpg 200w, https:\/\/pfi-germany.de\/wp-content\/uploads\/2025\/02\/DSC02493--683x1024.jpg 683w, https:\/\/pfi-germany.de\/wp-content\/uploads\/2025\/02\/DSC02493--768x1152.jpg 768w, https:\/\/pfi-germany.de\/wp-content\/uploads\/2025\/02\/DSC02493--50x75.jpg 50w, https:\/\/pfi-germany.de\/wp-content\/uploads\/2025\/02\/DSC02493--1024x1536.jpg 1024w\" sizes=\"auto, (max-width: 1280px) 100vw, 1280px\" \/><\/figure>\n<\/div>\n<\/div>\n<\/div>\n\n\n\n<div class=\"wp-block-group alignwide is-content-justification-center is-nowrap is-layout-flex wp-container-core-group-is-layout-1769166a wp-block-group-is-layout-flex\" style=\"padding-top:0;padding-bottom:0\">\n<div class=\"gradient-separator\"><\/div>\n<\/div>\n\n\n\n<div class=\"wp-block-group alignwide is-layout-flow wp-container-core-group-is-layout-fb7b9a3a wp-block-group-is-layout-flow\" style=\"margin-top:var(--wp--preset--spacing--30);margin-bottom:0;padding-top:var(--wp--preset--spacing--30);padding-right:var(--wp--preset--spacing--50);padding-bottom:var(--wp--preset--spacing--30);padding-left:var(--wp--preset--spacing--50)\">\n<h2 class=\"wp-block-heading has-pfi-blue-color has-text-color has-link-color wp-elements-e69f6d95bab3329fcab58ba52bc66922\"><strong><strong>VDA 6.3 Prozessaudits<\/strong><\/strong> &#8211; durch zertifizierte Auditoren<\/h2>\n\n\n\n<p class=\"has-text-align-left wp-container-content-0733e5d0\"><strong>VDA-6.3-Prozessaudits f\u00fcr Ihr Unternehmen &#8211; extern, unabh\u00e4ngig und praxisorientiert<\/strong><\/p>\n\n\n\n<p class=\"has-text-align-left wp-container-content-0733e5d0\">Sie m\u00f6chten Ihre Produktions- und Qualit\u00e4tsprozesse regelm\u00e4\u00dfig bewerten \u2013 zum Beispiel im Rahmen Ihrer Zertifizierungen oder zur Erf\u00fcllung kundenspezifischer Anforderungen?<br>Dann ist ein <strong>Prozessaudit nach VDA 6.3<\/strong> genau das richtige Werkzeug, um Risiken zu erkennen, Prozesse gezielt zu verbessern und gegen\u00fcber Ihren Kunden auditfest aufgestellt zu sein.<\/p>\n\n\n\n<div class=\"wp-block-buttons is-layout-flex wp-block-buttons-is-layout-flex\">\n<div class=\"wp-block-button\"><a class=\"wp-block-button__link has-white-color has-pfi-blue-background-color has-text-color has-background has-link-color wp-element-button\" href=\"https:\/\/pfi-germany.de\/de\/zertifizierungen\/vda-6-3-prozessaudit\/\"><strong>VDA-6.3-Prozessaudits<\/strong><\/a><\/div>\n<\/div>\n<\/div>\n","protected":false},"excerpt":{"rendered":"<p>Zertifizierung von Produkten und Produktionsst\u00e4tten Best\u00e4tigte Qualit\u00e4t Unsere Zertifizierungen und die von uns vergebenen Pr\u00fcfzeichen helfen Ihnen, die Vorteile Ihrer Waren erfolgreich an den Kunden zu kommunizieren. Ein Pr\u00fcfzeichen zeigt, dass Sie Ihre Pflichten als Hersteller oder H\u00e4ndler ernst nehmen und das Produkt wie auch Ihre Produktionsst\u00e4tten neben den vorgeschriebenen Sicherheitsanforderungen ggf. weiteren hohen qualitativen [&hellip;]<\/p>\n","protected":false},"author":1,"featured_media":0,"parent":909,"menu_order":0,"comment_status":"closed","ping_status":"closed","template":"","meta":{"footnotes":""},"class_list":["post-923","page","type-page","status-publish","hentry"],"yoast_head":"<!-- This site is optimized with the Yoast SEO plugin v27.3 - https:\/\/yoast.com\/product\/yoast-seo-wordpress\/ -->\n<title>Zertifizierung von Produkten und Produktionsst\u00e4tten: Qualit\u00e4ts- und Pr\u00fcfzeichen f\u00fcr Vertrauen<\/title>\n<meta name=\"description\" content=\"Zertifizierung f\u00fcr Produkte und Produktionsst\u00e4tten: CE-, GS-, eco-Label und mehr. Zeigen Sie Qualit\u00e4t und Sicherheit mit unseren Pr\u00fcfzeichen.\" \/>\n<meta name=\"robots\" content=\"index, follow, max-snippet:-1, max-image-preview:large, max-video-preview:-1\" \/>\n<link rel=\"canonical\" href=\"https:\/\/pfi-germany.de\/de\/zertifizierungen\/produkteproduktionsstatten\/\" \/>\n<meta property=\"og:locale\" content=\"de_DE\" \/>\n<meta property=\"og:type\" content=\"article\" \/>\n<meta property=\"og:title\" content=\"Zertifizierung von Produkten und Produktionsst\u00e4tten: Qualit\u00e4ts- und Pr\u00fcfzeichen f\u00fcr Vertrauen\" \/>\n<meta property=\"og:description\" content=\"Zertifizierung f\u00fcr Produkte und Produktionsst\u00e4tten: CE-, GS-, eco-Label und mehr. Zeigen Sie Qualit\u00e4t und Sicherheit mit unseren Pr\u00fcfzeichen.\" \/>\n<meta property=\"og:url\" content=\"https:\/\/pfi-germany.de\/de\/zertifizierungen\/produkteproduktionsstatten\/\" \/>\n<meta property=\"og:site_name\" content=\"Pr\u00fcf- und Forschungsinstitut Pirmasens e.V.\" \/>\n<meta property=\"article:publisher\" content=\"https:\/\/www.facebook.com\/people\/Pruef-und-Forschungsinstitut-Pirmasens-e-V\/100057088164342\/\" \/>\n<meta property=\"article:modified_time\" content=\"2025-07-09T05:53:09+00:00\" \/>\n<meta property=\"og:image\" content=\"https:\/\/pfi-germany.de\/wp-content\/uploads\/2025\/02\/DSC02493-.jpg\" \/>\n<meta name=\"twitter:card\" content=\"summary_large_image\" \/>\n<meta name=\"twitter:label1\" content=\"Gesch\u00e4tzte Lesezeit\" \/>\n\t<meta name=\"twitter:data1\" content=\"2\u00a0Minuten\" \/>\n<script type=\"application\/ld+json\" class=\"yoast-schema-graph\">{\"@context\":\"https:\\\/\\\/schema.org\",\"@graph\":[{\"@type\":\"WebPage\",\"@id\":\"https:\\\/\\\/pfi-germany.de\\\/en\\\/zertifizierungen\\\/produkteproduktionsstatten\\\/\",\"url\":\"https:\\\/\\\/pfi-germany.de\\\/en\\\/zertifizierungen\\\/produkteproduktionsstatten\\\/\",\"name\":\"Zertifizierung von Produkten und Produktionsst\u00e4tten: Qualit\u00e4ts- und Pr\u00fcfzeichen f\u00fcr Vertrauen\",\"isPartOf\":{\"@id\":\"https:\\\/\\\/pfi-germany.de\\\/de\\\/#website\"},\"primaryImageOfPage\":{\"@id\":\"https:\\\/\\\/pfi-germany.de\\\/en\\\/zertifizierungen\\\/produkteproduktionsstatten\\\/#primaryimage\"},\"image\":{\"@id\":\"https:\\\/\\\/pfi-germany.de\\\/en\\\/zertifizierungen\\\/produkteproduktionsstatten\\\/#primaryimage\"},\"thumbnailUrl\":\"https:\\\/\\\/pfi-germany.de\\\/wp-content\\\/uploads\\\/2025\\\/02\\\/DSC02493-.jpg\",\"datePublished\":\"2024-12-04T08:45:57+00:00\",\"dateModified\":\"2025-07-09T05:53:09+00:00\",\"description\":\"Zertifizierung f\u00fcr Produkte und Produktionsst\u00e4tten: CE-, GS-, eco-Label und mehr. Zeigen Sie Qualit\u00e4t und Sicherheit mit unseren Pr\u00fcfzeichen.\",\"breadcrumb\":{\"@id\":\"https:\\\/\\\/pfi-germany.de\\\/en\\\/zertifizierungen\\\/produkteproduktionsstatten\\\/#breadcrumb\"},\"inLanguage\":\"de\",\"potentialAction\":[{\"@type\":\"ReadAction\",\"target\":[\"https:\\\/\\\/pfi-germany.de\\\/en\\\/zertifizierungen\\\/produkteproduktionsstatten\\\/\"]}]},{\"@type\":\"ImageObject\",\"inLanguage\":\"de\",\"@id\":\"https:\\\/\\\/pfi-germany.de\\\/en\\\/zertifizierungen\\\/produkteproduktionsstatten\\\/#primaryimage\",\"url\":\"https:\\\/\\\/pfi-germany.de\\\/wp-content\\\/uploads\\\/2025\\\/02\\\/DSC02493-.jpg\",\"contentUrl\":\"https:\\\/\\\/pfi-germany.de\\\/wp-content\\\/uploads\\\/2025\\\/02\\\/DSC02493-.jpg\"},{\"@type\":\"BreadcrumbList\",\"@id\":\"https:\\\/\\\/pfi-germany.de\\\/en\\\/zertifizierungen\\\/produkteproduktionsstatten\\\/#breadcrumb\",\"itemListElement\":[{\"@type\":\"ListItem\",\"position\":1,\"name\":\"Home\",\"item\":\"https:\\\/\\\/pfi-germany.de\\\/\"},{\"@type\":\"ListItem\",\"position\":2,\"name\":\"Zertifizierung\",\"item\":\"https:\\\/\\\/pfi-germany.de\\\/de\\\/zertifizierungen\\\/\"},{\"@type\":\"ListItem\",\"position\":3,\"name\":\"Produkte &#038; Produktionsst\u00e4tten\"}]},{\"@type\":\"WebSite\",\"@id\":\"https:\\\/\\\/pfi-germany.de\\\/de\\\/#website\",\"url\":\"https:\\\/\\\/pfi-germany.de\\\/de\\\/\",\"name\":\"PFI 2024\",\"description\":\"\",\"publisher\":{\"@id\":\"https:\\\/\\\/pfi-germany.de\\\/de\\\/#organization\"},\"potentialAction\":[{\"@type\":\"SearchAction\",\"target\":{\"@type\":\"EntryPoint\",\"urlTemplate\":\"https:\\\/\\\/pfi-germany.de\\\/de\\\/?s={search_term_string}\"},\"query-input\":{\"@type\":\"PropertyValueSpecification\",\"valueRequired\":true,\"valueName\":\"search_term_string\"}}],\"inLanguage\":\"de\"},{\"@type\":\"Organization\",\"@id\":\"https:\\\/\\\/pfi-germany.de\\\/de\\\/#organization\",\"name\":\"PFI 2024\",\"url\":\"https:\\\/\\\/pfi-germany.de\\\/de\\\/\",\"logo\":{\"@type\":\"ImageObject\",\"inLanguage\":\"de\",\"@id\":\"https:\\\/\\\/pfi-germany.de\\\/de\\\/#\\\/schema\\\/logo\\\/image\\\/\",\"url\":\"https:\\\/\\\/pfi-germany.de\\\/wp-content\\\/uploads\\\/2024\\\/09\\\/logo.jpg\",\"contentUrl\":\"https:\\\/\\\/pfi-germany.de\\\/wp-content\\\/uploads\\\/2024\\\/09\\\/logo.jpg\",\"width\":329,\"height\":120,\"caption\":\"PFI 2024\"},\"image\":{\"@id\":\"https:\\\/\\\/pfi-germany.de\\\/de\\\/#\\\/schema\\\/logo\\\/image\\\/\"},\"sameAs\":[\"https:\\\/\\\/www.facebook.com\\\/people\\\/Pruef-und-Forschungsinstitut-Pirmasens-e-V\\\/100057088164342\\\/\",\"https:\\\/\\\/www.instagram.com\\\/pfi_germany\\\/\",\"https:\\\/\\\/www.youtube.com\\\/channel\\\/UCITCYhey0fqJRRjiH7Gw3sg\",\"https:\\\/\\\/de.linkedin.com\\\/company\\\/pfi-germany\"]}]}<\/script>\n<!-- \/ Yoast SEO plugin. -->","yoast_head_json":{"title":"Zertifizierung von Produkten und Produktionsst\u00e4tten: Qualit\u00e4ts- und Pr\u00fcfzeichen f\u00fcr Vertrauen","description":"Zertifizierung f\u00fcr Produkte und Produktionsst\u00e4tten: CE-, GS-, eco-Label und mehr. Zeigen Sie Qualit\u00e4t und Sicherheit mit unseren Pr\u00fcfzeichen.","robots":{"index":"index","follow":"follow","max-snippet":"max-snippet:-1","max-image-preview":"max-image-preview:large","max-video-preview":"max-video-preview:-1"},"canonical":"https:\/\/pfi-germany.de\/de\/zertifizierungen\/produkteproduktionsstatten\/","og_locale":"de_DE","og_type":"article","og_title":"Zertifizierung von Produkten und Produktionsst\u00e4tten: Qualit\u00e4ts- und Pr\u00fcfzeichen f\u00fcr Vertrauen","og_description":"Zertifizierung f\u00fcr Produkte und Produktionsst\u00e4tten: CE-, GS-, eco-Label und mehr. Zeigen Sie Qualit\u00e4t und Sicherheit mit unseren Pr\u00fcfzeichen.","og_url":"https:\/\/pfi-germany.de\/de\/zertifizierungen\/produkteproduktionsstatten\/","og_site_name":"Pr\u00fcf- und Forschungsinstitut Pirmasens e.V.","article_publisher":"https:\/\/www.facebook.com\/people\/Pruef-und-Forschungsinstitut-Pirmasens-e-V\/100057088164342\/","article_modified_time":"2025-07-09T05:53:09+00:00","og_image":[{"url":"https:\/\/pfi-germany.de\/wp-content\/uploads\/2025\/02\/DSC02493-.jpg","type":"","width":"","height":""}],"twitter_card":"summary_large_image","twitter_misc":{"Gesch\u00e4tzte Lesezeit":"2\u00a0Minuten"},"schema":{"@context":"https:\/\/schema.org","@graph":[{"@type":"WebPage","@id":"https:\/\/pfi-germany.de\/en\/zertifizierungen\/produkteproduktionsstatten\/","url":"https:\/\/pfi-germany.de\/en\/zertifizierungen\/produkteproduktionsstatten\/","name":"Zertifizierung von Produkten und Produktionsst\u00e4tten: Qualit\u00e4ts- und Pr\u00fcfzeichen f\u00fcr Vertrauen","isPartOf":{"@id":"https:\/\/pfi-germany.de\/de\/#website"},"primaryImageOfPage":{"@id":"https:\/\/pfi-germany.de\/en\/zertifizierungen\/produkteproduktionsstatten\/#primaryimage"},"image":{"@id":"https:\/\/pfi-germany.de\/en\/zertifizierungen\/produkteproduktionsstatten\/#primaryimage"},"thumbnailUrl":"https:\/\/pfi-germany.de\/wp-content\/uploads\/2025\/02\/DSC02493-.jpg","datePublished":"2024-12-04T08:45:57+00:00","dateModified":"2025-07-09T05:53:09+00:00","description":"Zertifizierung f\u00fcr Produkte und Produktionsst\u00e4tten: CE-, GS-, eco-Label und mehr. Zeigen Sie Qualit\u00e4t und Sicherheit mit unseren Pr\u00fcfzeichen.","breadcrumb":{"@id":"https:\/\/pfi-germany.de\/en\/zertifizierungen\/produkteproduktionsstatten\/#breadcrumb"},"inLanguage":"de","potentialAction":[{"@type":"ReadAction","target":["https:\/\/pfi-germany.de\/en\/zertifizierungen\/produkteproduktionsstatten\/"]}]},{"@type":"ImageObject","inLanguage":"de","@id":"https:\/\/pfi-germany.de\/en\/zertifizierungen\/produkteproduktionsstatten\/#primaryimage","url":"https:\/\/pfi-germany.de\/wp-content\/uploads\/2025\/02\/DSC02493-.jpg","contentUrl":"https:\/\/pfi-germany.de\/wp-content\/uploads\/2025\/02\/DSC02493-.jpg"},{"@type":"BreadcrumbList","@id":"https:\/\/pfi-germany.de\/en\/zertifizierungen\/produkteproduktionsstatten\/#breadcrumb","itemListElement":[{"@type":"ListItem","position":1,"name":"Home","item":"https:\/\/pfi-germany.de\/"},{"@type":"ListItem","position":2,"name":"Zertifizierung","item":"https:\/\/pfi-germany.de\/de\/zertifizierungen\/"},{"@type":"ListItem","position":3,"name":"Produkte &#038; Produktionsst\u00e4tten"}]},{"@type":"WebSite","@id":"https:\/\/pfi-germany.de\/de\/#website","url":"https:\/\/pfi-germany.de\/de\/","name":"PFI 2024","description":"","publisher":{"@id":"https:\/\/pfi-germany.de\/de\/#organization"},"potentialAction":[{"@type":"SearchAction","target":{"@type":"EntryPoint","urlTemplate":"https:\/\/pfi-germany.de\/de\/?s={search_term_string}"},"query-input":{"@type":"PropertyValueSpecification","valueRequired":true,"valueName":"search_term_string"}}],"inLanguage":"de"},{"@type":"Organization","@id":"https:\/\/pfi-germany.de\/de\/#organization","name":"PFI 2024","url":"https:\/\/pfi-germany.de\/de\/","logo":{"@type":"ImageObject","inLanguage":"de","@id":"https:\/\/pfi-germany.de\/de\/#\/schema\/logo\/image\/","url":"https:\/\/pfi-germany.de\/wp-content\/uploads\/2024\/09\/logo.jpg","contentUrl":"https:\/\/pfi-germany.de\/wp-content\/uploads\/2024\/09\/logo.jpg","width":329,"height":120,"caption":"PFI 2024"},"image":{"@id":"https:\/\/pfi-germany.de\/de\/#\/schema\/logo\/image\/"},"sameAs":["https:\/\/www.facebook.com\/people\/Pruef-und-Forschungsinstitut-Pirmasens-e-V\/100057088164342\/","https:\/\/www.instagram.com\/pfi_germany\/","https:\/\/www.youtube.com\/channel\/UCITCYhey0fqJRRjiH7Gw3sg","https:\/\/de.linkedin.com\/company\/pfi-germany"]}]}},"_links":{"self":[{"href":"https:\/\/pfi-germany.de\/de\/wp-json\/wp\/v2\/pages\/923","targetHints":{"allow":["GET"]}}],"collection":[{"href":"https:\/\/pfi-germany.de\/de\/wp-json\/wp\/v2\/pages"}],"about":[{"href":"https:\/\/pfi-germany.de\/de\/wp-json\/wp\/v2\/types\/page"}],"author":[{"embeddable":true,"href":"https:\/\/pfi-germany.de\/de\/wp-json\/wp\/v2\/users\/1"}],"replies":[{"embeddable":true,"href":"https:\/\/pfi-germany.de\/de\/wp-json\/wp\/v2\/comments?post=923"}],"version-history":[{"count":11,"href":"https:\/\/pfi-germany.de\/de\/wp-json\/wp\/v2\/pages\/923\/revisions"}],"predecessor-version":[{"id":6696,"href":"https:\/\/pfi-germany.de\/de\/wp-json\/wp\/v2\/pages\/923\/revisions\/6696"}],"up":[{"embeddable":true,"href":"https:\/\/pfi-germany.de\/de\/wp-json\/wp\/v2\/pages\/909"}],"wp:attachment":[{"href":"https:\/\/pfi-germany.de\/de\/wp-json\/wp\/v2\/media?parent=923"}],"curies":[{"name":"wp","href":"https:\/\/api.w.org\/{rel}","templated":true}]}}