{"id":902,"date":"2024-12-03T07:27:46","date_gmt":"2024-12-03T07:27:46","guid":{"rendered":"http:\/\/pfi.agentur-reppa.de\/wordpress\/?page_id=902"},"modified":"2026-03-10T08:56:18","modified_gmt":"2026-03-10T08:56:18","slug":"schuhentwicklung","status":"publish","type":"page","link":"https:\/\/pfi-germany.de\/de\/forschung-entwicklung\/schuhentwicklung\/","title":{"rendered":"Schuhentwicklung"},"content":{"rendered":"\n<div class=\"wp-block-group alignwide has-global-padding is-layout-constrained wp-block-group-is-layout-constrained\" style=\"margin-top:var(--wp--preset--spacing--40);margin-bottom:0\">\n<div class=\"wp-block-columns alignwide is-layout-flex wp-container-core-columns-is-layout-28f84493 wp-block-columns-is-layout-flex\">\n<div class=\"wp-block-column is-layout-flow wp-block-column-is-layout-flow\" style=\"flex-basis:100%\">\n<div class=\"wp-block-group is-vertical is-layout-flex wp-container-core-group-is-layout-fe9cc265 wp-block-group-is-layout-flex\">\n<h1 class=\"wp-block-heading has-pfi-blue-color has-text-color wp-container-content-cf2db169\"><strong><strong>Die Schuhentwicklung erfordert viel Know-how, Erfahrung und Liebe zum Detail \u2013 Darauf k\u00f6nnen Sie bei uns z\u00e4hlen!<\/strong><\/strong><\/h1>\n\n\n\n<p style=\"margin-top:0;margin-bottom:0\"><br>Ob revolution\u00e4res Design, eine bisher vernachl\u00e4ssigte Zielgruppe oder die L\u00f6sung eines Alltagsproblems \u2013 der erste Schritt zur eigenen Schuhkollektion ist oft der schwerste. Hier kommen wir ins Spiel:<\/p>\n\n\n\n<ul class=\"wp-block-list wp-container-content-cf2db169\">\n<li><strong>Von der Skizze zum Prototyp:<\/strong> Wir helfen Ihnen, Ideen greifbar zu machen.<\/li>\n\n\n\n<li><strong>Materialauswahl:<\/strong> Welche Stoffe und Technologien passen zu Ihrem Konzept?<\/li>\n\n\n\n<li><strong>Serienreife Entwicklung:<\/strong> Vom ersten Entwurf bis zur Produktion \u2013 wir begleiten Sie auf dem Weg zum Erfolg.<\/li>\n<\/ul>\n\n\n\n<p class=\"wp-container-content-cf2db169\">Lassen Sie uns gemeinsam Ihre Vision Wirklichkeit werden lassen.<\/p>\n\n\n\n<p class=\"wp-container-content-cf2db169\">Das&nbsp;<strong>International Shoe Competence Center (ISC)<\/strong>&nbsp;steht Ihnen in jeder dieser Phasen als verl\u00e4sslicher Partner zur Seite.<\/p>\n\n\n\n<h2 class=\"wp-block-heading has-white-color has-pfi-blue-background-color has-text-color has-background\" style=\"border-radius:10px;padding-top:0.15rem;padding-right:var(--wp--preset--spacing--20);padding-bottom:0.15rem;padding-left:var(--wp--preset--spacing--20);font-size:clamp(0.875rem, 0.875rem + ((1vw - 0.2rem) * 0.375), 1.1rem);\"><strong><strong><strong>Konzeptionierung und Kollektionsgestaltung<\/strong><\/strong><\/strong><\/h2>\n\n\n\n<ul class=\"wp-block-list\">\n<li>Design &amp; Trendrecherche<\/li>\n\n\n\n<li>Entwurfszeichnungen<\/li>\n\n\n\n<li>Renderings<\/li>\n\n\n\n<li>Unterst\u00fctzung bei Material- und Technologieauswahl<\/li>\n<\/ul>\n\n\n\n<h2 class=\"wp-block-heading has-white-color has-pfi-blue-background-color has-text-color has-background\" style=\"border-radius:10px;padding-top:0.15rem;padding-right:var(--wp--preset--spacing--20);padding-bottom:0.15rem;padding-left:var(--wp--preset--spacing--20);font-size:clamp(0.875rem, 0.875rem + ((1vw - 0.2rem) * 0.375), 1.1rem);\"><strong><strong><strong>Schaftentwicklung<\/strong><\/strong><\/strong><\/h2>\n\n\n\n<ul class=\"wp-block-list\">\n<li>Erstellung &amp; Digitalisierung des Grundmodells<\/li>\n\n\n\n<li>Detailierung der Schablonen (Pattern Design)<\/li>\n\n\n\n<li>Gradierung<\/li>\n<\/ul>\n\n\n\n<h2 class=\"wp-block-heading has-white-color has-pfi-blue-background-color has-text-color has-background\" style=\"border-radius:10px;padding-top:0.15rem;padding-right:var(--wp--preset--spacing--20);padding-bottom:0.15rem;padding-left:var(--wp--preset--spacing--20);font-size:clamp(0.875rem, 0.875rem + ((1vw - 0.2rem) * 0.375), 1.1rem);\"><strong><strong><strong><strong>Sohlenentwicklung<\/strong><\/strong><\/strong><\/strong><\/h2>\n\n\n\n<ul class=\"wp-block-list\">\n<li>2D Renderings<\/li>\n\n\n\n<li>3D &#8211; Modellierung mit Rhino<\/li>\n\n\n\n<li>Maquetten<\/li>\n<\/ul>\n\n\n\n<h2 class=\"wp-block-heading has-white-color has-pfi-blue-background-color has-text-color has-background\" style=\"border-radius:10px;padding-top:0.15rem;padding-right:var(--wp--preset--spacing--20);padding-bottom:0.15rem;padding-left:var(--wp--preset--spacing--20);font-size:clamp(0.875rem, 0.875rem + ((1vw - 0.2rem) * 0.375), 1.1rem);\"><strong><strong><strong><strong><strong>3D-Technik<\/strong><\/strong><\/strong><\/strong><\/strong><\/h2>\n\n\n\n<ul class=\"wp-block-list\">\n<li>3D-Druck von Laufsohlen und Applikationen als Rapid Prototype<\/li>\n\n\n\n<li>3D-Scan zur Digitalisierung von Leisten und Komponenten<\/li>\n<\/ul>\n\n\n\n<p class=\"wp-container-content-cf2db169\">Wir achten bei unseren Arbeiten besonders darauf Ihr ansprechendes Design auf praktische Umsetzbarkeit und die jeweiligen Marktanforderungen fokussiert zu entwickeln. Die Wahl der richtigen Materialien und die Konstruktion des Schuhs sind entscheidend. Im Endprodukt sind Haltbarkeit, Komfort und Performance optimal miteinander zu vereinen. Hierbei legen wir besonderen Wert auf nachhaltige Materialien und umweltfreundliche Produktionsmethoden. Mit physikalischen und chemischen Untersuchungen in unseren Laboren k\u00f6nnen wir die Eigenschaften der verwendeten Materialien \u00fcberpr\u00fcfen. <strong>Somit sind Sie mit uns stets auf der sicheren Seite!<\/strong><\/p>\n\n\n\n<p>Durch unsere hauseigene Manufaktur sind wir agil. Wir fertigen Prototypen selbst, um Herausforderungen direkt zu identifizieren und finden so schnell zum Best Practice f\u00fcr die Serienproduktion. F\u00fcr einen sicheren \u00dcbergang zur Produktion vermitteln wir Kontakte innerhalb der Schuhindustrie.<\/p>\n\n\n\n<p class=\"wp-container-content-cf2db169\">Schon gewusst: Wir arbeiten mit <a href=\"https:\/\/pfi-germany.de\/de\/aus-und-weiterbildung\/#rhino3d\">Rhino 3D<\/a>, <a href=\"https:\/\/pfi-germany.de\/de\/aus-und-weiterbildung\/#jevero\">Jevero <\/a>und <a href=\"https:\/\/pfi-germany.de\/de\/aus-und-weiterbildung\/#procam\">Procam: Dimensions<\/a>. Wenn sie sich hierzu weiterbilden m\u00f6chten, sehen Sie sich <a href=\"https:\/\/pfi-germany.de\/de\/aus-und-weiterbildung\/\">unseren Seminarplan<\/a> an!<\/p>\n<\/div>\n<\/div>\n<\/div>\n<\/div>\n\n\n\n<div class=\"wp-block-group alignwide has-global-padding is-content-justification-center is-layout-constrained wp-block-group-is-layout-constrained\">\n<div class=\"wp-block-columns alignwide is-layout-flex wp-container-core-columns-is-layout-28f84493 wp-block-columns-is-layout-flex\">\n<div class=\"wp-block-column is-vertically-aligned-center has-pfi-blue-color has-text-color has-link-color wp-elements-83c230e353086a407b477d6c363077ff is-layout-flow wp-block-column-is-layout-flow\" style=\"font-style:normal;font-weight:800\">\n<p><\/p>\n<\/div>\n<\/div>\n\n\n\n<div class=\"wp-block-columns are-vertically-aligned-center is-layout-flex wp-container-core-columns-is-layout-59e203da wp-block-columns-is-layout-flex\" style=\"padding-right:0;padding-left:0\">\n<div class=\"wp-block-column is-vertically-aligned-center has-pfi-grey-background-color has-background is-layout-flow wp-block-column-is-layout-flow\" style=\"border-radius:20px;padding-top:var(--wp--preset--spacing--10);padding-right:var(--wp--preset--spacing--20);padding-bottom:var(--wp--preset--spacing--10);padding-left:var(--wp--preset--spacing--20);flex-basis:100%\">\n<div class=\"wp-block-group is-vertical is-content-justification-center is-layout-flex wp-container-core-group-is-layout-63331d0c wp-block-group-is-layout-flex\" style=\"padding-top:var(--wp--preset--spacing--20);padding-right:0;padding-bottom:var(--wp--preset--spacing--20);padding-left:0\">\n<div class=\"wp-block-group is-vertical is-content-justification-center is-layout-flex wp-container-core-group-is-layout-ce155fab wp-block-group-is-layout-flex\">\n<p class=\"has-text-align-right\"><strong><strong><strong><strong><strong>ISC \u2013 Schulung und Forschung<\/strong><\/strong><\/strong><\/strong><\/strong><\/p>\n\n\n\n<div class=\"wp-block-group is-vertical is-layout-flex wp-container-core-group-is-layout-fe9cc265 wp-block-group-is-layout-flex\">\n<div class=\"wp-block-buttons has-custom-font-size has-white-background-color has-background has-link-color has-small-font-size wp-elements-a1a4d2253ffd75f5bd4db2406f5e1bd1 is-layout-flex wp-block-buttons-is-layout-flex\" style=\"border-radius:10px;font-style:normal;font-weight:1000\">\n<div class=\"wp-block-button\"><a class=\"wp-block-button__link has-pfi-blue-color has-white-background-color has-text-color has-background has-link-color has-small-font-size has-custom-font-size wp-element-button\" href=\"tel:+4963312490951\" style=\"border-radius:10px;font-style:normal;font-weight:1000\" target=\"_blank\" rel=\"noreferrer noopener\">\ud83d\udcde +49 6331 2490 951 <\/a><\/div>\n<\/div>\n<\/div>\n\n\n\n<div class=\"wp-block-group is-vertical is-layout-flex wp-container-core-group-is-layout-fe9cc265 wp-block-group-is-layout-flex\">\n<div class=\"wp-block-buttons has-custom-font-size has-white-background-color has-background has-link-color has-small-font-size wp-elements-e2a0bf4afc787ab961b544abb338c0b8 is-layout-flex wp-block-buttons-is-layout-flex\" style=\"border-radius:10px;font-style:normal;font-weight:1000\">\n<div class=\"wp-block-button\"><a class=\"wp-block-button__link has-pfi-blue-color has-white-background-color has-text-color has-background has-link-color has-small-font-size has-custom-font-size wp-element-button\" href=\"mailto:info@isc-germany.com\" style=\"border-radius:10px;font-style:normal;font-weight:1000\" target=\"_blank\" rel=\"noreferrer noopener\">\u2709\ufe0f  E-Mail schreiben <\/a><\/div>\n<\/div>\n<\/div>\n<\/div>\n<\/div>\n<\/div>\n<\/div>\n<\/div>\n\n\n\n<div class=\"wp-block-group alignwide has-pfi-grey-background-color has-background has-global-padding is-layout-constrained wp-container-core-group-is-layout-5c4618ab wp-block-group-is-layout-constrained\" style=\"border-radius:20px;margin-top:var(--wp--preset--spacing--30);margin-bottom:var(--wp--preset--spacing--30);padding-top:var(--wp--preset--spacing--20);padding-right:0;padding-bottom:var(--wp--preset--spacing--20);padding-left:0\">\n<div class=\"wp-block-group alignwide is-layout-flow wp-container-core-group-is-layout-5c428949 wp-block-group-is-layout-flow\" style=\"padding-top:0;padding-right:0;padding-bottom:0;padding-left:0\">\n<div class=\"wp-block-group is-vertical is-content-justification-center is-layout-flex wp-container-core-group-is-layout-81423f52 wp-block-group-is-layout-flex\">\n<p class=\"has-text-align-center has-heading-font-family has-medium-font-size\" style=\"padding-top:var(--wp--preset--spacing--20);padding-right:var(--wp--preset--spacing--30);padding-bottom:var(--wp--preset--spacing--20);padding-left:var(--wp--preset--spacing--30);font-style:normal;font-weight:400;line-height:1.2\"><strong>Neben der Auftrags-Schuhentwicklung betreiben wir zahlreiche Forschungsprojekte rund um das Thema Schuh- und Orthop\u00e4dietechnik. <\/strong><\/p>\n\n\n\n<p class=\"has-text-align-center has-heading-font-family has-medium-font-size\" style=\"font-style:normal;font-weight:400;line-height:1.2\"><strong>Diese finden Sie in unserem <strong>Blog<\/strong><\/strong>.<\/p>\n<\/div>\n\n\n\n<div class=\"wp-block-buttons is-content-justification-center is-nowrap is-layout-flex wp-container-core-buttons-is-layout-12a27398 wp-block-buttons-is-layout-flex\">\n<div class=\"wp-block-button has-custom-width wp-block-button__width-50\"><a class=\"wp-block-button__link has-white-color has-pfi-blue-background-color has-text-color has-background has-link-color wp-element-button\" href=\"https:\/\/pfi-germany.de\/de\/category\/forschungsprojekte\/\" target=\"_blank\" rel=\"noreferrer noopener\">Zum Blog<\/a><\/div>\n<\/div>\n<\/div>\n<\/div>\n","protected":false},"excerpt":{"rendered":"<p>Die Schuhentwicklung erfordert viel Know-how, Erfahrung und Liebe zum Detail \u2013 Darauf k\u00f6nnen Sie bei uns z\u00e4hlen! Ob revolution\u00e4res Design, eine bisher vernachl\u00e4ssigte Zielgruppe oder die L\u00f6sung eines Alltagsproblems \u2013 der erste Schritt zur eigenen Schuhkollektion ist oft der schwerste. Hier kommen wir ins Spiel: Lassen Sie uns gemeinsam Ihre Vision Wirklichkeit werden lassen. Das&nbsp;International [&hellip;]<\/p>\n","protected":false},"author":1,"featured_media":0,"parent":844,"menu_order":0,"comment_status":"closed","ping_status":"closed","template":"","meta":{"footnotes":""},"class_list":["post-902","page","type-page","status-publish","hentry"],"yoast_head":"<!-- This site is optimized with the Yoast SEO plugin v27.3 - https:\/\/yoast.com\/product\/yoast-seo-wordpress\/ -->\n<title>Schuhentwicklung: Vom Leisten bis zum Serienprodukt \u2013 Qualit\u00e4t, Komfort und Funktionalit\u00e4t<\/title>\n<meta name=\"description\" content=\"Von der Idee bis zum Serienprodukt: Wir begleiten Ihre Schuhentwicklung mit Expertise, Erfahrung und Liebe zum Detail \u2013 modisch, funktionell und langlebig.\" \/>\n<meta name=\"robots\" content=\"index, follow, max-snippet:-1, max-image-preview:large, max-video-preview:-1\" \/>\n<link rel=\"canonical\" href=\"https:\/\/pfi-germany.de\/de\/forschung-entwicklung\/schuhentwicklung\/\" \/>\n<meta property=\"og:locale\" content=\"de_DE\" \/>\n<meta property=\"og:type\" content=\"article\" \/>\n<meta property=\"og:title\" content=\"Schuhentwicklung: Vom Leisten bis zum Serienprodukt \u2013 Qualit\u00e4t, Komfort und Funktionalit\u00e4t\" \/>\n<meta property=\"og:description\" content=\"Von der Idee bis zum Serienprodukt: Wir begleiten Ihre Schuhentwicklung mit Expertise, Erfahrung und Liebe zum Detail \u2013 modisch, funktionell und langlebig.\" \/>\n<meta property=\"og:url\" content=\"https:\/\/pfi-germany.de\/de\/forschung-entwicklung\/schuhentwicklung\/\" \/>\n<meta property=\"og:site_name\" content=\"Pr\u00fcf- und Forschungsinstitut Pirmasens e.V.\" \/>\n<meta property=\"article:publisher\" content=\"https:\/\/www.facebook.com\/people\/Pruef-und-Forschungsinstitut-Pirmasens-e-V\/100057088164342\/\" \/>\n<meta property=\"article:modified_time\" content=\"2026-03-10T08:56:18+00:00\" \/>\n<meta name=\"twitter:card\" content=\"summary_large_image\" \/>\n<meta name=\"twitter:label1\" content=\"Gesch\u00e4tzte Lesezeit\" \/>\n\t<meta name=\"twitter:data1\" content=\"2\u00a0Minuten\" \/>\n<script type=\"application\/ld+json\" class=\"yoast-schema-graph\">{\"@context\":\"https:\\\/\\\/schema.org\",\"@graph\":[{\"@type\":\"WebPage\",\"@id\":\"https:\\\/\\\/pfi-germany.de\\\/forschung-entwicklung\\\/schuhentwicklung\\\/\",\"url\":\"https:\\\/\\\/pfi-germany.de\\\/forschung-entwicklung\\\/schuhentwicklung\\\/\",\"name\":\"Schuhentwicklung: Vom Leisten bis zum Serienprodukt \u2013 Qualit\u00e4t, Komfort und Funktionalit\u00e4t\",\"isPartOf\":{\"@id\":\"https:\\\/\\\/pfi-germany.de\\\/de\\\/#website\"},\"datePublished\":\"2024-12-03T07:27:46+00:00\",\"dateModified\":\"2026-03-10T08:56:18+00:00\",\"description\":\"Von der Idee bis zum Serienprodukt: Wir begleiten Ihre Schuhentwicklung mit Expertise, Erfahrung und Liebe zum Detail \u2013 modisch, funktionell und langlebig.\",\"breadcrumb\":{\"@id\":\"https:\\\/\\\/pfi-germany.de\\\/forschung-entwicklung\\\/schuhentwicklung\\\/#breadcrumb\"},\"inLanguage\":\"de\",\"potentialAction\":[{\"@type\":\"ReadAction\",\"target\":[\"https:\\\/\\\/pfi-germany.de\\\/forschung-entwicklung\\\/schuhentwicklung\\\/\"]}]},{\"@type\":\"BreadcrumbList\",\"@id\":\"https:\\\/\\\/pfi-germany.de\\\/forschung-entwicklung\\\/schuhentwicklung\\\/#breadcrumb\",\"itemListElement\":[{\"@type\":\"ListItem\",\"position\":1,\"name\":\"Home\",\"item\":\"https:\\\/\\\/pfi-germany.de\\\/\"},{\"@type\":\"ListItem\",\"position\":2,\"name\":\"Forschung &#038; Entwicklung\",\"item\":\"https:\\\/\\\/pfi-germany.de\\\/de\\\/forschung-entwicklung\\\/\"},{\"@type\":\"ListItem\",\"position\":3,\"name\":\"Schuhentwicklung\"}]},{\"@type\":\"WebSite\",\"@id\":\"https:\\\/\\\/pfi-germany.de\\\/de\\\/#website\",\"url\":\"https:\\\/\\\/pfi-germany.de\\\/de\\\/\",\"name\":\"PFI 2024\",\"description\":\"\",\"publisher\":{\"@id\":\"https:\\\/\\\/pfi-germany.de\\\/de\\\/#organization\"},\"potentialAction\":[{\"@type\":\"SearchAction\",\"target\":{\"@type\":\"EntryPoint\",\"urlTemplate\":\"https:\\\/\\\/pfi-germany.de\\\/de\\\/?s={search_term_string}\"},\"query-input\":{\"@type\":\"PropertyValueSpecification\",\"valueRequired\":true,\"valueName\":\"search_term_string\"}}],\"inLanguage\":\"de\"},{\"@type\":\"Organization\",\"@id\":\"https:\\\/\\\/pfi-germany.de\\\/de\\\/#organization\",\"name\":\"PFI 2024\",\"url\":\"https:\\\/\\\/pfi-germany.de\\\/de\\\/\",\"logo\":{\"@type\":\"ImageObject\",\"inLanguage\":\"de\",\"@id\":\"https:\\\/\\\/pfi-germany.de\\\/de\\\/#\\\/schema\\\/logo\\\/image\\\/\",\"url\":\"https:\\\/\\\/pfi-germany.de\\\/wp-content\\\/uploads\\\/2024\\\/09\\\/logo.jpg\",\"contentUrl\":\"https:\\\/\\\/pfi-germany.de\\\/wp-content\\\/uploads\\\/2024\\\/09\\\/logo.jpg\",\"width\":329,\"height\":120,\"caption\":\"PFI 2024\"},\"image\":{\"@id\":\"https:\\\/\\\/pfi-germany.de\\\/de\\\/#\\\/schema\\\/logo\\\/image\\\/\"},\"sameAs\":[\"https:\\\/\\\/www.facebook.com\\\/people\\\/Pruef-und-Forschungsinstitut-Pirmasens-e-V\\\/100057088164342\\\/\",\"https:\\\/\\\/www.instagram.com\\\/pfi_germany\\\/\",\"https:\\\/\\\/www.youtube.com\\\/channel\\\/UCITCYhey0fqJRRjiH7Gw3sg\",\"https:\\\/\\\/de.linkedin.com\\\/company\\\/pfi-germany\"]}]}<\/script>\n<!-- \/ Yoast SEO plugin. -->","yoast_head_json":{"title":"Schuhentwicklung: Vom Leisten bis zum Serienprodukt \u2013 Qualit\u00e4t, Komfort und Funktionalit\u00e4t","description":"Von der Idee bis zum Serienprodukt: Wir begleiten Ihre Schuhentwicklung mit Expertise, Erfahrung und Liebe zum Detail \u2013 modisch, funktionell und langlebig.","robots":{"index":"index","follow":"follow","max-snippet":"max-snippet:-1","max-image-preview":"max-image-preview:large","max-video-preview":"max-video-preview:-1"},"canonical":"https:\/\/pfi-germany.de\/de\/forschung-entwicklung\/schuhentwicklung\/","og_locale":"de_DE","og_type":"article","og_title":"Schuhentwicklung: Vom Leisten bis zum Serienprodukt \u2013 Qualit\u00e4t, Komfort und Funktionalit\u00e4t","og_description":"Von der Idee bis zum Serienprodukt: Wir begleiten Ihre Schuhentwicklung mit Expertise, Erfahrung und Liebe zum Detail \u2013 modisch, funktionell und langlebig.","og_url":"https:\/\/pfi-germany.de\/de\/forschung-entwicklung\/schuhentwicklung\/","og_site_name":"Pr\u00fcf- und Forschungsinstitut Pirmasens e.V.","article_publisher":"https:\/\/www.facebook.com\/people\/Pruef-und-Forschungsinstitut-Pirmasens-e-V\/100057088164342\/","article_modified_time":"2026-03-10T08:56:18+00:00","twitter_card":"summary_large_image","twitter_misc":{"Gesch\u00e4tzte Lesezeit":"2\u00a0Minuten"},"schema":{"@context":"https:\/\/schema.org","@graph":[{"@type":"WebPage","@id":"https:\/\/pfi-germany.de\/forschung-entwicklung\/schuhentwicklung\/","url":"https:\/\/pfi-germany.de\/forschung-entwicklung\/schuhentwicklung\/","name":"Schuhentwicklung: Vom Leisten bis zum Serienprodukt \u2013 Qualit\u00e4t, Komfort und Funktionalit\u00e4t","isPartOf":{"@id":"https:\/\/pfi-germany.de\/de\/#website"},"datePublished":"2024-12-03T07:27:46+00:00","dateModified":"2026-03-10T08:56:18+00:00","description":"Von der Idee bis zum Serienprodukt: Wir begleiten Ihre Schuhentwicklung mit Expertise, Erfahrung und Liebe zum Detail \u2013 modisch, funktionell und langlebig.","breadcrumb":{"@id":"https:\/\/pfi-germany.de\/forschung-entwicklung\/schuhentwicklung\/#breadcrumb"},"inLanguage":"de","potentialAction":[{"@type":"ReadAction","target":["https:\/\/pfi-germany.de\/forschung-entwicklung\/schuhentwicklung\/"]}]},{"@type":"BreadcrumbList","@id":"https:\/\/pfi-germany.de\/forschung-entwicklung\/schuhentwicklung\/#breadcrumb","itemListElement":[{"@type":"ListItem","position":1,"name":"Home","item":"https:\/\/pfi-germany.de\/"},{"@type":"ListItem","position":2,"name":"Forschung &#038; Entwicklung","item":"https:\/\/pfi-germany.de\/de\/forschung-entwicklung\/"},{"@type":"ListItem","position":3,"name":"Schuhentwicklung"}]},{"@type":"WebSite","@id":"https:\/\/pfi-germany.de\/de\/#website","url":"https:\/\/pfi-germany.de\/de\/","name":"PFI 2024","description":"","publisher":{"@id":"https:\/\/pfi-germany.de\/de\/#organization"},"potentialAction":[{"@type":"SearchAction","target":{"@type":"EntryPoint","urlTemplate":"https:\/\/pfi-germany.de\/de\/?s={search_term_string}"},"query-input":{"@type":"PropertyValueSpecification","valueRequired":true,"valueName":"search_term_string"}}],"inLanguage":"de"},{"@type":"Organization","@id":"https:\/\/pfi-germany.de\/de\/#organization","name":"PFI 2024","url":"https:\/\/pfi-germany.de\/de\/","logo":{"@type":"ImageObject","inLanguage":"de","@id":"https:\/\/pfi-germany.de\/de\/#\/schema\/logo\/image\/","url":"https:\/\/pfi-germany.de\/wp-content\/uploads\/2024\/09\/logo.jpg","contentUrl":"https:\/\/pfi-germany.de\/wp-content\/uploads\/2024\/09\/logo.jpg","width":329,"height":120,"caption":"PFI 2024"},"image":{"@id":"https:\/\/pfi-germany.de\/de\/#\/schema\/logo\/image\/"},"sameAs":["https:\/\/www.facebook.com\/people\/Pruef-und-Forschungsinstitut-Pirmasens-e-V\/100057088164342\/","https:\/\/www.instagram.com\/pfi_germany\/","https:\/\/www.youtube.com\/channel\/UCITCYhey0fqJRRjiH7Gw3sg","https:\/\/de.linkedin.com\/company\/pfi-germany"]}]}},"_links":{"self":[{"href":"https:\/\/pfi-germany.de\/de\/wp-json\/wp\/v2\/pages\/902","targetHints":{"allow":["GET"]}}],"collection":[{"href":"https:\/\/pfi-germany.de\/de\/wp-json\/wp\/v2\/pages"}],"about":[{"href":"https:\/\/pfi-germany.de\/de\/wp-json\/wp\/v2\/types\/page"}],"author":[{"embeddable":true,"href":"https:\/\/pfi-germany.de\/de\/wp-json\/wp\/v2\/users\/1"}],"replies":[{"embeddable":true,"href":"https:\/\/pfi-germany.de\/de\/wp-json\/wp\/v2\/comments?post=902"}],"version-history":[{"count":22,"href":"https:\/\/pfi-germany.de\/de\/wp-json\/wp\/v2\/pages\/902\/revisions"}],"predecessor-version":[{"id":19687,"href":"https:\/\/pfi-germany.de\/de\/wp-json\/wp\/v2\/pages\/902\/revisions\/19687"}],"up":[{"embeddable":true,"href":"https:\/\/pfi-germany.de\/de\/wp-json\/wp\/v2\/pages\/844"}],"wp:attachment":[{"href":"https:\/\/pfi-germany.de\/de\/wp-json\/wp\/v2\/media?parent=902"}],"curies":[{"name":"wp","href":"https:\/\/api.w.org\/{rel}","templated":true}]}}