{"id":890,"date":"2024-12-02T20:21:39","date_gmt":"2024-12-02T20:21:39","guid":{"rendered":"http:\/\/pfi.agentur-reppa.de\/wordpress\/?page_id=890"},"modified":"2026-02-26T14:46:17","modified_gmt":"2026-02-26T14:46:17","slug":"engineering","status":"publish","type":"page","link":"https:\/\/pfi-germany.de\/de\/forschung-entwicklung\/engineering\/","title":{"rendered":"Engineering"},"content":{"rendered":"\n<div style=\"height:100px\" aria-hidden=\"true\" class=\"wp-block-spacer\"><\/div>\n\n\n\n<div class=\"wp-block-group alignfull has-base-2-background-color has-background is-content-justification-center is-nowrap is-layout-flex wp-container-core-group-is-layout-c5e3ac16 wp-block-group-is-layout-flex\" id=\"Engineering:-von-der-Idee-zur-Maschine-\" style=\"margin-top:0;margin-bottom:0;padding-top:var(--wp--preset--spacing--20);padding-right:var(--wp--preset--spacing--50);padding-bottom:var(--wp--preset--spacing--20);padding-left:var(--wp--preset--spacing--50)\">\n<div class=\"wp-block-columns alignwide is-layout-flex wp-container-core-columns-is-layout-8e607e38 wp-block-columns-is-layout-flex\" style=\"padding-top:0;padding-right:var(--wp--preset--spacing--50);padding-bottom:0;padding-left:var(--wp--preset--spacing--50)\">\n<div class=\"wp-block-column is-vertically-aligned-top is-layout-flow wp-block-column-is-layout-flow\" style=\"flex-basis:100%\">\n<div class=\"wp-block-group has-global-padding is-content-justification-left is-layout-constrained wp-container-core-group-is-layout-8a024f8d wp-block-group-is-layout-constrained\" style=\"margin-top:0;margin-bottom:0;padding-top:0;padding-right:0;padding-bottom:0;padding-left:0\">\n<h1 class=\"wp-block-heading has-text-align-left has-pfi-blue-color has-text-color has-link-color wp-elements-70c831a919a768a930bb40c7207c7580\" style=\"margin-right:0;margin-bottom:0;margin-left:calc( var(--wp--preset--spacing--20) * -1);line-height:1.2;writing-mode:horizontal-tb\"><strong><strong><strong><strong><strong>Engineering: von der Idee zur Maschine&nbsp;<\/strong><\/strong><\/strong><\/strong><\/strong><\/h1>\n\n\n\n<p style=\"margin-top:0;margin-bottom:0\"><br>Von der ersten Idee \u00fcber die Erstellung eines Pflichtenheftes bis zur fertigen Maschine entwickeln, konstruieren und fertigen wir Mess-, Pr\u00fcf- und Fertigungseinrichtungen. Daf\u00fcr steht uns ein innovatives und&nbsp;erfahrenes Team aus Ingenieuren und Technikern der Fachgebiete Mechanik, Elektrotechnik, Informationstechnik und <a href=\"https:\/\/pfi-germany.de\/schuhentwicklung\/\" data-type=\"page\" data-id=\"902\"><strong>Schuhfertigungstechnik<\/strong><\/a> zur Verf\u00fcgung.<\/p>\n\n\n<\/div>\n<\/div>\n\n\n\n<div class=\"wp-block-column is-vertically-aligned-top is-layout-flow wp-block-column-is-layout-flow\" style=\"flex-basis:70%\">\n<figure class=\"wp-block-image size-full is-resized has-custom-border is-style-rounded image-gradient-border wp-duotone-unset-2 is-style-rounded--1\"><img loading=\"lazy\" decoding=\"async\" width=\"1440\" height=\"1920\" src=\"https:\/\/pfi-germany.de\/wp-content\/uploads\/2025\/02\/engineering_Retusche.webp\" alt=\"Ingenieur arbeitet im Blaumann und mit Schutzbrille an der Entwicklung einer Maschine zur Schuhfertigung\" class=\"wp-image-3440\" style=\"border-radius:10px;aspect-ratio:1;object-fit:cover;width:309px;height:auto\" srcset=\"https:\/\/pfi-germany.de\/wp-content\/uploads\/2025\/02\/engineering_Retusche.webp 1440w, https:\/\/pfi-germany.de\/wp-content\/uploads\/2025\/02\/engineering_Retusche-225x300.webp 225w, https:\/\/pfi-germany.de\/wp-content\/uploads\/2025\/02\/engineering_Retusche-768x1024.webp 768w, https:\/\/pfi-germany.de\/wp-content\/uploads\/2025\/02\/engineering_Retusche-50x67.webp 50w, https:\/\/pfi-germany.de\/wp-content\/uploads\/2025\/02\/engineering_Retusche-1152x1536.webp 1152w\" sizes=\"auto, (max-width: 1440px) 100vw, 1440px\" \/><\/figure>\n<\/div>\n<\/div>\n<\/div>\n\n\n\n<div class=\"wp-block-group alignfull is-content-justification-center is-nowrap is-layout-flex wp-container-core-group-is-layout-93367e86 wp-block-group-is-layout-flex\" style=\"margin-top:0;margin-bottom:0;padding-top:var(--wp--preset--spacing--40);padding-bottom:0\">\n<div class=\"gradient-separator-up\"><\/div>\n<\/div>\n\n\n\n<div class=\"wp-block-group alignfull has-base-2-background-color has-background is-content-justification-center is-nowrap is-layout-flex wp-container-core-group-is-layout-41a52477 wp-block-group-is-layout-flex\" style=\"margin-top:0;margin-bottom:0;padding-top:var(--wp--preset--spacing--20);padding-right:var(--wp--preset--spacing--50);padding-bottom:var(--wp--preset--spacing--20);padding-left:var(--wp--preset--spacing--50)\">\n<div class=\"wp-block-columns alignwide are-vertically-aligned-center is-layout-flex wp-container-core-columns-is-layout-d50c1adf wp-block-columns-is-layout-flex\" style=\"padding-right:var(--wp--preset--spacing--50);padding-left:var(--wp--preset--spacing--50)\">\n<div class=\"wp-block-column is-vertically-aligned-center is-layout-flow wp-block-column-is-layout-flow\" style=\"flex-basis:70%\">\n<figure class=\"wp-block-image size-full is-resized has-custom-border is-style-rounded image-gradient-border wp-duotone-unset-4 is-style-rounded--3\"><img loading=\"lazy\" decoding=\"async\" width=\"1440\" height=\"1920\" src=\"https:\/\/pfi-germany.de\/wp-content\/uploads\/2025\/02\/konstruktion_Retusche.webp\" alt=\"Techniker in Arbeitskleidung bedient eine gro\u00dfe Fertigungsmaschine\" class=\"wp-image-3441\" style=\"border-radius:10px;aspect-ratio:3\/4;object-fit:cover;width:auto;height:500px\" srcset=\"https:\/\/pfi-germany.de\/wp-content\/uploads\/2025\/02\/konstruktion_Retusche.webp 1440w, https:\/\/pfi-germany.de\/wp-content\/uploads\/2025\/02\/konstruktion_Retusche-225x300.webp 225w, https:\/\/pfi-germany.de\/wp-content\/uploads\/2025\/02\/konstruktion_Retusche-768x1024.webp 768w, https:\/\/pfi-germany.de\/wp-content\/uploads\/2025\/02\/konstruktion_Retusche-50x67.webp 50w, https:\/\/pfi-germany.de\/wp-content\/uploads\/2025\/02\/konstruktion_Retusche-1152x1536.webp 1152w\" sizes=\"auto, (max-width: 1440px) 100vw, 1440px\" \/><\/figure>\n<\/div>\n\n\n\n<div class=\"wp-block-column is-vertically-aligned-center is-layout-flow wp-block-column-is-layout-flow\" style=\"flex-basis:100%\">\n<div class=\"wp-block-group has-global-padding is-content-justification-left is-layout-constrained wp-container-core-group-is-layout-3d9dec5e wp-block-group-is-layout-constrained\" style=\"margin-top:0;margin-bottom:0;padding-top:var(--wp--preset--spacing--30);padding-right:var(--wp--preset--spacing--10);padding-bottom:var(--wp--preset--spacing--30);padding-left:var(--wp--preset--spacing--10)\">\n<h2 class=\"wp-block-heading has-text-align-left has-pfi-blue-color has-text-color has-link-color has-large-font-size wp-elements-5ce345445b5886450cfe205a1d850c9b\" style=\"margin-right:0;margin-bottom:0;margin-left:calc( var(--wp--preset--spacing--20) * -1);line-height:1.2;writing-mode:horizontal-tb\"><strong><strong><strong>Entwicklung, Konstruktion, Fertigung<\/strong><\/strong><\/strong><\/h2>\n\n\n\n<p>Dank unserer modern ausgestatteten Ingenieurabteilung sind&nbsp;wir sowohl f\u00fcr Entwicklungs- als auch Fertigungsaufgaben bestens ger\u00fcstet.&nbsp;In Zusammenarbeit mit unseren Laboren entwickeln wir auf spezielle Pr\u00fcfverfahren zugeschnittene Pr\u00fcf- und Automatisierungsl\u00f6sungen f\u00fcr unterschiedlichste Branchen. Dabei liegt unser Schwerpunkt auf dem Engineering in Pr\u00fcf- und Fertigungstechnik sowie der Entwicklung, Konstruktion und dem Aufbau von Anlagen, Maschinen, Ger\u00e4ten und Steuerungen. Zus\u00e4tzlich widmen wir uns der verfahrenstechnischen Entwicklung und Konstruktion von biotechnologischen Anlagen, der Hard- und Software-Entwicklung sowie dem Entwurf elektrischer Schaltungen.<\/p>\n\n\n\n<p>Auf Wunsch k\u00fcmmern wir uns auch um eine sp\u00e4tere Serienfertigung der von uns entwickelten Anlagen durch ausgew\u00e4hlte und zertifizierte Partnerunternehmen. Mit dieser breiten Expertise sind wir ein zuverl\u00e4ssiger Partner f\u00fcr innovative L\u00f6sungen in der Entwicklung und Fertigung, sowohl f\u00fcr individuelle Projekte als auch f\u00fcr umfassende Serienfertigungen durch unsere zertifizierten Partnerunternehmen.<\/p>\n<\/div>\n<\/div>\n<\/div>\n<\/div>\n\n\n\n\n\n\n\n\n\n<div class=\"wp-block-group alignfull is-content-justification-center is-nowrap is-layout-flex wp-container-core-group-is-layout-9f299882 wp-block-group-is-layout-flex\" style=\"padding-top:0;padding-right:0;padding-bottom:var(--wp--preset--spacing--20)\">\n<div class=\"gradient-separator\"><\/div>\n<\/div>\n\n\n\n<div class=\"wp-block-group alignwide has-global-padding is-content-justification-center is-layout-constrained wp-block-group-is-layout-constrained\">\n<div class=\"wp-block-columns alignwide is-layout-flex wp-container-core-columns-is-layout-28f84493 wp-block-columns-is-layout-flex\">\n<div class=\"wp-block-column is-vertically-aligned-center has-pfi-blue-color has-text-color has-link-color wp-elements-67ca7248d2df9f684ac01200ef8559e3 is-layout-flow wp-block-column-is-layout-flow\" style=\"font-style:normal;font-weight:800\">\n<h2 class=\"wp-block-heading has-text-align-center has-large-font-size\">Ihr Ansprechpartner:<\/h2>\n<\/div>\n<\/div>\n\n\n\n<div class=\"wp-block-columns are-vertically-aligned-center is-layout-flex wp-container-core-columns-is-layout-59e203da wp-block-columns-is-layout-flex\" style=\"padding-right:0;padding-left:0\">\n<div class=\"wp-block-column is-vertically-aligned-center has-pfi-grey-background-color has-background is-layout-flow wp-block-column-is-layout-flow\" style=\"border-radius:20px;padding-top:var(--wp--preset--spacing--10);padding-right:var(--wp--preset--spacing--20);padding-bottom:var(--wp--preset--spacing--10);padding-left:var(--wp--preset--spacing--20);flex-basis:100%\">\n<div class=\"wp-block-group is-vertical is-content-justification-center is-layout-flex wp-container-core-group-is-layout-63331d0c wp-block-group-is-layout-flex\" style=\"padding-top:var(--wp--preset--spacing--20);padding-right:0;padding-bottom:var(--wp--preset--spacing--20);padding-left:0\">\n<figure class=\"wp-block-image size-full is-resized has-custom-border\"><img loading=\"lazy\" decoding=\"async\" width=\"960\" height=\"1200\" src=\"https:\/\/pfi-germany.de\/wp-content\/uploads\/2025\/01\/Schultheis.jpg\" alt=\"\" class=\"wp-image-2261\" style=\"border-radius:10px;width:150px\" srcset=\"https:\/\/pfi-germany.de\/wp-content\/uploads\/2025\/01\/Schultheis.jpg 960w, https:\/\/pfi-germany.de\/wp-content\/uploads\/2025\/01\/Schultheis-240x300.jpg 240w, https:\/\/pfi-germany.de\/wp-content\/uploads\/2025\/01\/Schultheis-819x1024.jpg 819w, https:\/\/pfi-germany.de\/wp-content\/uploads\/2025\/01\/Schultheis-768x960.jpg 768w, https:\/\/pfi-germany.de\/wp-content\/uploads\/2025\/01\/Schultheis-50x63.jpg 50w\" sizes=\"auto, (max-width: 960px) 100vw, 960px\" \/><\/figure>\n\n\n\n<div class=\"wp-block-group is-vertical is-content-justification-center is-layout-flex wp-container-core-group-is-layout-b6c1f246 wp-block-group-is-layout-flex\">\n<h3 class=\"wp-block-heading has-text-align-left has-pfi-blue-color has-text-color has-link-color wp-elements-f3c6d156990df4dd4bb6b8abd8afddb0\" style=\"font-size:clamp(0.984rem, 0.984rem + ((1vw - 0.2rem) * 0.86), 1.5rem);\"><strong><strong><strong><strong><strong><strong><strong><strong><strong><strong><strong><strong><strong><strong><strong>Peter Schultheis<\/strong><\/strong><\/strong><\/strong><\/strong><\/strong><\/strong><\/strong><\/strong><\/strong><\/strong><\/strong><\/strong><\/strong><\/strong><\/h3>\n\n\n\n<p class=\"has-text-align-center\"><strong><strong><strong><strong><strong><strong><strong><strong><strong>Engineering<\/strong><\/strong><\/strong><\/strong><\/strong><\/strong><\/strong><\/strong><\/strong><\/p>\n\n\n\n<div class=\"wp-block-group is-vertical is-layout-flex wp-container-core-group-is-layout-fe9cc265 wp-block-group-is-layout-flex\">\n<div class=\"wp-block-buttons has-custom-font-size has-white-background-color has-background has-link-color has-small-font-size wp-elements-1042bcb9c23a7917d78dfacf51c8ff10 is-layout-flex wp-block-buttons-is-layout-flex\" style=\"border-radius:10px;font-style:normal;font-weight:1000\">\n<div class=\"wp-block-button has-custom-font-size has-small-font-size\" style=\"font-style:normal;font-weight:1000\"><a class=\"wp-block-button__link has-pfi-blue-color has-white-background-color has-text-color has-background has-link-color wp-element-button\" href=\"tel:+496331249040\" style=\"border-radius:10px\" target=\"_blank\" rel=\"noreferrer noopener\">\ud83d\udcde +49 6331 2490 40<\/a><\/div>\n<\/div>\n<\/div>\n\n\n\n<div class=\"wp-block-group is-vertical is-layout-flex wp-container-core-group-is-layout-fe9cc265 wp-block-group-is-layout-flex\">\n<div class=\"wp-block-buttons has-custom-font-size has-white-background-color has-background has-link-color has-small-font-size wp-elements-8a1e6e617dcfe0dbabad2e0898e44117 is-layout-flex wp-block-buttons-is-layout-flex\" style=\"border-radius:10px;font-style:normal;font-weight:1000\">\n<div class=\"wp-block-button has-custom-font-size has-small-font-size\" style=\"font-style:normal;font-weight:1000\"><a class=\"wp-block-button__link has-pfi-blue-color has-white-background-color has-text-color has-background has-link-color wp-element-button\" href=\"mailto:peter.schultheis@pfi-germany.de\" style=\"border-radius:10px\" target=\"_blank\" rel=\"noreferrer noopener\">\u2709\ufe0f  E-Mail schreiben <\/a><\/div>\n<\/div>\n<\/div>\n<\/div>\n<\/div>\n<\/div>\n<\/div>\n<\/div>\n\n\n\n<div style=\"height:100px\" aria-hidden=\"true\" class=\"wp-block-spacer\"><\/div>\n","protected":false},"excerpt":{"rendered":"<p>Engineering: von der Idee zur Maschine&nbsp; Von der ersten Idee \u00fcber die Erstellung eines Pflichtenheftes bis zur fertigen Maschine entwickeln, konstruieren und fertigen wir Mess-, Pr\u00fcf- und Fertigungseinrichtungen. Daf\u00fcr steht uns ein innovatives und&nbsp;erfahrenes Team aus Ingenieuren und Technikern der Fachgebiete Mechanik, Elektrotechnik, Informationstechnik und Schuhfertigungstechnik zur Verf\u00fcgung. Entwicklung, Konstruktion, Fertigung Dank unserer modern ausgestatteten [&hellip;]<\/p>\n","protected":false},"author":1,"featured_media":0,"parent":844,"menu_order":0,"comment_status":"closed","ping_status":"closed","template":"","meta":{"footnotes":""},"class_list":["post-890","page","type-page","status-publish","hentry"],"yoast_head":"<!-- This site is optimized with the Yoast SEO plugin v27.3 - https:\/\/yoast.com\/product\/yoast-seo-wordpress\/ -->\n<title>Engineering in Pr\u00fcf- und Fertigungstechnik: Anlagen, Maschinen und Steuerungen entwickeln und bauen<\/title>\n<meta name=\"description\" content=\"Von der Idee bis zur Maschine: Wir bieten Engineering in Pr\u00fcf- und Fertigungstechnik und realisieren innovative Anlagen, Maschinen und Steuerungen.\" \/>\n<meta name=\"robots\" content=\"index, follow, max-snippet:-1, max-image-preview:large, max-video-preview:-1\" \/>\n<link rel=\"canonical\" href=\"https:\/\/pfi-germany.de\/de\/forschung-entwicklung\/engineering\/\" \/>\n<meta property=\"og:locale\" content=\"de_DE\" \/>\n<meta property=\"og:type\" content=\"article\" \/>\n<meta property=\"og:title\" content=\"Engineering in Pr\u00fcf- und Fertigungstechnik: Anlagen, Maschinen und Steuerungen entwickeln und bauen\" \/>\n<meta property=\"og:description\" content=\"Von der Idee bis zur Maschine: Wir bieten Engineering in Pr\u00fcf- und Fertigungstechnik und realisieren innovative Anlagen, Maschinen und Steuerungen.\" \/>\n<meta property=\"og:url\" content=\"https:\/\/pfi-germany.de\/de\/forschung-entwicklung\/engineering\/\" \/>\n<meta property=\"og:site_name\" content=\"Pr\u00fcf- und Forschungsinstitut Pirmasens e.V.\" \/>\n<meta property=\"article:publisher\" content=\"https:\/\/www.facebook.com\/people\/Pruef-und-Forschungsinstitut-Pirmasens-e-V\/100057088164342\/\" \/>\n<meta property=\"article:modified_time\" content=\"2026-02-26T14:46:17+00:00\" \/>\n<meta property=\"og:image\" content=\"https:\/\/pfi-germany.de\/wp-content\/uploads\/2025\/02\/engineering_Retusche.webp\" \/>\n\t<meta property=\"og:image:width\" content=\"1440\" \/>\n\t<meta property=\"og:image:height\" content=\"1920\" \/>\n\t<meta property=\"og:image:type\" content=\"image\/webp\" \/>\n<meta name=\"twitter:card\" content=\"summary_large_image\" \/>\n<meta name=\"twitter:label1\" content=\"Gesch\u00e4tzte Lesezeit\" \/>\n\t<meta name=\"twitter:data1\" content=\"3\u00a0Minuten\" \/>\n<script type=\"application\/ld+json\" class=\"yoast-schema-graph\">{\"@context\":\"https:\\\/\\\/schema.org\",\"@graph\":[{\"@type\":\"WebPage\",\"@id\":\"https:\\\/\\\/pfi-germany.de\\\/forschung-entwicklung\\\/engineering\\\/\",\"url\":\"https:\\\/\\\/pfi-germany.de\\\/forschung-entwicklung\\\/engineering\\\/\",\"name\":\"Engineering in Pr\u00fcf- und Fertigungstechnik: Anlagen, Maschinen und Steuerungen entwickeln und bauen\",\"isPartOf\":{\"@id\":\"https:\\\/\\\/pfi-germany.de\\\/de\\\/#website\"},\"primaryImageOfPage\":{\"@id\":\"https:\\\/\\\/pfi-germany.de\\\/forschung-entwicklung\\\/engineering\\\/#primaryimage\"},\"image\":{\"@id\":\"https:\\\/\\\/pfi-germany.de\\\/forschung-entwicklung\\\/engineering\\\/#primaryimage\"},\"thumbnailUrl\":\"https:\\\/\\\/pfi-germany.de\\\/wp-content\\\/uploads\\\/2025\\\/02\\\/engineering_Retusche.webp\",\"datePublished\":\"2024-12-02T20:21:39+00:00\",\"dateModified\":\"2026-02-26T14:46:17+00:00\",\"description\":\"Von der Idee bis zur Maschine: Wir bieten Engineering in Pr\u00fcf- und Fertigungstechnik und realisieren innovative Anlagen, Maschinen und Steuerungen.\",\"breadcrumb\":{\"@id\":\"https:\\\/\\\/pfi-germany.de\\\/forschung-entwicklung\\\/engineering\\\/#breadcrumb\"},\"inLanguage\":\"de\",\"potentialAction\":[{\"@type\":\"ReadAction\",\"target\":[\"https:\\\/\\\/pfi-germany.de\\\/forschung-entwicklung\\\/engineering\\\/\"]}]},{\"@type\":\"ImageObject\",\"inLanguage\":\"de\",\"@id\":\"https:\\\/\\\/pfi-germany.de\\\/forschung-entwicklung\\\/engineering\\\/#primaryimage\",\"url\":\"https:\\\/\\\/pfi-germany.de\\\/wp-content\\\/uploads\\\/2025\\\/02\\\/engineering_Retusche.webp\",\"contentUrl\":\"https:\\\/\\\/pfi-germany.de\\\/wp-content\\\/uploads\\\/2025\\\/02\\\/engineering_Retusche.webp\"},{\"@type\":\"BreadcrumbList\",\"@id\":\"https:\\\/\\\/pfi-germany.de\\\/forschung-entwicklung\\\/engineering\\\/#breadcrumb\",\"itemListElement\":[{\"@type\":\"ListItem\",\"position\":1,\"name\":\"Home\",\"item\":\"https:\\\/\\\/pfi-germany.de\\\/\"},{\"@type\":\"ListItem\",\"position\":2,\"name\":\"Forschung &#038; Entwicklung\",\"item\":\"https:\\\/\\\/pfi-germany.de\\\/de\\\/forschung-entwicklung\\\/\"},{\"@type\":\"ListItem\",\"position\":3,\"name\":\"Engineering\"}]},{\"@type\":\"WebSite\",\"@id\":\"https:\\\/\\\/pfi-germany.de\\\/de\\\/#website\",\"url\":\"https:\\\/\\\/pfi-germany.de\\\/de\\\/\",\"name\":\"PFI 2024\",\"description\":\"\",\"publisher\":{\"@id\":\"https:\\\/\\\/pfi-germany.de\\\/de\\\/#organization\"},\"potentialAction\":[{\"@type\":\"SearchAction\",\"target\":{\"@type\":\"EntryPoint\",\"urlTemplate\":\"https:\\\/\\\/pfi-germany.de\\\/de\\\/?s={search_term_string}\"},\"query-input\":{\"@type\":\"PropertyValueSpecification\",\"valueRequired\":true,\"valueName\":\"search_term_string\"}}],\"inLanguage\":\"de\"},{\"@type\":\"Organization\",\"@id\":\"https:\\\/\\\/pfi-germany.de\\\/de\\\/#organization\",\"name\":\"PFI 2024\",\"url\":\"https:\\\/\\\/pfi-germany.de\\\/de\\\/\",\"logo\":{\"@type\":\"ImageObject\",\"inLanguage\":\"de\",\"@id\":\"https:\\\/\\\/pfi-germany.de\\\/de\\\/#\\\/schema\\\/logo\\\/image\\\/\",\"url\":\"https:\\\/\\\/pfi-germany.de\\\/wp-content\\\/uploads\\\/2024\\\/09\\\/logo.jpg\",\"contentUrl\":\"https:\\\/\\\/pfi-germany.de\\\/wp-content\\\/uploads\\\/2024\\\/09\\\/logo.jpg\",\"width\":329,\"height\":120,\"caption\":\"PFI 2024\"},\"image\":{\"@id\":\"https:\\\/\\\/pfi-germany.de\\\/de\\\/#\\\/schema\\\/logo\\\/image\\\/\"},\"sameAs\":[\"https:\\\/\\\/www.facebook.com\\\/people\\\/Pruef-und-Forschungsinstitut-Pirmasens-e-V\\\/100057088164342\\\/\",\"https:\\\/\\\/www.instagram.com\\\/pfi_germany\\\/\",\"https:\\\/\\\/www.youtube.com\\\/channel\\\/UCITCYhey0fqJRRjiH7Gw3sg\",\"https:\\\/\\\/de.linkedin.com\\\/company\\\/pfi-germany\"]}]}<\/script>\n<!-- \/ Yoast SEO plugin. -->","yoast_head_json":{"title":"Engineering in Pr\u00fcf- und Fertigungstechnik: Anlagen, Maschinen und Steuerungen entwickeln und bauen","description":"Von der Idee bis zur Maschine: Wir bieten Engineering in Pr\u00fcf- und Fertigungstechnik und realisieren innovative Anlagen, Maschinen und Steuerungen.","robots":{"index":"index","follow":"follow","max-snippet":"max-snippet:-1","max-image-preview":"max-image-preview:large","max-video-preview":"max-video-preview:-1"},"canonical":"https:\/\/pfi-germany.de\/de\/forschung-entwicklung\/engineering\/","og_locale":"de_DE","og_type":"article","og_title":"Engineering in Pr\u00fcf- und Fertigungstechnik: Anlagen, Maschinen und Steuerungen entwickeln und bauen","og_description":"Von der Idee bis zur Maschine: Wir bieten Engineering in Pr\u00fcf- und Fertigungstechnik und realisieren innovative Anlagen, Maschinen und Steuerungen.","og_url":"https:\/\/pfi-germany.de\/de\/forschung-entwicklung\/engineering\/","og_site_name":"Pr\u00fcf- und Forschungsinstitut Pirmasens e.V.","article_publisher":"https:\/\/www.facebook.com\/people\/Pruef-und-Forschungsinstitut-Pirmasens-e-V\/100057088164342\/","article_modified_time":"2026-02-26T14:46:17+00:00","og_image":[{"width":1440,"height":1920,"url":"https:\/\/pfi-germany.de\/wp-content\/uploads\/2025\/02\/engineering_Retusche.webp","type":"image\/webp"}],"twitter_card":"summary_large_image","twitter_misc":{"Gesch\u00e4tzte Lesezeit":"3\u00a0Minuten"},"schema":{"@context":"https:\/\/schema.org","@graph":[{"@type":"WebPage","@id":"https:\/\/pfi-germany.de\/forschung-entwicklung\/engineering\/","url":"https:\/\/pfi-germany.de\/forschung-entwicklung\/engineering\/","name":"Engineering in Pr\u00fcf- und Fertigungstechnik: Anlagen, Maschinen und Steuerungen entwickeln und bauen","isPartOf":{"@id":"https:\/\/pfi-germany.de\/de\/#website"},"primaryImageOfPage":{"@id":"https:\/\/pfi-germany.de\/forschung-entwicklung\/engineering\/#primaryimage"},"image":{"@id":"https:\/\/pfi-germany.de\/forschung-entwicklung\/engineering\/#primaryimage"},"thumbnailUrl":"https:\/\/pfi-germany.de\/wp-content\/uploads\/2025\/02\/engineering_Retusche.webp","datePublished":"2024-12-02T20:21:39+00:00","dateModified":"2026-02-26T14:46:17+00:00","description":"Von der Idee bis zur Maschine: Wir bieten Engineering in Pr\u00fcf- und Fertigungstechnik und realisieren innovative Anlagen, Maschinen und Steuerungen.","breadcrumb":{"@id":"https:\/\/pfi-germany.de\/forschung-entwicklung\/engineering\/#breadcrumb"},"inLanguage":"de","potentialAction":[{"@type":"ReadAction","target":["https:\/\/pfi-germany.de\/forschung-entwicklung\/engineering\/"]}]},{"@type":"ImageObject","inLanguage":"de","@id":"https:\/\/pfi-germany.de\/forschung-entwicklung\/engineering\/#primaryimage","url":"https:\/\/pfi-germany.de\/wp-content\/uploads\/2025\/02\/engineering_Retusche.webp","contentUrl":"https:\/\/pfi-germany.de\/wp-content\/uploads\/2025\/02\/engineering_Retusche.webp"},{"@type":"BreadcrumbList","@id":"https:\/\/pfi-germany.de\/forschung-entwicklung\/engineering\/#breadcrumb","itemListElement":[{"@type":"ListItem","position":1,"name":"Home","item":"https:\/\/pfi-germany.de\/"},{"@type":"ListItem","position":2,"name":"Forschung &#038; Entwicklung","item":"https:\/\/pfi-germany.de\/de\/forschung-entwicklung\/"},{"@type":"ListItem","position":3,"name":"Engineering"}]},{"@type":"WebSite","@id":"https:\/\/pfi-germany.de\/de\/#website","url":"https:\/\/pfi-germany.de\/de\/","name":"PFI 2024","description":"","publisher":{"@id":"https:\/\/pfi-germany.de\/de\/#organization"},"potentialAction":[{"@type":"SearchAction","target":{"@type":"EntryPoint","urlTemplate":"https:\/\/pfi-germany.de\/de\/?s={search_term_string}"},"query-input":{"@type":"PropertyValueSpecification","valueRequired":true,"valueName":"search_term_string"}}],"inLanguage":"de"},{"@type":"Organization","@id":"https:\/\/pfi-germany.de\/de\/#organization","name":"PFI 2024","url":"https:\/\/pfi-germany.de\/de\/","logo":{"@type":"ImageObject","inLanguage":"de","@id":"https:\/\/pfi-germany.de\/de\/#\/schema\/logo\/image\/","url":"https:\/\/pfi-germany.de\/wp-content\/uploads\/2024\/09\/logo.jpg","contentUrl":"https:\/\/pfi-germany.de\/wp-content\/uploads\/2024\/09\/logo.jpg","width":329,"height":120,"caption":"PFI 2024"},"image":{"@id":"https:\/\/pfi-germany.de\/de\/#\/schema\/logo\/image\/"},"sameAs":["https:\/\/www.facebook.com\/people\/Pruef-und-Forschungsinstitut-Pirmasens-e-V\/100057088164342\/","https:\/\/www.instagram.com\/pfi_germany\/","https:\/\/www.youtube.com\/channel\/UCITCYhey0fqJRRjiH7Gw3sg","https:\/\/de.linkedin.com\/company\/pfi-germany"]}]}},"_links":{"self":[{"href":"https:\/\/pfi-germany.de\/de\/wp-json\/wp\/v2\/pages\/890","targetHints":{"allow":["GET"]}}],"collection":[{"href":"https:\/\/pfi-germany.de\/de\/wp-json\/wp\/v2\/pages"}],"about":[{"href":"https:\/\/pfi-germany.de\/de\/wp-json\/wp\/v2\/types\/page"}],"author":[{"embeddable":true,"href":"https:\/\/pfi-germany.de\/de\/wp-json\/wp\/v2\/users\/1"}],"replies":[{"embeddable":true,"href":"https:\/\/pfi-germany.de\/de\/wp-json\/wp\/v2\/comments?post=890"}],"version-history":[{"count":21,"href":"https:\/\/pfi-germany.de\/de\/wp-json\/wp\/v2\/pages\/890\/revisions"}],"predecessor-version":[{"id":19238,"href":"https:\/\/pfi-germany.de\/de\/wp-json\/wp\/v2\/pages\/890\/revisions\/19238"}],"up":[{"embeddable":true,"href":"https:\/\/pfi-germany.de\/de\/wp-json\/wp\/v2\/pages\/844"}],"wp:attachment":[{"href":"https:\/\/pfi-germany.de\/de\/wp-json\/wp\/v2\/media?parent=890"}],"curies":[{"name":"wp","href":"https:\/\/api.w.org\/{rel}","templated":true}]}}