{"id":7074,"date":"2025-08-21T13:17:44","date_gmt":"2025-08-21T13:17:44","guid":{"rendered":"https:\/\/pfi-germany.de\/?page_id=7074"},"modified":"2025-08-22T08:54:52","modified_gmt":"2025-08-22T08:54:52","slug":"downloads","status":"publish","type":"page","link":"https:\/\/pfi-germany.de\/de\/uber-uns\/downloads\/","title":{"rendered":"Downloads"},"content":{"rendered":"\n<div style=\"height:100px\" aria-hidden=\"true\" class=\"wp-block-spacer\"><\/div>\n\n\n\n<div class=\"wp-block-group alignfull has-global-padding is-content-justification-center is-layout-constrained wp-block-group-is-layout-constrained\">\n<h2 class=\"wp-block-heading has-pfi-blue-color has-text-color has-link-color wp-elements-aeefcf6f8b9c7bbdc5e054e8591ec976\">Downloads<\/h2>\n\n\n\n<div class=\"wp-block-group has-global-padding is-layout-constrained wp-block-group-is-layout-constrained\">\n<div class=\"wp-block-columns has-pfi-grey-background-color has-background is-layout-flex wp-container-core-columns-is-layout-28f84493 wp-block-columns-is-layout-flex\" style=\"border-radius:20px\">\n<div class=\"wp-block-column is-layout-flow wp-block-column-is-layout-flow\" style=\"flex-basis:20%\">\n<figure class=\"wp-block-image size-large is-resized\"><img loading=\"lazy\" decoding=\"async\" width=\"981\" height=\"1024\" src=\"https:\/\/pfi-germany.de\/wp-content\/uploads\/2025\/08\/A5-Broschure_gesamt-dt._Seite_01-981x1024.jpg\" alt=\"\" class=\"wp-image-7078\" style=\"aspect-ratio:0.9580540126412564;object-fit:cover;width:103px\" srcset=\"https:\/\/pfi-germany.de\/wp-content\/uploads\/2025\/08\/A5-Broschure_gesamt-dt._Seite_01-981x1024.jpg 981w, https:\/\/pfi-germany.de\/wp-content\/uploads\/2025\/08\/A5-Broschure_gesamt-dt._Seite_01-287x300.jpg 287w, https:\/\/pfi-germany.de\/wp-content\/uploads\/2025\/08\/A5-Broschure_gesamt-dt._Seite_01-768x802.jpg 768w, https:\/\/pfi-germany.de\/wp-content\/uploads\/2025\/08\/A5-Broschure_gesamt-dt._Seite_01-50x52.jpg 50w, https:\/\/pfi-germany.de\/wp-content\/uploads\/2025\/08\/A5-Broschure_gesamt-dt._Seite_01-11x12.jpg 11w, https:\/\/pfi-germany.de\/wp-content\/uploads\/2025\/08\/A5-Broschure_gesamt-dt._Seite_01.jpg 1163w\" sizes=\"auto, (max-width: 981px) 100vw, 981px\" \/><\/figure>\n<\/div>\n\n\n\n<div class=\"wp-block-column is-layout-flow wp-block-column-is-layout-flow\" style=\"flex-basis:30%\">\n<h2 class=\"wp-block-heading has-medium-font-size\">PFI Hausbrosch\u00fcre<\/h2>\n\n\n\n<div class=\"wp-block-buttons is-layout-flex wp-block-buttons-is-layout-flex\">\n<div class=\"wp-block-button\"><a class=\"wp-block-button__link has-white-color has-pfi-blue-background-color has-text-color has-background has-link-color wp-element-button\" href=\"https:\/\/pfi-germany.de\/wp-content\/uploads\/2025\/08\/A5-Broschure_gesamt-dt-1.pdf\" target=\"_blank\" rel=\"noreferrer noopener\">Download<\/a><\/div>\n<\/div>\n<\/div>\n<\/div>\n\n\n\n<div class=\"wp-block-columns has-pfi-grey-background-color has-background is-layout-flex wp-container-core-columns-is-layout-28f84493 wp-block-columns-is-layout-flex\" style=\"border-radius:20px\">\n<div class=\"wp-block-column is-layout-flow wp-block-column-is-layout-flow\" style=\"flex-basis:20%\">\n<figure class=\"wp-block-image size-full is-resized\"><img loading=\"lazy\" decoding=\"async\" width=\"937\" height=\"911\" src=\"https:\/\/pfi-germany.de\/wp-content\/uploads\/2025\/08\/SG.png\" alt=\"\" class=\"wp-image-7080\" style=\"aspect-ratio:0.9580540126412564;width:103px;height:auto\" srcset=\"https:\/\/pfi-germany.de\/wp-content\/uploads\/2025\/08\/SG.png 937w, https:\/\/pfi-germany.de\/wp-content\/uploads\/2025\/08\/SG-300x292.png 300w, https:\/\/pfi-germany.de\/wp-content\/uploads\/2025\/08\/SG-768x747.png 768w, https:\/\/pfi-germany.de\/wp-content\/uploads\/2025\/08\/SG-50x49.png 50w, https:\/\/pfi-germany.de\/wp-content\/uploads\/2025\/08\/SG-12x12.png 12w\" sizes=\"auto, (max-width: 937px) 100vw, 937px\" \/><\/figure>\n<\/div>\n\n\n\n<div class=\"wp-block-column is-layout-flow wp-block-column-is-layout-flow\" style=\"flex-basis:70%\">\n<h2 class=\"wp-block-heading has-medium-font-size\">Flyer SG Zeichen<\/h2>\n\n\n\n<div class=\"wp-block-buttons is-layout-flex wp-block-buttons-is-layout-flex\">\n<div class=\"wp-block-button\"><a class=\"wp-block-button__link has-white-color has-pfi-blue-background-color has-text-color has-background has-link-color wp-element-button\" href=\"https:\/\/pfi-germany.de\/wp-content\/uploads\/2025\/08\/SG-Flyer-1.pdf\" target=\"_blank\" rel=\"noreferrer noopener\">Download<\/a><\/div>\n<\/div>\n<\/div>\n<\/div>\n\n\n\n<div class=\"wp-block-columns has-pfi-grey-background-color has-background is-layout-flex wp-container-core-columns-is-layout-28f84493 wp-block-columns-is-layout-flex\" style=\"border-radius:20px\">\n<div class=\"wp-block-column is-layout-flow wp-block-column-is-layout-flow\" style=\"flex-basis:20%\">\n<figure class=\"wp-block-image size-full is-resized\"><img loading=\"lazy\" decoding=\"async\" width=\"500\" height=\"499\" src=\"https:\/\/pfi-germany.de\/wp-content\/uploads\/2024\/12\/Muster-PFI-Vegan-Fus-farbig.webp\" alt=\"\" class=\"wp-image-1816\" style=\"aspect-ratio:0.9580540126412564;object-fit:cover;width:103px\" srcset=\"https:\/\/pfi-germany.de\/wp-content\/uploads\/2024\/12\/Muster-PFI-Vegan-Fus-farbig.webp 500w, https:\/\/pfi-germany.de\/wp-content\/uploads\/2024\/12\/Muster-PFI-Vegan-Fus-farbig-300x300.webp 300w, https:\/\/pfi-germany.de\/wp-content\/uploads\/2024\/12\/Muster-PFI-Vegan-Fus-farbig-150x150.webp 150w, https:\/\/pfi-germany.de\/wp-content\/uploads\/2024\/12\/Muster-PFI-Vegan-Fus-farbig-50x50.webp 50w\" sizes=\"auto, (max-width: 500px) 100vw, 500px\" \/><\/figure>\n<\/div>\n\n\n\n<div class=\"wp-block-column is-layout-flow wp-block-column-is-layout-flow\" style=\"flex-basis:70%\">\n<div class=\"wp-block-group is-nowrap is-layout-flex wp-container-core-group-is-layout-6c531013 wp-block-group-is-layout-flex\">\n<h2 class=\"wp-block-heading has-medium-font-size\">Flyer 100% Vegan Label<\/h2>\n<\/div>\n\n\n\n<div class=\"wp-block-buttons is-layout-flex wp-block-buttons-is-layout-flex\">\n<div class=\"wp-block-button\"><a class=\"wp-block-button__link has-white-color has-pfi-blue-background-color has-text-color has-background has-link-color wp-element-button\" href=\"https:\/\/pfi-germany.de\/wp-content\/uploads\/2025\/08\/20231102_Flyer-PFI-Label-100-Vegan.pdf\" target=\"_blank\" rel=\"noreferrer noopener\">Download<\/a><\/div>\n<\/div>\n<\/div>\n<\/div>\n\n\n\n<div class=\"wp-block-columns has-pfi-grey-background-color has-background is-layout-flex wp-container-core-columns-is-layout-28f84493 wp-block-columns-is-layout-flex\" style=\"border-radius:20px\">\n<div class=\"wp-block-column is-layout-flow wp-block-column-is-layout-flow\" style=\"flex-basis:20%\">\n<figure class=\"wp-block-image size-full is-resized\"><img loading=\"lazy\" decoding=\"async\" width=\"2560\" height=\"2556\" src=\"https:\/\/pfi-germany.de\/wp-content\/uploads\/2025\/05\/Muster_eco-dt-scaled.png\" alt=\"\" class=\"wp-image-5396\" style=\"aspect-ratio:0.9580540126412564;width:103px;height:auto\" srcset=\"https:\/\/pfi-germany.de\/wp-content\/uploads\/2025\/05\/Muster_eco-dt-scaled.png 2560w, https:\/\/pfi-germany.de\/wp-content\/uploads\/2025\/05\/Muster_eco-dt-300x300.png 300w, https:\/\/pfi-germany.de\/wp-content\/uploads\/2025\/05\/Muster_eco-dt-1024x1022.png 1024w, https:\/\/pfi-germany.de\/wp-content\/uploads\/2025\/05\/Muster_eco-dt-150x150.png 150w, https:\/\/pfi-germany.de\/wp-content\/uploads\/2025\/05\/Muster_eco-dt-768x767.png 768w, https:\/\/pfi-germany.de\/wp-content\/uploads\/2025\/05\/Muster_eco-dt-50x50.png 50w, https:\/\/pfi-germany.de\/wp-content\/uploads\/2025\/05\/Muster_eco-dt-1600x1597.png 1600w, https:\/\/pfi-germany.de\/wp-content\/uploads\/2025\/05\/Muster_eco-dt-1536x1533.png 1536w, https:\/\/pfi-germany.de\/wp-content\/uploads\/2025\/05\/Muster_eco-dt-2048x2044.png 2048w, https:\/\/pfi-germany.de\/wp-content\/uploads\/2025\/05\/Muster_eco-dt-12x12.png 12w\" sizes=\"auto, (max-width: 2560px) 100vw, 2560px\" \/><\/figure>\n<\/div>\n\n\n\n<div class=\"wp-block-column is-layout-flow wp-block-column-is-layout-flow\" style=\"flex-basis:70%\">\n<h2 class=\"wp-block-heading has-medium-font-size\">Flyer eco Label<\/h2>\n\n\n\n<div class=\"wp-block-buttons is-layout-flex wp-block-buttons-is-layout-flex\">\n<div class=\"wp-block-button\"><a class=\"wp-block-button__link has-white-color has-pfi-blue-background-color has-text-color has-background has-link-color wp-element-button\" href=\"https:\/\/pfi-germany.de\/wp-content\/uploads\/2025\/08\/20231102_Flyer-PFI-Label-eco.pdf\" target=\"_blank\" rel=\"noreferrer noopener\">Download<\/a><\/div>\n<\/div>\n<\/div>\n<\/div>\n\n\n\n<div class=\"wp-block-columns has-pfi-grey-background-color has-background is-layout-flex wp-container-core-columns-is-layout-28f84493 wp-block-columns-is-layout-flex\" style=\"border-radius:20px\">\n<div class=\"wp-block-column is-layout-flow wp-block-column-is-layout-flow\" style=\"flex-basis:20%\">\n<figure class=\"wp-block-image size-full is-resized\"><img loading=\"lazy\" decoding=\"async\" width=\"500\" height=\"499\" src=\"https:\/\/pfi-germany.de\/wp-content\/uploads\/2025\/01\/Muster_PFI-VeganEco-Fus_farbig_graublau.webp\" alt=\"\" class=\"wp-image-2229\" style=\"aspect-ratio:0.9580540126412564;object-fit:cover;width:103px\" srcset=\"https:\/\/pfi-germany.de\/wp-content\/uploads\/2025\/01\/Muster_PFI-VeganEco-Fus_farbig_graublau.webp 500w, https:\/\/pfi-germany.de\/wp-content\/uploads\/2025\/01\/Muster_PFI-VeganEco-Fus_farbig_graublau-300x300.webp 300w, https:\/\/pfi-germany.de\/wp-content\/uploads\/2025\/01\/Muster_PFI-VeganEco-Fus_farbig_graublau-150x150.webp 150w, https:\/\/pfi-germany.de\/wp-content\/uploads\/2025\/01\/Muster_PFI-VeganEco-Fus_farbig_graublau-50x50.webp 50w\" sizes=\"auto, (max-width: 500px) 100vw, 500px\" \/><\/figure>\n<\/div>\n\n\n\n<div class=\"wp-block-column is-layout-flow wp-block-column-is-layout-flow\" style=\"flex-basis:70%\">\n<div class=\"wp-block-group is-nowrap is-layout-flex wp-container-core-group-is-layout-6c531013 wp-block-group-is-layout-flex\">\n<h2 class=\"wp-block-heading has-medium-font-size\">Flyer 100% Vegan eco Label<\/h2>\n<\/div>\n\n\n\n<div class=\"wp-block-buttons is-layout-flex wp-block-buttons-is-layout-flex\">\n<div class=\"wp-block-button\"><a class=\"wp-block-button__link has-white-color has-pfi-blue-background-color has-text-color has-background has-link-color wp-element-button\" href=\"https:\/\/pfi-germany.de\/wp-content\/uploads\/2025\/08\/20231102_Flyer-PFI-Label-Vegan-eco.pdf\" target=\"_blank\" rel=\"noreferrer noopener\">Download<\/a><\/div>\n<\/div>\n<\/div>\n<\/div>\n\n\n\n<div class=\"wp-block-columns has-pfi-grey-background-color has-background is-layout-flex wp-container-core-columns-is-layout-28f84493 wp-block-columns-is-layout-flex\" style=\"border-radius:20px\">\n<div class=\"wp-block-column is-layout-flow wp-block-column-is-layout-flow\" style=\"flex-basis:20%\">\n<figure class=\"wp-block-image size-full is-resized\"><img loading=\"lazy\" decoding=\"async\" width=\"683\" height=\"713\" src=\"https:\/\/pfi-germany.de\/wp-content\/uploads\/2024\/12\/Muster_Qualitat-gepruft.png\" alt=\"\" class=\"wp-image-1818\" style=\"aspect-ratio:0.9580540126412564;object-fit:cover;width:103px\" srcset=\"https:\/\/pfi-germany.de\/wp-content\/uploads\/2024\/12\/Muster_Qualitat-gepruft.png 683w, https:\/\/pfi-germany.de\/wp-content\/uploads\/2024\/12\/Muster_Qualitat-gepruft-287x300.png 287w, https:\/\/pfi-germany.de\/wp-content\/uploads\/2024\/12\/Muster_Qualitat-gepruft-50x52.png 50w\" sizes=\"auto, (max-width: 683px) 100vw, 683px\" \/><\/figure>\n<\/div>\n\n\n\n<div class=\"wp-block-column is-layout-flow wp-block-column-is-layout-flow\" style=\"flex-basis:70%\">\n<div class=\"wp-block-group is-nowrap is-layout-flex wp-container-core-group-is-layout-6c531013 wp-block-group-is-layout-flex\">\n<h2 class=\"wp-block-heading has-medium-font-size\"><strong>Flyer gepr\u00fcfte Qualit\u00e4t<\/strong><\/h2>\n<\/div>\n\n\n\n<div class=\"wp-block-buttons is-layout-flex wp-block-buttons-is-layout-flex\">\n<div class=\"wp-block-button\"><a class=\"wp-block-button__link has-white-color has-pfi-blue-background-color has-text-color has-background has-link-color wp-element-button\" href=\"https:\/\/pfi-germany.de\/wp-content\/uploads\/2025\/08\/20231102_Flyer-PFI-Labels-gepr.-Qualitat.pdf\" target=\"_blank\" rel=\"noreferrer noopener\">Download<\/a><\/div>\n<\/div>\n<\/div>\n<\/div>\n\n\n\n<div class=\"wp-block-columns has-pfi-grey-background-color has-background is-layout-flex wp-container-core-columns-is-layout-28f84493 wp-block-columns-is-layout-flex\" style=\"border-radius:20px\">\n<div class=\"wp-block-column is-layout-flow wp-block-column-is-layout-flow\" style=\"flex-basis:20%\">\n<figure class=\"wp-block-image size-full is-resized\"><img loading=\"lazy\" decoding=\"async\" width=\"874\" height=\"1310\" src=\"https:\/\/pfi-germany.de\/wp-content\/uploads\/2025\/08\/PFI__MG_0539.jpg\" alt=\"\" class=\"wp-image-7109\" style=\"aspect-ratio:0.9580540126412564;object-fit:cover;width:103px\" srcset=\"https:\/\/pfi-germany.de\/wp-content\/uploads\/2025\/08\/PFI__MG_0539.jpg 874w, https:\/\/pfi-germany.de\/wp-content\/uploads\/2025\/08\/PFI__MG_0539-200x300.jpg 200w, https:\/\/pfi-germany.de\/wp-content\/uploads\/2025\/08\/PFI__MG_0539-683x1024.jpg 683w, https:\/\/pfi-germany.de\/wp-content\/uploads\/2025\/08\/PFI__MG_0539-768x1151.jpg 768w, https:\/\/pfi-germany.de\/wp-content\/uploads\/2025\/08\/PFI__MG_0539-50x75.jpg 50w, https:\/\/pfi-germany.de\/wp-content\/uploads\/2025\/08\/PFI__MG_0539-8x12.jpg 8w\" sizes=\"auto, (max-width: 874px) 100vw, 874px\" \/><\/figure>\n<\/div>\n\n\n\n<div class=\"wp-block-column is-layout-flow wp-block-column-is-layout-flow\" style=\"flex-basis:70%\">\n<div class=\"wp-block-group is-nowrap is-layout-flex wp-container-core-group-is-layout-6c531013 wp-block-group-is-layout-flex\">\n<h2 class=\"wp-block-heading has-medium-font-size\"><strong>Flyer Physikalische Materialpr\u00fcfung<\/strong><\/h2>\n<\/div>\n\n\n\n<div class=\"wp-block-buttons is-layout-flex wp-block-buttons-is-layout-flex\">\n<div class=\"wp-block-button\"><a class=\"wp-block-button__link has-white-color has-pfi-blue-background-color has-text-color has-background has-link-color wp-element-button\" href=\"https:\/\/pfi-germany.de\/wp-content\/uploads\/2025\/08\/20231005_Flyer-Physik.pdf\" target=\"_blank\" rel=\"noreferrer noopener\">Download<\/a><\/div>\n<\/div>\n<\/div>\n<\/div>\n\n\n\n<div class=\"wp-block-columns has-pfi-grey-background-color has-background is-layout-flex wp-container-core-columns-is-layout-28f84493 wp-block-columns-is-layout-flex\" style=\"border-radius:20px\">\n<div class=\"wp-block-column is-layout-flow wp-block-column-is-layout-flow\" style=\"flex-basis:20%\">\n<figure class=\"wp-block-image size-large is-resized\"><img decoding=\"async\" src=\"https:\/\/pfi-germany.de\/wp-content\/uploads\/2025\/08\/AdobeStock_503289760-scaled.jpeg\" alt=\"\" style=\"aspect-ratio:0.9580540126412564;object-fit:cover;width:103px\"\/><\/figure>\n<\/div>\n\n\n\n<div class=\"wp-block-column is-layout-flow wp-block-column-is-layout-flow\" style=\"flex-basis:70%\">\n<div class=\"wp-block-group is-nowrap is-layout-flex wp-container-core-group-is-layout-6c531013 wp-block-group-is-layout-flex\">\n<h2 class=\"wp-block-heading has-medium-font-size\"><strong>Flyer Zertifizierung<\/strong><\/h2>\n<\/div>\n\n\n\n<div class=\"wp-block-buttons is-layout-flex wp-block-buttons-is-layout-flex\">\n<div class=\"wp-block-button\"><a class=\"wp-block-button__link has-white-color has-pfi-blue-background-color has-text-color has-background has-link-color wp-element-button\" href=\"https:\/\/pfi-germany.de\/wp-content\/uploads\/2025\/08\/202508_Flyer-Zertifizierung.pdf\" target=\"_blank\" rel=\"noreferrer noopener\">Download<\/a><\/div>\n<\/div>\n<\/div>\n<\/div>\n<\/div>\n<\/div>\n\n\n\n<div style=\"height:100px\" aria-hidden=\"true\" class=\"wp-block-spacer\"><\/div>\n\n\n\n<p><\/p>\n","protected":false},"excerpt":{"rendered":"<p>Downloads PFI Hausbrosch\u00fcre Flyer SG Zeichen Flyer 100% Vegan Label Flyer eco Label Flyer 100% Vegan eco Label Flyer gepr\u00fcfte Qualit\u00e4t Flyer Physikalische Materialpr\u00fcfung Flyer Zertifizierung<\/p>\n","protected":false},"author":4,"featured_media":0,"parent":1121,"menu_order":0,"comment_status":"closed","ping_status":"closed","template":"","meta":{"footnotes":""},"class_list":["post-7074","page","type-page","status-publish","hentry"],"yoast_head":"<!-- This site is optimized with the Yoast SEO plugin v27.3 - https:\/\/yoast.com\/product\/yoast-seo-wordpress\/ -->\n<title>Downloads - Pr\u00fcf- und Forschungsinstitut Pirmasens e.V.<\/title>\n<meta name=\"robots\" content=\"index, follow, max-snippet:-1, max-image-preview:large, max-video-preview:-1\" \/>\n<link rel=\"canonical\" href=\"https:\/\/pfi-germany.de\/de\/uber-uns\/downloads\/\" \/>\n<meta property=\"og:locale\" content=\"de_DE\" \/>\n<meta property=\"og:type\" content=\"article\" \/>\n<meta property=\"og:title\" content=\"Downloads - Pr\u00fcf- und Forschungsinstitut Pirmasens e.V.\" \/>\n<meta property=\"og:description\" content=\"Downloads PFI Hausbrosch\u00fcre Flyer SG Zeichen Flyer 100% Vegan Label Flyer eco Label Flyer 100% Vegan eco Label Flyer gepr\u00fcfte Qualit\u00e4t Flyer Physikalische Materialpr\u00fcfung Flyer Zertifizierung\" \/>\n<meta property=\"og:url\" content=\"https:\/\/pfi-germany.de\/de\/uber-uns\/downloads\/\" \/>\n<meta property=\"og:site_name\" content=\"Pr\u00fcf- und Forschungsinstitut Pirmasens e.V.\" \/>\n<meta property=\"article:publisher\" content=\"https:\/\/www.facebook.com\/people\/Pruef-und-Forschungsinstitut-Pirmasens-e-V\/100057088164342\/\" \/>\n<meta property=\"article:modified_time\" content=\"2025-08-22T08:54:52+00:00\" \/>\n<meta property=\"og:image\" content=\"https:\/\/pfi-germany.de\/wp-content\/uploads\/2025\/08\/A5-Broschure_gesamt-dt._Seite_01-981x1024.jpg\" \/>\n<meta name=\"twitter:card\" content=\"summary_large_image\" \/>\n<meta name=\"twitter:label1\" content=\"Gesch\u00e4tzte Lesezeit\" \/>\n\t<meta name=\"twitter:data1\" content=\"2\u00a0Minuten\" \/>\n<script type=\"application\/ld+json\" class=\"yoast-schema-graph\">{\"@context\":\"https:\\\/\\\/schema.org\",\"@graph\":[{\"@type\":\"WebPage\",\"@id\":\"https:\\\/\\\/pfi-germany.de\\\/de\\\/uber-uns\\\/downloads\\\/\",\"url\":\"https:\\\/\\\/pfi-germany.de\\\/de\\\/uber-uns\\\/downloads\\\/\",\"name\":\"Downloads - Pr\u00fcf- und Forschungsinstitut Pirmasens e.V.\",\"isPartOf\":{\"@id\":\"https:\\\/\\\/pfi-germany.de\\\/de\\\/#website\"},\"primaryImageOfPage\":{\"@id\":\"https:\\\/\\\/pfi-germany.de\\\/de\\\/uber-uns\\\/downloads\\\/#primaryimage\"},\"image\":{\"@id\":\"https:\\\/\\\/pfi-germany.de\\\/de\\\/uber-uns\\\/downloads\\\/#primaryimage\"},\"thumbnailUrl\":\"https:\\\/\\\/pfi-germany.de\\\/wp-content\\\/uploads\\\/2025\\\/08\\\/A5-Broschure_gesamt-dt._Seite_01-981x1024.jpg\",\"datePublished\":\"2025-08-21T13:17:44+00:00\",\"dateModified\":\"2025-08-22T08:54:52+00:00\",\"breadcrumb\":{\"@id\":\"https:\\\/\\\/pfi-germany.de\\\/de\\\/uber-uns\\\/downloads\\\/#breadcrumb\"},\"inLanguage\":\"de\",\"potentialAction\":[{\"@type\":\"ReadAction\",\"target\":[\"https:\\\/\\\/pfi-germany.de\\\/de\\\/uber-uns\\\/downloads\\\/\"]}]},{\"@type\":\"ImageObject\",\"inLanguage\":\"de\",\"@id\":\"https:\\\/\\\/pfi-germany.de\\\/de\\\/uber-uns\\\/downloads\\\/#primaryimage\",\"url\":\"https:\\\/\\\/pfi-germany.de\\\/wp-content\\\/uploads\\\/2025\\\/08\\\/A5-Broschure_gesamt-dt._Seite_01-981x1024.jpg\",\"contentUrl\":\"https:\\\/\\\/pfi-germany.de\\\/wp-content\\\/uploads\\\/2025\\\/08\\\/A5-Broschure_gesamt-dt._Seite_01-981x1024.jpg\"},{\"@type\":\"BreadcrumbList\",\"@id\":\"https:\\\/\\\/pfi-germany.de\\\/de\\\/uber-uns\\\/downloads\\\/#breadcrumb\",\"itemListElement\":[{\"@type\":\"ListItem\",\"position\":1,\"name\":\"Home\",\"item\":\"https:\\\/\\\/pfi-germany.de\\\/\"},{\"@type\":\"ListItem\",\"position\":2,\"name\":\"\u00dcber Uns\",\"item\":\"https:\\\/\\\/pfi-germany.de\\\/de\\\/uber-uns\\\/\"},{\"@type\":\"ListItem\",\"position\":3,\"name\":\"Downloads\"}]},{\"@type\":\"WebSite\",\"@id\":\"https:\\\/\\\/pfi-germany.de\\\/de\\\/#website\",\"url\":\"https:\\\/\\\/pfi-germany.de\\\/de\\\/\",\"name\":\"PFI 2024\",\"description\":\"\",\"publisher\":{\"@id\":\"https:\\\/\\\/pfi-germany.de\\\/de\\\/#organization\"},\"potentialAction\":[{\"@type\":\"SearchAction\",\"target\":{\"@type\":\"EntryPoint\",\"urlTemplate\":\"https:\\\/\\\/pfi-germany.de\\\/de\\\/?s={search_term_string}\"},\"query-input\":{\"@type\":\"PropertyValueSpecification\",\"valueRequired\":true,\"valueName\":\"search_term_string\"}}],\"inLanguage\":\"de\"},{\"@type\":\"Organization\",\"@id\":\"https:\\\/\\\/pfi-germany.de\\\/de\\\/#organization\",\"name\":\"PFI 2024\",\"url\":\"https:\\\/\\\/pfi-germany.de\\\/de\\\/\",\"logo\":{\"@type\":\"ImageObject\",\"inLanguage\":\"de\",\"@id\":\"https:\\\/\\\/pfi-germany.de\\\/de\\\/#\\\/schema\\\/logo\\\/image\\\/\",\"url\":\"https:\\\/\\\/pfi-germany.de\\\/wp-content\\\/uploads\\\/2024\\\/09\\\/logo.jpg\",\"contentUrl\":\"https:\\\/\\\/pfi-germany.de\\\/wp-content\\\/uploads\\\/2024\\\/09\\\/logo.jpg\",\"width\":329,\"height\":120,\"caption\":\"PFI 2024\"},\"image\":{\"@id\":\"https:\\\/\\\/pfi-germany.de\\\/de\\\/#\\\/schema\\\/logo\\\/image\\\/\"},\"sameAs\":[\"https:\\\/\\\/www.facebook.com\\\/people\\\/Pruef-und-Forschungsinstitut-Pirmasens-e-V\\\/100057088164342\\\/\",\"https:\\\/\\\/www.instagram.com\\\/pfi_germany\\\/\",\"https:\\\/\\\/www.youtube.com\\\/channel\\\/UCITCYhey0fqJRRjiH7Gw3sg\",\"https:\\\/\\\/de.linkedin.com\\\/company\\\/pfi-germany\"]}]}<\/script>\n<!-- \/ Yoast SEO plugin. -->","yoast_head_json":{"title":"Downloads - Pr\u00fcf- und Forschungsinstitut Pirmasens e.V.","robots":{"index":"index","follow":"follow","max-snippet":"max-snippet:-1","max-image-preview":"max-image-preview:large","max-video-preview":"max-video-preview:-1"},"canonical":"https:\/\/pfi-germany.de\/de\/uber-uns\/downloads\/","og_locale":"de_DE","og_type":"article","og_title":"Downloads - Pr\u00fcf- und Forschungsinstitut Pirmasens e.V.","og_description":"Downloads PFI Hausbrosch\u00fcre Flyer SG Zeichen Flyer 100% Vegan Label Flyer eco Label Flyer 100% Vegan eco Label Flyer gepr\u00fcfte Qualit\u00e4t Flyer Physikalische Materialpr\u00fcfung Flyer Zertifizierung","og_url":"https:\/\/pfi-germany.de\/de\/uber-uns\/downloads\/","og_site_name":"Pr\u00fcf- und Forschungsinstitut Pirmasens e.V.","article_publisher":"https:\/\/www.facebook.com\/people\/Pruef-und-Forschungsinstitut-Pirmasens-e-V\/100057088164342\/","article_modified_time":"2025-08-22T08:54:52+00:00","og_image":[{"url":"https:\/\/pfi-germany.de\/wp-content\/uploads\/2025\/08\/A5-Broschure_gesamt-dt._Seite_01-981x1024.jpg","type":"","width":"","height":""}],"twitter_card":"summary_large_image","twitter_misc":{"Gesch\u00e4tzte Lesezeit":"2\u00a0Minuten"},"schema":{"@context":"https:\/\/schema.org","@graph":[{"@type":"WebPage","@id":"https:\/\/pfi-germany.de\/de\/uber-uns\/downloads\/","url":"https:\/\/pfi-germany.de\/de\/uber-uns\/downloads\/","name":"Downloads - Pr\u00fcf- und Forschungsinstitut Pirmasens e.V.","isPartOf":{"@id":"https:\/\/pfi-germany.de\/de\/#website"},"primaryImageOfPage":{"@id":"https:\/\/pfi-germany.de\/de\/uber-uns\/downloads\/#primaryimage"},"image":{"@id":"https:\/\/pfi-germany.de\/de\/uber-uns\/downloads\/#primaryimage"},"thumbnailUrl":"https:\/\/pfi-germany.de\/wp-content\/uploads\/2025\/08\/A5-Broschure_gesamt-dt._Seite_01-981x1024.jpg","datePublished":"2025-08-21T13:17:44+00:00","dateModified":"2025-08-22T08:54:52+00:00","breadcrumb":{"@id":"https:\/\/pfi-germany.de\/de\/uber-uns\/downloads\/#breadcrumb"},"inLanguage":"de","potentialAction":[{"@type":"ReadAction","target":["https:\/\/pfi-germany.de\/de\/uber-uns\/downloads\/"]}]},{"@type":"ImageObject","inLanguage":"de","@id":"https:\/\/pfi-germany.de\/de\/uber-uns\/downloads\/#primaryimage","url":"https:\/\/pfi-germany.de\/wp-content\/uploads\/2025\/08\/A5-Broschure_gesamt-dt._Seite_01-981x1024.jpg","contentUrl":"https:\/\/pfi-germany.de\/wp-content\/uploads\/2025\/08\/A5-Broschure_gesamt-dt._Seite_01-981x1024.jpg"},{"@type":"BreadcrumbList","@id":"https:\/\/pfi-germany.de\/de\/uber-uns\/downloads\/#breadcrumb","itemListElement":[{"@type":"ListItem","position":1,"name":"Home","item":"https:\/\/pfi-germany.de\/"},{"@type":"ListItem","position":2,"name":"\u00dcber Uns","item":"https:\/\/pfi-germany.de\/de\/uber-uns\/"},{"@type":"ListItem","position":3,"name":"Downloads"}]},{"@type":"WebSite","@id":"https:\/\/pfi-germany.de\/de\/#website","url":"https:\/\/pfi-germany.de\/de\/","name":"PFI 2024","description":"","publisher":{"@id":"https:\/\/pfi-germany.de\/de\/#organization"},"potentialAction":[{"@type":"SearchAction","target":{"@type":"EntryPoint","urlTemplate":"https:\/\/pfi-germany.de\/de\/?s={search_term_string}"},"query-input":{"@type":"PropertyValueSpecification","valueRequired":true,"valueName":"search_term_string"}}],"inLanguage":"de"},{"@type":"Organization","@id":"https:\/\/pfi-germany.de\/de\/#organization","name":"PFI 2024","url":"https:\/\/pfi-germany.de\/de\/","logo":{"@type":"ImageObject","inLanguage":"de","@id":"https:\/\/pfi-germany.de\/de\/#\/schema\/logo\/image\/","url":"https:\/\/pfi-germany.de\/wp-content\/uploads\/2024\/09\/logo.jpg","contentUrl":"https:\/\/pfi-germany.de\/wp-content\/uploads\/2024\/09\/logo.jpg","width":329,"height":120,"caption":"PFI 2024"},"image":{"@id":"https:\/\/pfi-germany.de\/de\/#\/schema\/logo\/image\/"},"sameAs":["https:\/\/www.facebook.com\/people\/Pruef-und-Forschungsinstitut-Pirmasens-e-V\/100057088164342\/","https:\/\/www.instagram.com\/pfi_germany\/","https:\/\/www.youtube.com\/channel\/UCITCYhey0fqJRRjiH7Gw3sg","https:\/\/de.linkedin.com\/company\/pfi-germany"]}]}},"_links":{"self":[{"href":"https:\/\/pfi-germany.de\/de\/wp-json\/wp\/v2\/pages\/7074","targetHints":{"allow":["GET"]}}],"collection":[{"href":"https:\/\/pfi-germany.de\/de\/wp-json\/wp\/v2\/pages"}],"about":[{"href":"https:\/\/pfi-germany.de\/de\/wp-json\/wp\/v2\/types\/page"}],"author":[{"embeddable":true,"href":"https:\/\/pfi-germany.de\/de\/wp-json\/wp\/v2\/users\/4"}],"replies":[{"embeddable":true,"href":"https:\/\/pfi-germany.de\/de\/wp-json\/wp\/v2\/comments?post=7074"}],"version-history":[{"count":11,"href":"https:\/\/pfi-germany.de\/de\/wp-json\/wp\/v2\/pages\/7074\/revisions"}],"predecessor-version":[{"id":7147,"href":"https:\/\/pfi-germany.de\/de\/wp-json\/wp\/v2\/pages\/7074\/revisions\/7147"}],"up":[{"embeddable":true,"href":"https:\/\/pfi-germany.de\/de\/wp-json\/wp\/v2\/pages\/1121"}],"wp:attachment":[{"href":"https:\/\/pfi-germany.de\/de\/wp-json\/wp\/v2\/media?parent=7074"}],"curies":[{"name":"wp","href":"https:\/\/api.w.org\/{rel}","templated":true}]}}