{"id":2074,"date":"2025-01-09T07:19:50","date_gmt":"2025-01-09T07:19:50","guid":{"rendered":"http:\/\/pfi.agentur-reppa.de\/wordpress\/?page_id=2074"},"modified":"2025-11-21T09:04:35","modified_gmt":"2025-11-21T09:04:35","slug":"kontaktformular","status":"publish","type":"page","link":"https:\/\/pfi-germany.de\/de\/kontakt\/kontaktformular\/","title":{"rendered":"Kontaktformular"},"content":{"rendered":"\n<div style=\"height:50px\" aria-hidden=\"true\" class=\"wp-block-spacer\"><\/div>\n\n\n\n<div class=\"wp-block-columns alignwide is-layout-flex wp-container-core-columns-is-layout-4eb5359a wp-block-columns-is-layout-flex\" style=\"padding-top:var(--wp--preset--spacing--20);padding-right:var(--wp--preset--spacing--50);padding-bottom:var(--wp--preset--spacing--30);padding-left:var(--wp--preset--spacing--50)\">\n<div class=\"wp-block-column is-layout-flow wp-block-column-is-layout-flow\" style=\"flex-basis:90%\">\n<div class=\"wp-block-group has-global-padding is-layout-constrained wp-block-group-is-layout-constrained\" style=\"border-radius:10px\">\n<h1 class=\"wp-block-heading has-text-align-left has-pfi-blue-color has-text-color has-link-color wp-elements-a9563e13607f58828464b7c1cba89959\" style=\"line-height:1.2\">Sprechen Sie uns an!<\/h1>\n\n\n\n<p class=\"has-text-align-left has-black-color has-text-color has-link-color wp-elements-c20dae6f10fc98b66d68481dac06bc59\">M\u00f6chten Sie sich genauer informieren?<br>Haben Sie die Antworten auf Ihre Fragen nicht gefunden?<br>M\u00f6chten Sie lieber ein pers\u00f6nliches Gespr\u00e4ch f\u00fchren?<\/p>\n\n\n\n<p class=\"has-text-align-left\"><strong>F\u00fcr alle F\u00e4lle sind wir f\u00fcr Sie da &#8211; sprechen Sie uns an!<\/strong><\/p>\n\n\n\n<div style=\"height:30px\" aria-hidden=\"true\" class=\"wp-block-spacer\"><\/div>\n\n\n\n<h2 class=\"wp-block-heading has-pfi-blue-color has-text-color has-link-color has-large-font-size wp-elements-a783f44e5d2e8dfc207c88482512ac80\" style=\"line-height:1.2\">Kontaktformular<\/h2>\n\n\n\n<div class=\"wp-block-contact-form-7-contact-form-selector\">\n<div class=\"wpcf7 no-js\" id=\"wpcf7-f2073-o1\" lang=\"en-US\" dir=\"ltr\" data-wpcf7-id=\"2073\">\n<div class=\"screen-reader-response\"><p role=\"status\" aria-live=\"polite\" aria-atomic=\"true\"><\/p> <ul><\/ul><\/div>\n<form action=\"\/de\/wp-json\/wp\/v2\/pages\/2074#wpcf7-f2073-o1\" method=\"post\" class=\"wpcf7-form init\" aria-label=\"Contact form\" novalidate=\"novalidate\" data-status=\"init\">\n<fieldset class=\"hidden-fields-container\"><input type=\"hidden\" name=\"_wpcf7\" value=\"2073\" \/><input type=\"hidden\" name=\"_wpcf7_version\" value=\"6.1.5\" \/><input type=\"hidden\" name=\"_wpcf7_locale\" value=\"en_US\" \/><input type=\"hidden\" name=\"_wpcf7_unit_tag\" value=\"wpcf7-f2073-o1\" \/><input type=\"hidden\" name=\"_wpcf7_container_post\" value=\"0\" \/><input type=\"hidden\" name=\"_wpcf7_posted_data_hash\" value=\"\" \/><input type=\"hidden\" name=\"_wpcf7_recaptcha_response\" value=\"\" \/>\n<\/fieldset>\n<p><span id=\"wpcf7-69e8d33638912-wrapper\" class=\"wpcf7-form-control-wrap Name-wrap\" style=\"display:none !important; visibility:hidden !important;\"><label for=\"wpcf7-69e8d33638912-field\" class=\"hp-message\">Please leave this field empty.<\/label><input id=\"wpcf7-69e8d33638912-field\"  class=\"wpcf7-form-control wpcf7-text\" type=\"text\" name=\"Name\" value=\"\" size=\"40\" tabindex=\"-1\" autocomplete=\"new-password\" \/><\/span>\n<\/p>\n<p><label> \u201e*\u201c zeigt die erforderlichen Felder an <\/label>\n<\/p>\n<p><label> Vor- und Nachname*<br \/>\n<span class=\"wpcf7-form-control-wrap\" data-name=\"your-name\"><input size=\"40\" maxlength=\"400\" class=\"wpcf7-form-control wpcf7-text wpcf7-validates-as-required\" autocomplete=\"name\" aria-required=\"true\" aria-invalid=\"false\" value=\"\" type=\"text\" name=\"your-name\" \/><\/span> <\/label>\n<\/p>\n<p><label> E-Mail-Adresse*<br \/>\n<span class=\"wpcf7-form-control-wrap\" data-name=\"your-email\"><input size=\"40\" maxlength=\"400\" class=\"wpcf7-form-control wpcf7-email wpcf7-validates-as-required wpcf7-text wpcf7-validates-as-email\" autocomplete=\"email\" aria-required=\"true\" aria-invalid=\"false\" value=\"\" type=\"email\" name=\"your-email\" \/><\/span> <\/label>\n<\/p>\n<p><label> Telefonnummer<br \/>\n<span class=\"wpcf7-form-control-wrap\" data-name=\"tel-313\"><input size=\"40\" maxlength=\"400\" class=\"wpcf7-form-control wpcf7-tel wpcf7-text wpcf7-validates-as-tel\" aria-invalid=\"false\" value=\"\" type=\"tel\" name=\"tel-313\" \/><\/span> <\/label>\n<\/p>\n<p><label> Betreff<br \/>\n<span class=\"wpcf7-form-control-wrap\" data-name=\"your-subject\"><input size=\"40\" maxlength=\"400\" class=\"wpcf7-form-control wpcf7-text\" aria-invalid=\"false\" value=\"\" type=\"text\" name=\"your-subject\" \/><\/span> <\/label>\n<\/p>\n<p><label> Ihre Nachricht<br \/>\n<span class=\"wpcf7-form-control-wrap\" data-name=\"your-message\"><textarea cols=\"40\" rows=\"10\" maxlength=\"2000\" class=\"wpcf7-form-control wpcf7-textarea\" aria-invalid=\"false\" name=\"your-message\"><\/textarea><\/span> <\/label>\n<\/p>\n<p><span class=\"wpcf7-form-control-wrap\" data-name=\"acceptance-81\"><span class=\"wpcf7-form-control wpcf7-acceptance\"><span class=\"wpcf7-list-item\"><label><input type=\"checkbox\" name=\"acceptance-81\" value=\"1\" aria-invalid=\"false\" \/><span class=\"wpcf7-list-item-label\">Ich akzeptiere die Hinweise zum <a href=\"https:\/\/pfi-germany.de\/de\/datenschutz\/\" target=\"_blank\">Datenschutz<\/a> und stimme einer Verarbeitung zwecks Kontaktaufnahme zu.<\/span><\/label><\/span><\/span><\/span>\n<\/p>\n\n<p><input class=\"wpcf7-form-control wpcf7-submit has-spinner\" type=\"submit\" value=\"Absenden\" \/>\n<\/p><div class=\"wpcf7-response-output\" aria-hidden=\"true\"><\/div>\n<\/form>\n<\/div>\n<\/div>\n\n\n<\/div>\n<\/div>\n\n\n\n<div class=\"wp-block-column is-vertically-aligned-stretch is-layout-flow wp-block-column-is-layout-flow\" style=\"flex-basis:50%\">\n<div class=\"wp-block-group has-pfi-grey-background-color has-background has-global-padding is-content-justification-center is-layout-constrained wp-container-core-group-is-layout-29b1fad1 wp-block-group-is-layout-constrained\" style=\"border-radius:50px;padding-top:var(--wp--preset--spacing--50);padding-right:var(--wp--preset--spacing--50);padding-bottom:var(--wp--preset--spacing--50);padding-left:var(--wp--preset--spacing--50)\">\n<h3 class=\"wp-block-heading has-pfi-blue-color has-text-color has-link-color has-medium-font-size wp-elements-44ab76a10f0cc68105c05bc5d4912076\" style=\"padding-top:0;padding-right:0;padding-bottom:0;padding-left:0\">PFI Germany<\/h3>\n\n\n\n<p>Pr\u00fcf- und Forschungsinstitut Pirmasens e.V.&nbsp;<\/p>\n\n\n\n<p><br>Marie-Curie-Stra\u00dfe 19<br>66953 Pirmasens<br><br>Tel.:&nbsp;<\/p>\n\n\n\n<p><a href=\"tel:+49633124900\">+49 6331 2490 0<\/a><\/p>\n\n\n\n<p><br>E-Mail:&nbsp;<\/p>\n\n\n\n<p><a data-type=\"mailto\" data-id=\"mailto:info@pfi-germany.de\" href=\"mailto:info@pfi-germany.de\">info@pfi-germany.de<\/a> <\/p>\n\n\n\n<p class=\"has-pfi-grey-color has-text-color has-link-color wp-elements-07bd521f8cdcdbf5f6cd9ad74d6d4142\">leer<\/p>\n\n\n\n<p>Wir sind Montags bis Freitags von 8:00 bis 16:30 Uhr f\u00fcr Sie da!<\/p>\n<\/div>\n<\/div>\n<\/div>\n\n\n\n<div class=\"wp-block-group alignfull is-content-justification-center is-nowrap is-layout-flex wp-container-core-group-is-layout-93367e86 wp-block-group-is-layout-flex\" id=\"auftragsblatt\" style=\"margin-top:0;margin-bottom:0;padding-top:var(--wp--preset--spacing--40);padding-bottom:0\">\n<div class=\"gradient-separator-up\"><\/div>\n<\/div>\n\n\n\n<div id=\"mein-anker\" class=\"scroll-anchor\"><\/div>\n\n\n\n<div class=\"wp-block-group alignwide is-layout-flow wp-block-group-is-layout-flow\" style=\"border-radius:10px;padding-top:var(--wp--preset--spacing--40);padding-right:var(--wp--preset--spacing--60);padding-bottom:var(--wp--preset--spacing--50);padding-left:var(--wp--preset--spacing--60)\">\n<h1 class=\"wp-block-heading has-text-align-left has-pfi-blue-color has-text-color has-link-color wp-elements-f7c4535dd204db47fdc8d840b877ef0b\" style=\"line-height:1.2\">F\u00fcllen Sie direkt unser Auftragsformular aus! <\/h1>\n\n\n\n<p class=\"has-text-align-left has-black-color has-text-color has-link-color wp-elements-67137fff2ecdaf9984124aa10bbfd691\">Mit unserem Auftragsformular k\u00f6nnen Sie uns alle wichtigen Informationen zu Ihrem Projekt oder Auftrag direkt \u00fcbermitteln.<\/p>\n\n\n\n<p class=\"has-text-align-left has-black-color has-text-color has-link-color wp-elements-f35609e1dab4ed19247b4df0d855160b\">So stellen wir sicher, dass Ihr Anliegen schnell, korrekt und effizient bearbeitet wird. <\/p>\n\n\n\n<p class=\"has-text-align-left\"><strong>Schnell, einfach und digital: \u00dcbermitteln Sie uns Ihre Informationen f\u00fcr Ihr Projekt oder Ihre Bestellung.<\/strong><\/p>\n\n\n\n<div style=\"height:18px\" aria-hidden=\"true\" class=\"wp-block-spacer\"><\/div>\n\n\n\n<h2 class=\"wp-block-heading has-pfi-blue-color has-text-color has-link-color has-large-font-size wp-elements-04986d5e71c3c329bd00b85d1672c9ff\" style=\"line-height:1.2\"><a href=\"https:\/\/pfi-germany.de\/wp-content\/uploads\/2025\/11\/20251121_Auftragsformular.pdf\"><strong>Auftragsformular hier downloaden!<\/strong><\/a><\/h2>\n<\/div>\n\n\n\n\n\n<script>\n  document.addEventListener(\"DOMContentLoaded\", function () {\n    \/\/ Alle <details>-Bl\u00f6cke durchgehen\n    const detailBlocks = document.querySelectorAll(\"details\");\n\n    detailBlocks.forEach(details => {\n      \/\/ Das direkt darin enthaltene <summary> holen\n      const summary = details.querySelector(\"summary\");\n\n      \/\/ Das n\u00e4chste Geschwister-Element nach <summary> suchen mit id (z.\u202fB. der Spalten-Container)\n      const nextElementWithId = details.querySelector(\"[id]\");\n\n      if (summary && nextElementWithId && nextElementWithId.id) {\n        summary.addEventListener(\"click\", function () {\n          const id = nextElementWithId.id;\n          \n          \/\/ Timeout, damit die Animation des \u00d6ffnens durch ist\n          setTimeout(() => {\n            history.replaceState(null, null, '#' + id);\n          }, 100);\n        });\n      }\n    });\n  });\n<\/script>\n","protected":false},"excerpt":{"rendered":"<p>Sprechen Sie uns an! M\u00f6chten Sie sich genauer informieren?Haben Sie die Antworten auf Ihre Fragen nicht gefunden?M\u00f6chten Sie lieber ein pers\u00f6nliches Gespr\u00e4ch f\u00fchren? F\u00fcr alle F\u00e4lle sind wir f\u00fcr Sie da &#8211; sprechen Sie uns an! Kontaktformular PFI Germany Pr\u00fcf- und Forschungsinstitut Pirmasens e.V.&nbsp; Marie-Curie-Stra\u00dfe 1966953 Pirmasens Tel.:&nbsp; +49 6331 2490 0 E-Mail:&nbsp; info@pfi-germany.de leer [&hellip;]<\/p>\n","protected":false},"author":2,"featured_media":0,"parent":1360,"menu_order":0,"comment_status":"closed","ping_status":"closed","template":"","meta":{"footnotes":""},"class_list":["post-2074","page","type-page","status-publish","hentry"],"yoast_head":"<!-- This site is optimized with the Yoast SEO plugin v27.3 - https:\/\/yoast.com\/product\/yoast-seo-wordpress\/ -->\n<title>Kontaktformular PFI Pirmasens<\/title>\n<meta name=\"description\" content=\"Stellen Sie hier Ihre Anfrage zu Pr\u00fcfung von Materialien sowie Produkten, Pr\u00fcfzeichen, zu Zertifizierungen oder auch Forschung &amp; Entwicklung. Wir freuen uns darauf.\" \/>\n<meta name=\"robots\" content=\"index, follow, max-snippet:-1, max-image-preview:large, max-video-preview:-1\" \/>\n<link rel=\"canonical\" href=\"https:\/\/pfi-germany.de\/de\/kontakt\/kontaktformular\/\" \/>\n<meta property=\"og:locale\" content=\"de_DE\" \/>\n<meta property=\"og:type\" content=\"article\" \/>\n<meta property=\"og:title\" content=\"Kontaktformular PFI Pirmasens\" \/>\n<meta property=\"og:description\" content=\"Stellen Sie hier Ihre Anfrage zu Pr\u00fcfung von Materialien sowie Produkten, Pr\u00fcfzeichen, zu Zertifizierungen oder auch Forschung &amp; Entwicklung. Wir freuen uns darauf.\" \/>\n<meta property=\"og:url\" content=\"https:\/\/pfi-germany.de\/de\/kontakt\/kontaktformular\/\" \/>\n<meta property=\"og:site_name\" content=\"Pr\u00fcf- und Forschungsinstitut Pirmasens e.V.\" \/>\n<meta property=\"article:publisher\" content=\"https:\/\/www.facebook.com\/people\/Pruef-und-Forschungsinstitut-Pirmasens-e-V\/100057088164342\/\" \/>\n<meta property=\"article:modified_time\" content=\"2025-11-21T09:04:35+00:00\" \/>\n<meta name=\"twitter:card\" content=\"summary_large_image\" \/>\n<meta name=\"twitter:label1\" content=\"Gesch\u00e4tzte Lesezeit\" \/>\n\t<meta name=\"twitter:data1\" content=\"1\u00a0Minute\" \/>\n<script type=\"application\/ld+json\" class=\"yoast-schema-graph\">{\"@context\":\"https:\\\/\\\/schema.org\",\"@graph\":[{\"@type\":\"WebPage\",\"@id\":\"https:\\\/\\\/pfi-germany.de\\\/kontakt\\\/kontaktformular\\\/\",\"url\":\"https:\\\/\\\/pfi-germany.de\\\/kontakt\\\/kontaktformular\\\/\",\"name\":\"Kontaktformular PFI Pirmasens\",\"isPartOf\":{\"@id\":\"https:\\\/\\\/pfi-germany.de\\\/de\\\/#website\"},\"datePublished\":\"2025-01-09T07:19:50+00:00\",\"dateModified\":\"2025-11-21T09:04:35+00:00\",\"description\":\"Stellen Sie hier Ihre Anfrage zu Pr\u00fcfung von Materialien sowie Produkten, Pr\u00fcfzeichen, zu Zertifizierungen oder auch Forschung & Entwicklung. Wir freuen uns darauf.\",\"breadcrumb\":{\"@id\":\"https:\\\/\\\/pfi-germany.de\\\/kontakt\\\/kontaktformular\\\/#breadcrumb\"},\"inLanguage\":\"de\",\"potentialAction\":[{\"@type\":\"ReadAction\",\"target\":[\"https:\\\/\\\/pfi-germany.de\\\/kontakt\\\/kontaktformular\\\/\"]}]},{\"@type\":\"BreadcrumbList\",\"@id\":\"https:\\\/\\\/pfi-germany.de\\\/kontakt\\\/kontaktformular\\\/#breadcrumb\",\"itemListElement\":[{\"@type\":\"ListItem\",\"position\":1,\"name\":\"Home\",\"item\":\"https:\\\/\\\/pfi-germany.de\\\/\"},{\"@type\":\"ListItem\",\"position\":2,\"name\":\"Kontakt\",\"item\":\"https:\\\/\\\/pfi-germany.de\\\/kontakt\\\/\"},{\"@type\":\"ListItem\",\"position\":3,\"name\":\"Kontaktformular\"}]},{\"@type\":\"WebSite\",\"@id\":\"https:\\\/\\\/pfi-germany.de\\\/de\\\/#website\",\"url\":\"https:\\\/\\\/pfi-germany.de\\\/de\\\/\",\"name\":\"PFI 2024\",\"description\":\"\",\"publisher\":{\"@id\":\"https:\\\/\\\/pfi-germany.de\\\/de\\\/#organization\"},\"potentialAction\":[{\"@type\":\"SearchAction\",\"target\":{\"@type\":\"EntryPoint\",\"urlTemplate\":\"https:\\\/\\\/pfi-germany.de\\\/de\\\/?s={search_term_string}\"},\"query-input\":{\"@type\":\"PropertyValueSpecification\",\"valueRequired\":true,\"valueName\":\"search_term_string\"}}],\"inLanguage\":\"de\"},{\"@type\":\"Organization\",\"@id\":\"https:\\\/\\\/pfi-germany.de\\\/de\\\/#organization\",\"name\":\"PFI 2024\",\"url\":\"https:\\\/\\\/pfi-germany.de\\\/de\\\/\",\"logo\":{\"@type\":\"ImageObject\",\"inLanguage\":\"de\",\"@id\":\"https:\\\/\\\/pfi-germany.de\\\/de\\\/#\\\/schema\\\/logo\\\/image\\\/\",\"url\":\"https:\\\/\\\/pfi-germany.de\\\/wp-content\\\/uploads\\\/2024\\\/09\\\/logo.jpg\",\"contentUrl\":\"https:\\\/\\\/pfi-germany.de\\\/wp-content\\\/uploads\\\/2024\\\/09\\\/logo.jpg\",\"width\":329,\"height\":120,\"caption\":\"PFI 2024\"},\"image\":{\"@id\":\"https:\\\/\\\/pfi-germany.de\\\/de\\\/#\\\/schema\\\/logo\\\/image\\\/\"},\"sameAs\":[\"https:\\\/\\\/www.facebook.com\\\/people\\\/Pruef-und-Forschungsinstitut-Pirmasens-e-V\\\/100057088164342\\\/\",\"https:\\\/\\\/www.instagram.com\\\/pfi_germany\\\/\",\"https:\\\/\\\/www.youtube.com\\\/channel\\\/UCITCYhey0fqJRRjiH7Gw3sg\",\"https:\\\/\\\/de.linkedin.com\\\/company\\\/pfi-germany\"]}]}<\/script>\n<!-- \/ Yoast SEO plugin. -->","yoast_head_json":{"title":"Kontaktformular PFI Pirmasens","description":"Stellen Sie hier Ihre Anfrage zu Pr\u00fcfung von Materialien sowie Produkten, Pr\u00fcfzeichen, zu Zertifizierungen oder auch Forschung & Entwicklung. Wir freuen uns darauf.","robots":{"index":"index","follow":"follow","max-snippet":"max-snippet:-1","max-image-preview":"max-image-preview:large","max-video-preview":"max-video-preview:-1"},"canonical":"https:\/\/pfi-germany.de\/de\/kontakt\/kontaktformular\/","og_locale":"de_DE","og_type":"article","og_title":"Kontaktformular PFI Pirmasens","og_description":"Stellen Sie hier Ihre Anfrage zu Pr\u00fcfung von Materialien sowie Produkten, Pr\u00fcfzeichen, zu Zertifizierungen oder auch Forschung & Entwicklung. Wir freuen uns darauf.","og_url":"https:\/\/pfi-germany.de\/de\/kontakt\/kontaktformular\/","og_site_name":"Pr\u00fcf- und Forschungsinstitut Pirmasens e.V.","article_publisher":"https:\/\/www.facebook.com\/people\/Pruef-und-Forschungsinstitut-Pirmasens-e-V\/100057088164342\/","article_modified_time":"2025-11-21T09:04:35+00:00","twitter_card":"summary_large_image","twitter_misc":{"Gesch\u00e4tzte Lesezeit":"1\u00a0Minute"},"schema":{"@context":"https:\/\/schema.org","@graph":[{"@type":"WebPage","@id":"https:\/\/pfi-germany.de\/kontakt\/kontaktformular\/","url":"https:\/\/pfi-germany.de\/kontakt\/kontaktformular\/","name":"Kontaktformular PFI Pirmasens","isPartOf":{"@id":"https:\/\/pfi-germany.de\/de\/#website"},"datePublished":"2025-01-09T07:19:50+00:00","dateModified":"2025-11-21T09:04:35+00:00","description":"Stellen Sie hier Ihre Anfrage zu Pr\u00fcfung von Materialien sowie Produkten, Pr\u00fcfzeichen, zu Zertifizierungen oder auch Forschung & Entwicklung. Wir freuen uns darauf.","breadcrumb":{"@id":"https:\/\/pfi-germany.de\/kontakt\/kontaktformular\/#breadcrumb"},"inLanguage":"de","potentialAction":[{"@type":"ReadAction","target":["https:\/\/pfi-germany.de\/kontakt\/kontaktformular\/"]}]},{"@type":"BreadcrumbList","@id":"https:\/\/pfi-germany.de\/kontakt\/kontaktformular\/#breadcrumb","itemListElement":[{"@type":"ListItem","position":1,"name":"Home","item":"https:\/\/pfi-germany.de\/"},{"@type":"ListItem","position":2,"name":"Kontakt","item":"https:\/\/pfi-germany.de\/kontakt\/"},{"@type":"ListItem","position":3,"name":"Kontaktformular"}]},{"@type":"WebSite","@id":"https:\/\/pfi-germany.de\/de\/#website","url":"https:\/\/pfi-germany.de\/de\/","name":"PFI 2024","description":"","publisher":{"@id":"https:\/\/pfi-germany.de\/de\/#organization"},"potentialAction":[{"@type":"SearchAction","target":{"@type":"EntryPoint","urlTemplate":"https:\/\/pfi-germany.de\/de\/?s={search_term_string}"},"query-input":{"@type":"PropertyValueSpecification","valueRequired":true,"valueName":"search_term_string"}}],"inLanguage":"de"},{"@type":"Organization","@id":"https:\/\/pfi-germany.de\/de\/#organization","name":"PFI 2024","url":"https:\/\/pfi-germany.de\/de\/","logo":{"@type":"ImageObject","inLanguage":"de","@id":"https:\/\/pfi-germany.de\/de\/#\/schema\/logo\/image\/","url":"https:\/\/pfi-germany.de\/wp-content\/uploads\/2024\/09\/logo.jpg","contentUrl":"https:\/\/pfi-germany.de\/wp-content\/uploads\/2024\/09\/logo.jpg","width":329,"height":120,"caption":"PFI 2024"},"image":{"@id":"https:\/\/pfi-germany.de\/de\/#\/schema\/logo\/image\/"},"sameAs":["https:\/\/www.facebook.com\/people\/Pruef-und-Forschungsinstitut-Pirmasens-e-V\/100057088164342\/","https:\/\/www.instagram.com\/pfi_germany\/","https:\/\/www.youtube.com\/channel\/UCITCYhey0fqJRRjiH7Gw3sg","https:\/\/de.linkedin.com\/company\/pfi-germany"]}]}},"_links":{"self":[{"href":"https:\/\/pfi-germany.de\/de\/wp-json\/wp\/v2\/pages\/2074","targetHints":{"allow":["GET"]}}],"collection":[{"href":"https:\/\/pfi-germany.de\/de\/wp-json\/wp\/v2\/pages"}],"about":[{"href":"https:\/\/pfi-germany.de\/de\/wp-json\/wp\/v2\/types\/page"}],"author":[{"embeddable":true,"href":"https:\/\/pfi-germany.de\/de\/wp-json\/wp\/v2\/users\/2"}],"replies":[{"embeddable":true,"href":"https:\/\/pfi-germany.de\/de\/wp-json\/wp\/v2\/comments?post=2074"}],"version-history":[{"count":38,"href":"https:\/\/pfi-germany.de\/de\/wp-json\/wp\/v2\/pages\/2074\/revisions"}],"predecessor-version":[{"id":15809,"href":"https:\/\/pfi-germany.de\/de\/wp-json\/wp\/v2\/pages\/2074\/revisions\/15809"}],"up":[{"embeddable":true,"href":"https:\/\/pfi-germany.de\/de\/wp-json\/wp\/v2\/pages\/1360"}],"wp:attachment":[{"href":"https:\/\/pfi-germany.de\/de\/wp-json\/wp\/v2\/media?parent=2074"}],"curies":[{"name":"wp","href":"https:\/\/api.w.org\/{rel}","templated":true}]}}