{"id":1397,"date":"2024-12-12T13:01:45","date_gmt":"2024-12-12T13:01:45","guid":{"rendered":"http:\/\/pfi.agentur-reppa.de\/wordpress\/?page_id=1397"},"modified":"2025-07-09T12:47:51","modified_gmt":"2025-07-09T12:47:51","slug":"standorte","status":"publish","type":"page","link":"https:\/\/pfi-germany.de\/de\/kontakt\/standorte\/","title":{"rendered":"Standorte"},"content":{"rendered":"\n<div class=\"wp-block-group alignfull .clickable-container has-white-background-color has-background has-global-padding is-layout-constrained wp-container-core-group-is-layout-a3636ae0 wp-block-group-is-layout-constrained\" style=\"margin-top:0;margin-bottom:0;padding-top:var(--wp--preset--spacing--20);padding-right:var(--wp--preset--spacing--40);padding-bottom:0;padding-left:0\">\n<div class=\"wp-block-columns alignwide are-vertically-aligned-center is-layout-flex wp-container-core-columns-is-layout-5c7af128 wp-block-columns-is-layout-flex\" style=\"padding-right:var(--wp--preset--spacing--50);padding-left:var(--wp--preset--spacing--50)\">\n<div class=\"wp-block-column is-vertically-aligned-center is-layout-flow wp-block-column-is-layout-flow\" style=\"padding-right:var(--wp--preset--spacing--30);padding-left:var(--wp--preset--spacing--30);flex-basis:100%\">\n<div class=\"wp-block-group is-vertical is-layout-flex wp-container-core-group-is-layout-af292921 wp-block-group-is-layout-flex\" style=\"margin-top:var(--wp--preset--spacing--20);margin-bottom:var(--wp--preset--spacing--20)\">\n<h1 class=\"wp-block-heading has-pfi-blue-color has-text-color has-link-color wp-elements-907da1a66cf1233ba41888e9ea65622a\" style=\"margin-right:0;margin-bottom:0;margin-left:0px;line-height:1.2;writing-mode:horizontal-tb\"><strong><strong><strong>Standorte<\/strong><\/strong><\/strong><\/h1>\n<\/div>\n<\/div>\n<\/div>\n<\/div>\n\n\n\n<div style=\"height:50px\" aria-hidden=\"true\" class=\"wp-block-spacer\"><\/div>\n\n\n\n<div class=\"wp-block-group alignwide is-layout-grid wp-container-core-group-is-layout-661c48e7 wp-block-group-is-layout-grid\" style=\"margin-top:0;margin-bottom:0\">\n<div class=\"wp-block-group is-vertical is-layout-flex wp-container-core-group-is-layout-fe9cc265 wp-block-group-is-layout-flex\">\n<figure class=\"wp-block-image size-full\"><img loading=\"lazy\" decoding=\"async\" width=\"200\" height=\"72\" src=\"https:\/\/pfi-germany.de\/wp-content\/uploads\/2024\/12\/csm_PFI_Germany_PNG_acbdcf093b.png\" alt=\"Logo PFI Germany\" class=\"wp-image-1400\" srcset=\"https:\/\/pfi-germany.de\/wp-content\/uploads\/2024\/12\/csm_PFI_Germany_PNG_acbdcf093b.png 200w, https:\/\/pfi-germany.de\/wp-content\/uploads\/2024\/12\/csm_PFI_Germany_PNG_acbdcf093b-50x18.png 50w\" sizes=\"auto, (max-width: 200px) 100vw, 200px\" \/><\/figure>\n\n\n\n<h2 class=\"wp-block-heading has-pfi-blue-color has-text-color has-link-color wp-elements-97570a34f02723fcfc2e4b35bfb5a898\" style=\"font-size:clamp(0.984rem, 0.984rem + ((1vw - 0.2rem) * 0.86), 1.5rem);\"><strong>PFI Germany<\/strong><\/h2>\n\n\n\n<p>Pr\u00fcf- und Forschungs\u00adinstitut<br>Pirmasens e.V.<br>Marie-Curie-Stra\u00dfe 19<br>66953 Pirmasens<br><br>Tel.:&nbsp;<a href=\"tel:+49633124900\">+49 6331 2490 0<\/a><br>Fax: +49 6331 2490 60<br><a href=\"mailto:info@pfi-germany.de\" data-type=\"mailto\" data-id=\"mailto:info@pfi-germany.de\">info@pfi-germany.de<\/a>&nbsp;<br><a href=\"http:\/\/www.pfi-germany.de\/\" target=\"_blank\" rel=\"noreferrer noopener\">www.pfi-germany.de<\/a>&nbsp;<\/p>\n\n\n\n<div style=\"height:0px\" aria-hidden=\"true\" class=\"wp-block-spacer wp-container-content-8e98ba44\"><\/div>\n<\/div>\n\n\n\n<div class=\"wp-block-group is-vertical is-layout-flex wp-container-core-group-is-layout-fe9cc265 wp-block-group-is-layout-flex\">\n<figure class=\"wp-block-image size-full\"><img loading=\"lazy\" decoding=\"async\" width=\"200\" height=\"72\" src=\"https:\/\/pfi-germany.de\/wp-content\/uploads\/2024\/12\/csm_ISC_als_PNG_5823a443c9.png\" alt=\"Logo ISC Germany\" class=\"wp-image-1401\" srcset=\"https:\/\/pfi-germany.de\/wp-content\/uploads\/2024\/12\/csm_ISC_als_PNG_5823a443c9.png 200w, https:\/\/pfi-germany.de\/wp-content\/uploads\/2024\/12\/csm_ISC_als_PNG_5823a443c9-50x18.png 50w\" sizes=\"auto, (max-width: 200px) 100vw, 200px\" \/><\/figure>\n\n\n\n<h2 class=\"wp-block-heading has-pfi-blue-color has-text-color has-link-color wp-elements-8197b1eb5119d8cd4b0d1a5f09e8a2d6\" style=\"font-size:clamp(0.984rem, 0.984rem + ((1vw - 0.2rem) * 0.86), 1.5rem);\"><strong><strong>ISC Germany<\/strong><\/strong><\/h2>\n\n\n\n<p>International Shoe<br>Competence Center<br>Marie-Curie-Stra\u00dfe 20<br>66953 Pirmasens<br><br>Tel.:&nbsp;<a href=\"tel:+49633124900\">+49 6331 2490 0<\/a><br>Fax: +49 6331 2490 60<br><a data-type=\"mailto\" data-id=\"mailto:info@isc-germany.de\" href=\"mailto:info@isc-germany.de\">info@isc-germany.de<\/a>&nbsp;<br><\/p>\n\n\n\n<div style=\"height:0px\" aria-hidden=\"true\" class=\"wp-block-spacer wp-container-content-8e98ba44\"><\/div>\n<\/div>\n\n\n\n<div class=\"wp-block-group is-vertical is-layout-flex wp-container-core-group-is-layout-fe9cc265 wp-block-group-is-layout-flex\">\n<figure class=\"wp-block-image size-full\"><img loading=\"lazy\" decoding=\"async\" width=\"200\" height=\"73\" src=\"https:\/\/pfi-germany.de\/wp-content\/uploads\/2024\/12\/csm_PFI_Certification_4c_2_d4ec88efe9.png\" alt=\"Logo PFI Certification\" class=\"wp-image-1402\" srcset=\"https:\/\/pfi-germany.de\/wp-content\/uploads\/2024\/12\/csm_PFI_Certification_4c_2_d4ec88efe9.png 200w, https:\/\/pfi-germany.de\/wp-content\/uploads\/2024\/12\/csm_PFI_Certification_4c_2_d4ec88efe9-50x18.png 50w\" sizes=\"auto, (max-width: 200px) 100vw, 200px\" \/><\/figure>\n\n\n\n<h2 class=\"wp-block-heading has-pfi-blue-color has-text-color has-link-color wp-elements-1a3f5e5c5cf22cdd749cc63dccf0a743\" style=\"font-size:clamp(0.984rem, 0.984rem + ((1vw - 0.2rem) * 0.86), 1.5rem);\"><strong><strong><strong>Zertifi\u00ad\u00adzierungs\u00ad\u00adstelle<\/strong><\/strong><\/strong><\/h2>\n\n\n\n<p>Pr\u00fcf- und Forschungsinstitut<br>Pirmasens\u00a0e.V.<br>Marie-Curie-Str. 19<br>66953 Pirmasens<br><br>Tel.:\u00a0<a href=\"tel:+4963312490810\">+49 6331 2490 810<\/a><br>Fax: +49 6331 2276 09<br><a data-type=\"mailto\" data-id=\"mailto:info@isc-germany.de\" href=\"mailto:info@isc-germany.de\">cert@pfi-germany.de<\/a><\/p>\n\n\n\n<div style=\"height:0px\" aria-hidden=\"true\" class=\"wp-block-spacer wp-container-content-8e98ba44\"><\/div>\n<\/div>\n\n\n\n<div class=\"wp-block-group is-vertical is-layout-flex wp-container-core-group-is-layout-fe9cc265 wp-block-group-is-layout-flex\">\n<figure class=\"wp-block-image size-full\"><img loading=\"lazy\" decoding=\"async\" width=\"200\" height=\"72\" src=\"https:\/\/pfi-germany.de\/wp-content\/uploads\/2024\/12\/csm_PFI_Biotechnology_CMYK_300dpi_PNG_03b7ec3c6c.png\" alt=\"Logo PFI Biotechnology\" class=\"wp-image-1403\" srcset=\"https:\/\/pfi-germany.de\/wp-content\/uploads\/2024\/12\/csm_PFI_Biotechnology_CMYK_300dpi_PNG_03b7ec3c6c.png 200w, https:\/\/pfi-germany.de\/wp-content\/uploads\/2024\/12\/csm_PFI_Biotechnology_CMYK_300dpi_PNG_03b7ec3c6c-50x18.png 50w\" sizes=\"auto, (max-width: 200px) 100vw, 200px\" \/><\/figure>\n\n\n\n<h2 class=\"wp-block-heading has-pfi-blue-color has-text-color has-link-color wp-elements-72c047c0a4f37e7c928901ef328b5291\" style=\"font-size:clamp(0.984rem, 0.984rem + ((1vw - 0.2rem) * 0.86), 1.5rem);\"><strong><strong><strong><strong>PFI Bio\u00adtechno\u00adlogy<\/strong><\/strong><\/strong><\/strong><\/h2>\n\n\n\n<p>Pr\u00fcf- und Forschungsinstitut<br>Pirmasens e.V.<br>Marie-Curie-Stra\u00dfe 19<br>66953 Pirmasens<br><br>Tel.:&nbsp;<a data-type=\"tel\" data-id=\"tel:+4963312490846\" href=\"tel:+4963312490846\">+49 6331 2490 846<\/a><br>Fax: +49 6331 2490 888<br><a data-type=\"mailto\" data-id=\"mailto:info@pfi-germany.de\" href=\"mailto:info@pfi-germany.de\">info@pfi-germany.de<\/a><br><\/p>\n\n\n\n<div style=\"height:0px\" aria-hidden=\"true\" class=\"wp-block-spacer wp-container-content-8e98ba44\"><\/div>\n<\/div>\n\n\n\n<div class=\"wp-block-group is-vertical is-layout-flex wp-container-core-group-is-layout-fe9cc265 wp-block-group-is-layout-flex\">\n<figure class=\"wp-block-image size-full\"><img loading=\"lazy\" decoding=\"async\" width=\"200\" height=\"72\" src=\"https:\/\/pfi-germany.de\/wp-content\/uploads\/2024\/12\/csm_Bioraffinerietechnik_GmbH_png_80ce792018.png\" alt=\"Logo PFI Bioraffinerietechnik GmbH\" class=\"wp-image-1404\" srcset=\"https:\/\/pfi-germany.de\/wp-content\/uploads\/2024\/12\/csm_Bioraffinerietechnik_GmbH_png_80ce792018.png 200w, https:\/\/pfi-germany.de\/wp-content\/uploads\/2024\/12\/csm_Bioraffinerietechnik_GmbH_png_80ce792018-50x18.png 50w\" sizes=\"auto, (max-width: 200px) 100vw, 200px\" \/><\/figure>\n\n\n\n<h2 class=\"wp-block-heading has-pfi-blue-color has-text-color has-link-color wp-elements-92474b5abadb4078ae71aa832635a190\" style=\"font-size:clamp(0.984rem, 0.984rem + ((1vw - 0.2rem) * 0.86), 1.5rem);\"><strong><strong><strong><strong>PFI Bio\u00adraffinerie\u00adtechnik GmbH<\/strong><\/strong><\/strong><\/strong><\/h2>\n\n\n\n<p>Marie-Curie-Stra\u00dfe 15<br>66953 Pirmasens<br><br>Tel.:&nbsp;<a href=\"tel:+4963316888900\" data-type=\"tel\" data-id=\"tel:+4963316888900\">+49 6331 6888 900<\/a><br>Fax: +49 6331 6888 919<br><a href=\"mailto:info@pfi-bioraffinerietechnik.de\" data-type=\"mailto\" data-id=\"mailto:info@pfi-bioraffinerietechnik.de\">info@pfi-bioraffinerietechnik.de<\/a>&nbsp;<\/p>\n\n\n\n<div style=\"height:0px\" aria-hidden=\"true\" class=\"wp-block-spacer wp-container-content-8e98ba44\"><\/div>\n<\/div>\n\n\n\n<div class=\"wp-block-group is-vertical is-layout-flex wp-container-core-group-is-layout-fe9cc265 wp-block-group-is-layout-flex\">\n<figure class=\"wp-block-image size-full\"><img loading=\"lazy\" decoding=\"async\" width=\"200\" height=\"72\" src=\"https:\/\/pfi-germany.de\/wp-content\/uploads\/2024\/12\/csm_PFI_Fareast_PNG_8b97cada70.png\" alt=\"Logo PFI Fareast (Hong Kong) Co. Ltd.\" class=\"wp-image-1405\" srcset=\"https:\/\/pfi-germany.de\/wp-content\/uploads\/2024\/12\/csm_PFI_Fareast_PNG_8b97cada70.png 200w, https:\/\/pfi-germany.de\/wp-content\/uploads\/2024\/12\/csm_PFI_Fareast_PNG_8b97cada70-50x18.png 50w\" sizes=\"auto, (max-width: 200px) 100vw, 200px\" \/><\/figure>\n\n\n\n<h2 class=\"wp-block-heading has-pfi-blue-color has-text-color has-link-color wp-elements-cc8374f79bf8ae83ddf9e980d9557268\" style=\"font-size:clamp(0.984rem, 0.984rem + ((1vw - 0.2rem) * 0.86), 1.5rem);\"><strong><strong><strong><strong><strong>PFI Fareast (Hong Kong) Co. Ltd.<\/strong><\/strong><\/strong><\/strong><\/strong><\/h2>\n\n\n\n<p>Unit 709, 7\/F, Tins Enterprises Centre,<br>777 Lai Chi Kok Road,<br>Kowloon, SAR Hong Kong<br>\u9999\u6e2f\u4e5d\u9f8d\u8354\u679d\u89d2\u9053777\u865f<br>\u7530\u6c0f\u4f01\u696d\u4e2d\u5fc37\u6a13709\u5ba4<br><br>Tel.:&nbsp;<a href=\"tel:+85226763355\" data-type=\"tel\" data-id=\"tel:+85226763355\"><\/a><a href=\"tel:+85226763355\">+852 2676 3355<\/a><br>Fax: +852 2676 3377<br><a href=\"mailto:info@pfi.hk\" data-type=\"mailto\" data-id=\"mailto:info@pfi.hk\">info@pfi.hk<\/a><br><a href=\"https:\/\/pfi.hk\/\" target=\"_blank\" rel=\"noreferrer noopener\">www.pfi-fareast.hk<\/a>&nbsp;<\/p>\n\n\n\n<div style=\"height:0px\" aria-hidden=\"true\" class=\"wp-block-spacer wp-container-content-8e98ba44\"><\/div>\n<\/div>\n\n\n\n<div class=\"wp-block-group is-vertical is-layout-flex wp-container-core-group-is-layout-fe9cc265 wp-block-group-is-layout-flex\">\n<figure class=\"wp-block-image size-full\"><img loading=\"lazy\" decoding=\"async\" width=\"200\" height=\"72\" src=\"https:\/\/pfi-germany.de\/wp-content\/uploads\/2024\/12\/csm_PFI_Fareast_PNG_8b97cada70.png\" alt=\"Logo PFI Fareast Testing &amp; Technology Service Co. Ltd.\" class=\"wp-image-1405\" srcset=\"https:\/\/pfi-germany.de\/wp-content\/uploads\/2024\/12\/csm_PFI_Fareast_PNG_8b97cada70.png 200w, https:\/\/pfi-germany.de\/wp-content\/uploads\/2024\/12\/csm_PFI_Fareast_PNG_8b97cada70-50x18.png 50w\" sizes=\"auto, (max-width: 200px) 100vw, 200px\" \/><\/figure>\n\n\n\n<h2 class=\"wp-block-heading has-pfi-blue-color has-text-color has-link-color wp-elements-d3bb5e3d02763e2b02133dc2588f57d7\" style=\"font-size:clamp(0.984rem, 0.984rem + ((1vw - 0.2rem) * 0.86), 1.5rem);\"><strong><strong><strong><strong><strong><strong><strong>PFI Fareast Testing &amp; Technology Service Co. Ltd.<\/strong><\/strong><\/strong><\/strong><\/strong><\/strong><\/strong><\/h2>\n\n\n\n<p>PFI Fareast Building, Changfeng St., Xunmei Industrial Zone,<br>Eastern District of Quanzhou City, Fujian, VR China<br>\u798f\u5efa\u7701\u6cc9\u5dde\u5e02\u57ce\u4e1c\u6d54\u7f8e\u5de5\u4e1a\u533a\u957f\u4e30\u8857<br>PFI\u8fdc\u4e1c\u5927\u697c<br><br>Tel.:&nbsp;<a href=\"tel:+8659528021199\" data-type=\"tel\" data-id=\"tel:+8659528021199\"><\/a><a href=\"tel:+85226763355\"><\/a><a href=\"tel:+8659528021199\">+86 595 2802 1199<\/a><br>Fax: +86 595 2802 0866<br><a href=\"mailto:info@pfi-fareast.com\" data-type=\"mailto\" data-id=\"mailto:info@pfi-fareast.com\">info@pfi-fareast.com<\/a><br><a href=\"https:\/\/pfi.hk\/\" target=\"_blank\" rel=\"noreferrer noopener\">www.pfi-fareast.hk<\/a>&nbsp;<\/p>\n\n\n\n<div style=\"height:0px\" aria-hidden=\"true\" class=\"wp-block-spacer wp-container-content-8e98ba44\"><\/div>\n<\/div>\n<\/div>\n","protected":false},"excerpt":{"rendered":"<p>Standorte PFI Germany Pr\u00fcf- und Forschungs\u00adinstitutPirmasens e.V.Marie-Curie-Stra\u00dfe 1966953 Pirmasens Tel.:&nbsp;+49 6331 2490 0Fax: +49 6331 2490 60info@pfi-germany.de&nbsp;www.pfi-germany.de&nbsp; ISC Germany International ShoeCompetence CenterMarie-Curie-Stra\u00dfe 2066953 Pirmasens Tel.:&nbsp;+49 6331 2490 0Fax: +49 6331 2490 60info@isc-germany.de&nbsp; Zertifi\u00ad\u00adzierungs\u00ad\u00adstelle Pr\u00fcf- und ForschungsinstitutPirmasens\u00a0e.V.Marie-Curie-Str. 1966953 Pirmasens Tel.:\u00a0+49 6331 2490 810Fax: +49 6331 2276 09cert@pfi-germany.de PFI Bio\u00adtechno\u00adlogy Pr\u00fcf- und ForschungsinstitutPirmasens e.V.Marie-Curie-Stra\u00dfe 1966953 Pirmasens Tel.:&nbsp;+49 [&hellip;]<\/p>\n","protected":false},"author":1,"featured_media":0,"parent":1360,"menu_order":0,"comment_status":"closed","ping_status":"closed","template":"","meta":{"footnotes":""},"class_list":["post-1397","page","type-page","status-publish","hentry"],"yoast_head":"<!-- This site is optimized with the Yoast SEO plugin v27.3 - https:\/\/yoast.com\/product\/yoast-seo-wordpress\/ -->\n<title>Pr\u00fcf- und Forschungsinstitut Pirmasens e.V. Standorte<\/title>\n<meta name=\"description\" content=\"Pr\u00fcfung, Forschung, Zertifikate - hier finden Sie all unsere Standorte mit Anschrift und Kontaktm\u00f6glichkeiten.\" \/>\n<meta name=\"robots\" content=\"index, follow, max-snippet:-1, max-image-preview:large, max-video-preview:-1\" \/>\n<link rel=\"canonical\" href=\"https:\/\/pfi-germany.de\/de\/kontakt\/standorte\/\" \/>\n<meta property=\"og:locale\" content=\"de_DE\" \/>\n<meta property=\"og:type\" content=\"article\" \/>\n<meta property=\"og:title\" content=\"Pr\u00fcf- und Forschungsinstitut Pirmasens e.V. Standorte\" \/>\n<meta property=\"og:description\" content=\"Pr\u00fcfung, Forschung, Zertifikate - hier finden Sie all unsere Standorte mit Anschrift und Kontaktm\u00f6glichkeiten.\" \/>\n<meta property=\"og:url\" content=\"https:\/\/pfi-germany.de\/de\/kontakt\/standorte\/\" \/>\n<meta property=\"og:site_name\" content=\"Pr\u00fcf- und Forschungsinstitut Pirmasens e.V.\" \/>\n<meta property=\"article:publisher\" content=\"https:\/\/www.facebook.com\/people\/Pruef-und-Forschungsinstitut-Pirmasens-e-V\/100057088164342\/\" \/>\n<meta property=\"article:modified_time\" content=\"2025-07-09T12:47:51+00:00\" \/>\n<meta property=\"og:image\" content=\"https:\/\/pfi-germany.de\/wp-content\/uploads\/2024\/12\/csm_PFI_Germany_PNG_acbdcf093b.png\" \/>\n<meta name=\"twitter:card\" content=\"summary_large_image\" \/>\n<meta name=\"twitter:label1\" content=\"Gesch\u00e4tzte Lesezeit\" \/>\n\t<meta name=\"twitter:data1\" content=\"3\u00a0Minuten\" \/>\n<script type=\"application\/ld+json\" class=\"yoast-schema-graph\">{\"@context\":\"https:\\\/\\\/schema.org\",\"@graph\":[{\"@type\":\"WebPage\",\"@id\":\"https:\\\/\\\/pfi-germany.de\\\/kontakt\\\/standorte\\\/\",\"url\":\"https:\\\/\\\/pfi-germany.de\\\/kontakt\\\/standorte\\\/\",\"name\":\"Pr\u00fcf- und Forschungsinstitut Pirmasens e.V. Standorte\",\"isPartOf\":{\"@id\":\"https:\\\/\\\/pfi-germany.de\\\/de\\\/#website\"},\"primaryImageOfPage\":{\"@id\":\"https:\\\/\\\/pfi-germany.de\\\/kontakt\\\/standorte\\\/#primaryimage\"},\"image\":{\"@id\":\"https:\\\/\\\/pfi-germany.de\\\/kontakt\\\/standorte\\\/#primaryimage\"},\"thumbnailUrl\":\"https:\\\/\\\/pfi-germany.de\\\/wp-content\\\/uploads\\\/2024\\\/12\\\/csm_PFI_Germany_PNG_acbdcf093b.png\",\"datePublished\":\"2024-12-12T13:01:45+00:00\",\"dateModified\":\"2025-07-09T12:47:51+00:00\",\"description\":\"Pr\u00fcfung, Forschung, Zertifikate - hier finden Sie all unsere Standorte mit Anschrift und Kontaktm\u00f6glichkeiten.\",\"breadcrumb\":{\"@id\":\"https:\\\/\\\/pfi-germany.de\\\/kontakt\\\/standorte\\\/#breadcrumb\"},\"inLanguage\":\"de\",\"potentialAction\":[{\"@type\":\"ReadAction\",\"target\":[\"https:\\\/\\\/pfi-germany.de\\\/kontakt\\\/standorte\\\/\"]}]},{\"@type\":\"ImageObject\",\"inLanguage\":\"de\",\"@id\":\"https:\\\/\\\/pfi-germany.de\\\/kontakt\\\/standorte\\\/#primaryimage\",\"url\":\"https:\\\/\\\/pfi-germany.de\\\/wp-content\\\/uploads\\\/2024\\\/12\\\/csm_PFI_Germany_PNG_acbdcf093b.png\",\"contentUrl\":\"https:\\\/\\\/pfi-germany.de\\\/wp-content\\\/uploads\\\/2024\\\/12\\\/csm_PFI_Germany_PNG_acbdcf093b.png\"},{\"@type\":\"BreadcrumbList\",\"@id\":\"https:\\\/\\\/pfi-germany.de\\\/kontakt\\\/standorte\\\/#breadcrumb\",\"itemListElement\":[{\"@type\":\"ListItem\",\"position\":1,\"name\":\"Home\",\"item\":\"https:\\\/\\\/pfi-germany.de\\\/\"},{\"@type\":\"ListItem\",\"position\":2,\"name\":\"Kontakt\",\"item\":\"https:\\\/\\\/pfi-germany.de\\\/kontakt\\\/\"},{\"@type\":\"ListItem\",\"position\":3,\"name\":\"Standorte\"}]},{\"@type\":\"WebSite\",\"@id\":\"https:\\\/\\\/pfi-germany.de\\\/de\\\/#website\",\"url\":\"https:\\\/\\\/pfi-germany.de\\\/de\\\/\",\"name\":\"PFI 2024\",\"description\":\"\",\"publisher\":{\"@id\":\"https:\\\/\\\/pfi-germany.de\\\/de\\\/#organization\"},\"potentialAction\":[{\"@type\":\"SearchAction\",\"target\":{\"@type\":\"EntryPoint\",\"urlTemplate\":\"https:\\\/\\\/pfi-germany.de\\\/de\\\/?s={search_term_string}\"},\"query-input\":{\"@type\":\"PropertyValueSpecification\",\"valueRequired\":true,\"valueName\":\"search_term_string\"}}],\"inLanguage\":\"de\"},{\"@type\":\"Organization\",\"@id\":\"https:\\\/\\\/pfi-germany.de\\\/de\\\/#organization\",\"name\":\"PFI 2024\",\"url\":\"https:\\\/\\\/pfi-germany.de\\\/de\\\/\",\"logo\":{\"@type\":\"ImageObject\",\"inLanguage\":\"de\",\"@id\":\"https:\\\/\\\/pfi-germany.de\\\/de\\\/#\\\/schema\\\/logo\\\/image\\\/\",\"url\":\"https:\\\/\\\/pfi-germany.de\\\/wp-content\\\/uploads\\\/2024\\\/09\\\/logo.jpg\",\"contentUrl\":\"https:\\\/\\\/pfi-germany.de\\\/wp-content\\\/uploads\\\/2024\\\/09\\\/logo.jpg\",\"width\":329,\"height\":120,\"caption\":\"PFI 2024\"},\"image\":{\"@id\":\"https:\\\/\\\/pfi-germany.de\\\/de\\\/#\\\/schema\\\/logo\\\/image\\\/\"},\"sameAs\":[\"https:\\\/\\\/www.facebook.com\\\/people\\\/Pruef-und-Forschungsinstitut-Pirmasens-e-V\\\/100057088164342\\\/\",\"https:\\\/\\\/www.instagram.com\\\/pfi_germany\\\/\",\"https:\\\/\\\/www.youtube.com\\\/channel\\\/UCITCYhey0fqJRRjiH7Gw3sg\",\"https:\\\/\\\/de.linkedin.com\\\/company\\\/pfi-germany\"]}]}<\/script>\n<!-- \/ Yoast SEO plugin. -->","yoast_head_json":{"title":"Pr\u00fcf- und Forschungsinstitut Pirmasens e.V. Standorte","description":"Pr\u00fcfung, Forschung, Zertifikate - hier finden Sie all unsere Standorte mit Anschrift und Kontaktm\u00f6glichkeiten.","robots":{"index":"index","follow":"follow","max-snippet":"max-snippet:-1","max-image-preview":"max-image-preview:large","max-video-preview":"max-video-preview:-1"},"canonical":"https:\/\/pfi-germany.de\/de\/kontakt\/standorte\/","og_locale":"de_DE","og_type":"article","og_title":"Pr\u00fcf- und Forschungsinstitut Pirmasens e.V. Standorte","og_description":"Pr\u00fcfung, Forschung, Zertifikate - hier finden Sie all unsere Standorte mit Anschrift und Kontaktm\u00f6glichkeiten.","og_url":"https:\/\/pfi-germany.de\/de\/kontakt\/standorte\/","og_site_name":"Pr\u00fcf- und Forschungsinstitut Pirmasens e.V.","article_publisher":"https:\/\/www.facebook.com\/people\/Pruef-und-Forschungsinstitut-Pirmasens-e-V\/100057088164342\/","article_modified_time":"2025-07-09T12:47:51+00:00","og_image":[{"url":"https:\/\/pfi-germany.de\/wp-content\/uploads\/2024\/12\/csm_PFI_Germany_PNG_acbdcf093b.png","type":"","width":"","height":""}],"twitter_card":"summary_large_image","twitter_misc":{"Gesch\u00e4tzte Lesezeit":"3\u00a0Minuten"},"schema":{"@context":"https:\/\/schema.org","@graph":[{"@type":"WebPage","@id":"https:\/\/pfi-germany.de\/kontakt\/standorte\/","url":"https:\/\/pfi-germany.de\/kontakt\/standorte\/","name":"Pr\u00fcf- und Forschungsinstitut Pirmasens e.V. Standorte","isPartOf":{"@id":"https:\/\/pfi-germany.de\/de\/#website"},"primaryImageOfPage":{"@id":"https:\/\/pfi-germany.de\/kontakt\/standorte\/#primaryimage"},"image":{"@id":"https:\/\/pfi-germany.de\/kontakt\/standorte\/#primaryimage"},"thumbnailUrl":"https:\/\/pfi-germany.de\/wp-content\/uploads\/2024\/12\/csm_PFI_Germany_PNG_acbdcf093b.png","datePublished":"2024-12-12T13:01:45+00:00","dateModified":"2025-07-09T12:47:51+00:00","description":"Pr\u00fcfung, Forschung, Zertifikate - hier finden Sie all unsere Standorte mit Anschrift und Kontaktm\u00f6glichkeiten.","breadcrumb":{"@id":"https:\/\/pfi-germany.de\/kontakt\/standorte\/#breadcrumb"},"inLanguage":"de","potentialAction":[{"@type":"ReadAction","target":["https:\/\/pfi-germany.de\/kontakt\/standorte\/"]}]},{"@type":"ImageObject","inLanguage":"de","@id":"https:\/\/pfi-germany.de\/kontakt\/standorte\/#primaryimage","url":"https:\/\/pfi-germany.de\/wp-content\/uploads\/2024\/12\/csm_PFI_Germany_PNG_acbdcf093b.png","contentUrl":"https:\/\/pfi-germany.de\/wp-content\/uploads\/2024\/12\/csm_PFI_Germany_PNG_acbdcf093b.png"},{"@type":"BreadcrumbList","@id":"https:\/\/pfi-germany.de\/kontakt\/standorte\/#breadcrumb","itemListElement":[{"@type":"ListItem","position":1,"name":"Home","item":"https:\/\/pfi-germany.de\/"},{"@type":"ListItem","position":2,"name":"Kontakt","item":"https:\/\/pfi-germany.de\/kontakt\/"},{"@type":"ListItem","position":3,"name":"Standorte"}]},{"@type":"WebSite","@id":"https:\/\/pfi-germany.de\/de\/#website","url":"https:\/\/pfi-germany.de\/de\/","name":"PFI 2024","description":"","publisher":{"@id":"https:\/\/pfi-germany.de\/de\/#organization"},"potentialAction":[{"@type":"SearchAction","target":{"@type":"EntryPoint","urlTemplate":"https:\/\/pfi-germany.de\/de\/?s={search_term_string}"},"query-input":{"@type":"PropertyValueSpecification","valueRequired":true,"valueName":"search_term_string"}}],"inLanguage":"de"},{"@type":"Organization","@id":"https:\/\/pfi-germany.de\/de\/#organization","name":"PFI 2024","url":"https:\/\/pfi-germany.de\/de\/","logo":{"@type":"ImageObject","inLanguage":"de","@id":"https:\/\/pfi-germany.de\/de\/#\/schema\/logo\/image\/","url":"https:\/\/pfi-germany.de\/wp-content\/uploads\/2024\/09\/logo.jpg","contentUrl":"https:\/\/pfi-germany.de\/wp-content\/uploads\/2024\/09\/logo.jpg","width":329,"height":120,"caption":"PFI 2024"},"image":{"@id":"https:\/\/pfi-germany.de\/de\/#\/schema\/logo\/image\/"},"sameAs":["https:\/\/www.facebook.com\/people\/Pruef-und-Forschungsinstitut-Pirmasens-e-V\/100057088164342\/","https:\/\/www.instagram.com\/pfi_germany\/","https:\/\/www.youtube.com\/channel\/UCITCYhey0fqJRRjiH7Gw3sg","https:\/\/de.linkedin.com\/company\/pfi-germany"]}]}},"_links":{"self":[{"href":"https:\/\/pfi-germany.de\/de\/wp-json\/wp\/v2\/pages\/1397","targetHints":{"allow":["GET"]}}],"collection":[{"href":"https:\/\/pfi-germany.de\/de\/wp-json\/wp\/v2\/pages"}],"about":[{"href":"https:\/\/pfi-germany.de\/de\/wp-json\/wp\/v2\/types\/page"}],"author":[{"embeddable":true,"href":"https:\/\/pfi-germany.de\/de\/wp-json\/wp\/v2\/users\/1"}],"replies":[{"embeddable":true,"href":"https:\/\/pfi-germany.de\/de\/wp-json\/wp\/v2\/comments?post=1397"}],"version-history":[{"count":12,"href":"https:\/\/pfi-germany.de\/de\/wp-json\/wp\/v2\/pages\/1397\/revisions"}],"predecessor-version":[{"id":6723,"href":"https:\/\/pfi-germany.de\/de\/wp-json\/wp\/v2\/pages\/1397\/revisions\/6723"}],"up":[{"embeddable":true,"href":"https:\/\/pfi-germany.de\/de\/wp-json\/wp\/v2\/pages\/1360"}],"wp:attachment":[{"href":"https:\/\/pfi-germany.de\/de\/wp-json\/wp\/v2\/media?parent=1397"}],"curies":[{"name":"wp","href":"https:\/\/api.w.org\/{rel}","templated":true}]}}